{"id":4660,"date":"2021-08-14T23:43:28","date_gmt":"2021-08-14T21:43:28","guid":{"rendered":"https:\/\/www.sentou2021.malibellule.com\/?post_type=product&#038;p=4660"},"modified":"2025-01-19T18:20:04","modified_gmt":"2025-01-19T16:20:04","slug":"verre-a-bordeaux-cryptogamme-x4","status":"publish","type":"product","link":"https:\/\/sentou.fr\/el\/produit\/verre-a-bordeaux-cryptogamme-x4\/","title":{"rendered":"Verre \u00e0 Bordeaux Cryptogamme x4"},"content":{"rendered":"<p><span style=\"color: #000000;\"><strong style=\"font-weight: bold; color: #4f4f4f;\">Dimensions :<\/strong><span style=\"color: #4f4f4f;\"> H 9,5 cm, \u00d8 4 &#8211; 6,5 cm<\/span><br style=\"color: #4f4f4f;\" \/><\/span><\/p>\n<p><span style=\"color: #000000;\"><strong style=\"font-weight: bold; color: #4f4f4f;\">Mat\u00e9riaux :<\/strong><span style=\"color: #4f4f4f;\"> Cristallin<\/span><br \/>\n<\/span><\/p>","protected":false},"excerpt":{"rendered":"<p>Le verre \u00e0 Bordeaux Cryptogamme fait partie de la collection Art de la Table dessin\u00e9e par Roger Tallon en 1967, r\u00e9\u00e9dit\u00e9e par Sentou en 2016.<\/p>\n<p>Elle inspirera la collection de mobilier Cryptogamme imagin\u00e9e pour un projet de caf\u00e9t\u00e9ria du Grand Palais en 1969.<\/p>\n<p>La s\u00e9rie de verres Cryptogamme se d\u00e9cline en 5 tailles, du verre \u00e0 eau-de-vie au verre \u00e0 eau.<\/p>\n<p>Comme tous les verres de cette s\u00e9rie, le verre \u00e0 Bordeaux est vendu par 4 dans un coffret sign\u00e9.<\/p>","protected":false},"featured_media":4859,"template":"","meta":{"site-sidebar-layout":"default","site-content-layout":"default","ast-site-content-layout":"default","site-content-style":"default","site-sidebar-style":"default","ast-global-header-display":"","ast-banner-title-visibility":"","ast-main-header-display":"","ast-hfb-above-header-display":"","ast-hfb-below-header-display":"","ast-hfb-mobile-header-display":"","site-post-title":"","ast-breadcrumbs-content":"","ast-featured-img":"","footer-sml-layout":"","ast-disable-related-posts":"","theme-transparent-header-meta":"default","adv-header-id-meta":"","stick-header-meta":"default","header-above-stick-meta":"","header-main-stick-meta":"","header-below-stick-meta":"","astra-migrate-meta-layouts":"set","ast-page-background-enabled":"default","ast-page-background-meta":{"desktop":{"background-color":"","background-image":"","background-repeat":"repeat","background-position":"center center","background-size":"auto","background-attachment":"scroll","background-type":"","background-media":"","overlay-type":"","overlay-color":"","overlay-opacity":"","overlay-gradient":""},"tablet":{"background-color":"","background-image":"","background-repeat":"repeat","background-position":"center center","background-size":"auto","background-attachment":"scroll","background-type":"","background-media":"","overlay-type":"","overlay-color":"","overlay-opacity":"","overlay-gradient":""},"mobile":{"background-color":"","background-image":"","background-repeat":"repeat","background-position":"center center","background-size":"auto","background-attachment":"scroll","background-type":"","background-media":"","overlay-type":"","overlay-color":"","overlay-opacity":"","overlay-gradient":""}},"ast-content-background-meta":{"desktop":{"background-color":"var(--ast-global-color-5)","background-image":"","background-repeat":"repeat","background-position":"center center","background-size":"auto","background-attachment":"scroll","background-type":"","background-media":"","overlay-type":"","overlay-color":"","overlay-opacity":"","overlay-gradient":""},"tablet":{"background-color":"var(--ast-global-color-5)","background-image":"","background-repeat":"repeat","background-position":"center center","background-size":"auto","background-attachment":"scroll","background-type":"","background-media":"","overlay-type":"","overlay-color":"","overlay-opacity":"","overlay-gradient":""},"mobile":{"background-color":"var(--ast-global-color-5)","background-image":"","background-repeat":"repeat","background-position":"center center","background-size":"auto","background-attachment":"scroll","background-type":"","background-media":"","overlay-type":"","overlay-color":"","overlay-opacity":"","overlay-gradient":""}}},"product_brand":[],"product_cat":[26,299,573,74,87],"product_tag":[206,221],"class_list":{"0":"post-4660","1":"product","2":"type-product","3":"status-publish","4":"has-post-thumbnail","6":"product_cat-art-de-la-table","7":"product_cat-cadeaux","8":"product_cat-design","9":"product_cat-roger-tallon","10":"product_cat-vaisselle","11":"product_tag-cryptogamme","12":"product_tag-roger-tallon","13":"desktop-align-left","14":"tablet-align-left","15":"mobile-align-left","16":"ast-product-gallery-layout-horizontal","17":"ast-qv-on-image","19":"first","20":"instock","21":"taxable","22":"shipping-taxable","23":"purchasable","24":"product-type-simple"},"_links":{"self":[{"href":"https:\/\/sentou.fr\/el\/wp-json\/wp\/v2\/product\/4660","targetHints":{"allow":["GET"]}}],"collection":[{"href":"https:\/\/sentou.fr\/el\/wp-json\/wp\/v2\/product"}],"about":[{"href":"https:\/\/sentou.fr\/el\/wp-json\/wp\/v2\/types\/product"}],"wp:featuredmedia":[{"embeddable":true,"href":"https:\/\/sentou.fr\/el\/wp-json\/wp\/v2\/media\/4859"}],"wp:attachment":[{"href":"https:\/\/sentou.fr\/el\/wp-json\/wp\/v2\/media?parent=4660"}],"wp:term":[{"taxonomy":"product_brand","embeddable":true,"href":"https:\/\/sentou.fr\/el\/wp-json\/wp\/v2\/product_brand?post=4660"},{"taxonomy":"product_cat","embeddable":true,"href":"https:\/\/sentou.fr\/el\/wp-json\/wp\/v2\/product_cat?post=4660"},{"taxonomy":"product_tag","embeddable":true,"href":"https:\/\/sentou.fr\/el\/wp-json\/wp\/v2\/product_tag?post=4660"}],"curies":[{"name":"wp","href":"https:\/\/api.w.org\/{rel}","templated":true}]}}