{"id":8803,"date":"2021-11-29T17:54:43","date_gmt":"2021-11-29T15:54:43","guid":{"rendered":"https:\/\/sentou.fr\/?post_type=product&#038;p=8803"},"modified":"2026-01-25T19:19:10","modified_gmt":"2026-01-25T17:19:10","slug":"mobile-olivum","status":"publish","type":"product","link":"https:\/\/sentou.fr\/el\/produit\/mobile-olivum\/","title":{"rendered":"Mobile OLIVUM"},"content":{"rendered":"<p>Mobile OLIVUM<\/p>\n<ul>\n<li><strong>Dimensions : <\/strong>L 115cm \u00a0x H 65 cm<\/li>\n<li><strong>Mat\u00e9riaux : <\/strong>Aluminium\u00a0\u00e9maill\u00e9 et tiges en acier inoxydable<\/li>\n<li><strong>Coloris:<\/strong> Noir et Rouge<\/li>\n<li><strong>Informations compl\u00e9mentaires :<\/strong> <span data-sheets-value=\"{&quot;1&quot;:2,&quot;2&quot;:&quot;Usage r\u00e9serv\u00e9 \u00e0 l'int\u00e9rieur&quot;}\" data-sheets-userformat=\"{&quot;2&quot;:6659,&quot;3&quot;:{&quot;1&quot;:0},&quot;4&quot;:{&quot;1&quot;:2,&quot;2&quot;:16777215},&quot;12&quot;:0,&quot;14&quot;:{&quot;1&quot;:2,&quot;2&quot;:0},&quot;15&quot;:&quot;Roboto, RobotoDraft, Helvetica, Arial, sans-serif&quot;}\">Usage r\u00e9serv\u00e9 \u00e0 l&rsquo;int\u00e9rieur<\/span><\/li>\n<\/ul>\n<hr \/>\n<p>Tout a commenc\u00e9 par une passion pour les mobiles suspendus, Judit Benach a commenc\u00e9 \u00e0 en cr\u00e9er pour son plaisir, d&rsquo;abord pour sa maison, puis pour quelques amis. Petit \u00e0 petit, elle a donn\u00e9 naissance \u00e0 SOLITO MOBILES.<\/p>\n<p>Judit fabrique ses mobiles artisanalement \u00e0 Majorque, en Espagne, influenc\u00e9e par la lumi\u00e8re de cette \u00eele m\u00e9diterran\u00e9enne qu\u2019elle aime plus que tout , mais aussi par l&rsquo;h\u00e9ritage artistique des grands artistes pluridisciplinaires du XXe si\u00e8cle tels qu\u2019Alexandre Calder, Joan Mir\u00f3 et ses couleurs dominantes, Malevich et sa g\u00e9om\u00e9trie sans pr\u00e9c\u00e9dent ou le design inventif de Bruno Munari.<\/p>","protected":false},"excerpt":{"rendered":"<p>Le mobile OLIVUM est un hommage \u00e0 l&rsquo;olivier (\u00ab\u00a0olivum\u00a0\u00bb en latin), une beaut\u00e9 naturelle \u00e9troitement li\u00e9e \u00e0 la culture et \u00e0 la tradition de l\u2019Ile de Majorque, l&rsquo;image la plus embl\u00e9matique des paysages chers \u00e0 sa cr\u00e9atrice, Judit Benach\u2026<\/p>\n<p>Les mobiles SOLITO sont fabriqu\u00e9s \u00e0 la main et soigneusement \u00e9quilibr\u00e9s un par un.<\/p>\n<p><strong>Dimensions :<\/strong> Largeur totale 115cm &#8211; Hauteur totale 65cm &#8211; taille et coloris unique.<\/p>\n<p><strong>Couleurs :<\/strong> Noir et rouge.<\/p>\n<p><strong>Mat\u00e9riaux :<\/strong> Formes en aluminium et tige en acier inoxydable. Peint \u00e0 la main avec un \u00e9mail \u00e9cologique \u00e0 base d&rsquo;eau.<\/p>","protected":false},"featured_media":8640,"template":"","meta":{"site-sidebar-layout":"default","site-content-layout":"default","ast-site-content-layout":"default","site-content-style":"default","site-sidebar-style":"default","ast-global-header-display":"","ast-banner-title-visibility":"","ast-main-header-display":"","ast-hfb-above-header-display":"","ast-hfb-below-header-display":"","ast-hfb-mobile-header-display":"","site-post-title":"","ast-breadcrumbs-content":"","ast-featured-img":"","footer-sml-layout":"","ast-disable-related-posts":"","theme-transparent-header-meta":"default","adv-header-id-meta":"","stick-header-meta":"default","header-above-stick-meta":"","header-main-stick-meta":"","header-below-stick-meta":"","astra-migrate-meta-layouts":"set","ast-page-background-enabled":"default","ast-page-background-meta":{"desktop":{"background-color":"","background-image":"","background-repeat":"repeat","background-position":"center center","background-size":"auto","background-attachment":"scroll","background-type":"","background-media":"","overlay-type":"","overlay-color":"","overlay-opacity":"","overlay-gradient":""},"tablet":{"background-color":"","background-image":"","background-repeat":"repeat","background-position":"center center","background-size":"auto","background-attachment":"scroll","background-type":"","background-media":"","overlay-type":"","overlay-color":"","overlay-opacity":"","overlay-gradient":""},"mobile":{"background-color":"","background-image":"","background-repeat":"repeat","background-position":"center center","background-size":"auto","background-attachment":"scroll","background-type":"","background-media":"","overlay-type":"","overlay-color":"","overlay-opacity":"","overlay-gradient":""}},"ast-content-background-meta":{"desktop":{"background-color":"var(--ast-global-color-5)","background-image":"","background-repeat":"repeat","background-position":"center center","background-size":"auto","background-attachment":"scroll","background-type":"","background-media":"","overlay-type":"","overlay-color":"","overlay-opacity":"","overlay-gradient":""},"tablet":{"background-color":"var(--ast-global-color-5)","background-image":"","background-repeat":"repeat","background-position":"center center","background-size":"auto","background-attachment":"scroll","background-type":"","background-media":"","overlay-type":"","overlay-color":"","overlay-opacity":"","overlay-gradient":""},"mobile":{"background-color":"var(--ast-global-color-5)","background-image":"","background-repeat":"repeat","background-position":"center center","background-size":"auto","background-attachment":"scroll","background-type":"","background-media":"","overlay-type":"","overlay-color":"","overlay-opacity":"","overlay-gradient":""}}},"product_brand":[],"product_cat":[19,573,202,90],"product_tag":[224,208],"class_list":{"0":"post-8803","1":"product","2":"type-product","3":"status-publish","4":"has-post-thumbnail","6":"product_cat-deco","7":"product_cat-design","8":"product_cat-judit-benach","9":"product_cat-mobiles","10":"product_tag-judit-benach","11":"product_tag-solito-mobiles","12":"desktop-align-left","13":"tablet-align-left","14":"mobile-align-left","15":"ast-product-gallery-layout-horizontal","16":"ast-qv-on-image","18":"first","19":"outofstock","20":"taxable","21":"shipping-taxable","22":"purchasable","23":"product-type-simple"},"_links":{"self":[{"href":"https:\/\/sentou.fr\/el\/wp-json\/wp\/v2\/product\/8803","targetHints":{"allow":["GET"]}}],"collection":[{"href":"https:\/\/sentou.fr\/el\/wp-json\/wp\/v2\/product"}],"about":[{"href":"https:\/\/sentou.fr\/el\/wp-json\/wp\/v2\/types\/product"}],"wp:featuredmedia":[{"embeddable":true,"href":"https:\/\/sentou.fr\/el\/wp-json\/wp\/v2\/media\/8640"}],"wp:attachment":[{"href":"https:\/\/sentou.fr\/el\/wp-json\/wp\/v2\/media?parent=8803"}],"wp:term":[{"taxonomy":"product_brand","embeddable":true,"href":"https:\/\/sentou.fr\/el\/wp-json\/wp\/v2\/product_brand?post=8803"},{"taxonomy":"product_cat","embeddable":true,"href":"https:\/\/sentou.fr\/el\/wp-json\/wp\/v2\/product_cat?post=8803"},{"taxonomy":"product_tag","embeddable":true,"href":"https:\/\/sentou.fr\/el\/wp-json\/wp\/v2\/product_tag?post=8803"}],"curies":[{"name":"wp","href":"https:\/\/api.w.org\/{rel}","templated":true}]}}