{"id":8809,"date":"2024-11-15T10:07:11","date_gmt":"2024-11-15T08:07:11","guid":{"rendered":"https:\/\/sentou.fr\/?post_type=product&#038;p=8809"},"modified":"2025-04-24T19:19:56","modified_gmt":"2025-04-24T17:19:56","slug":"mobile-sol-red","status":"publish","type":"product","link":"https:\/\/sentou.fr\/el\/produit\/mobile-sol-red\/","title":{"rendered":"Mobile SOL RED"},"content":{"rendered":"<p>Mobile SOL RED<\/p>\n<ul>\n<li><strong>Dimensions : <\/strong>L 120cm \u00a0x H 50 cm<\/li>\n<li><strong>Mat\u00e9riaux : <\/strong>Aluminium\u00a0\u00e9maill\u00e9 et tiges en acier inoxydable<\/li>\n<li><strong>Coloris:<\/strong> Rouge avec une pastille blanche<\/li>\n<li><strong>Informations compl\u00e9mentaires :<\/strong> <span data-sheets-value=\"{&quot;1&quot;:2,&quot;2&quot;:&quot;Usage r\u00e9serv\u00e9 \u00e0 l'int\u00e9rieur&quot;}\" data-sheets-userformat=\"{&quot;2&quot;:6659,&quot;3&quot;:{&quot;1&quot;:0},&quot;4&quot;:{&quot;1&quot;:2,&quot;2&quot;:16777215},&quot;12&quot;:0,&quot;14&quot;:{&quot;1&quot;:2,&quot;2&quot;:0},&quot;15&quot;:&quot;Roboto, RobotoDraft, Helvetica, Arial, sans-serif&quot;}\">Usage r\u00e9serv\u00e9 \u00e0 l&rsquo;int\u00e9rieur<\/span><\/li>\n<\/ul>\n<hr \/>\n<p>Tout a commenc\u00e9 par une passion pour les mobiles suspendus, Judit Benach a commenc\u00e9 \u00e0 en cr\u00e9er pour son plaisir, d&rsquo;abord pour sa maison, puis pour quelques amis. Petit \u00e0 petit, elle a donn\u00e9 naissance \u00e0 SOLITO MOBILES.<\/p>\n<p>Judit fabrique ses mobiles artisanalement \u00e0 Majorque, en Espagne, influenc\u00e9e par la lumi\u00e8re de cette \u00eele m\u00e9diterran\u00e9enne qu\u2019elle aime plus que tout , mais aussi par l&rsquo;h\u00e9ritage artistique des grands artistes pluridisciplinaires du XXe si\u00e8cle tels qu\u2019Alexandre Calder, Joan Mir\u00f3 et ses couleurs dominantes, Malevich et sa g\u00e9om\u00e9trie sans pr\u00e9c\u00e9dent ou le design inventif de Bruno Munari.<\/p>\n<p>&nbsp;<\/p>","protected":false},"excerpt":{"rendered":"<p>Le soleil rentre dans la maison avec le mobile SOL RED\u2026 une touche de fantaisie, de po\u00e9sie et d\u2019\u00e9quilibre\u2026<\/p>\n<p>Les mobiles SOLITO sont fabriqu\u00e9s \u00e0 la main et soigneusement \u00e9quilibr\u00e9s un par un.<\/p>\n<p><strong>Dimensions :<\/strong> Largeur totale 120cm &#8211; Hauteur totale 50cm &#8211; taille et coloris unique.<\/p>\n<p><strong>Coloris :<\/strong>\u00a0 Rouge avec une pastille blanche.<\/p>\n<p><strong>Mat\u00e9riaux :<\/strong> Formes en aluminium et tige en acier inoxydable. Peint \u00e0 la main avec un email \u00e9cologique \u00e0 base d&rsquo;eau<\/p>","protected":false},"featured_media":8659,"template":"","meta":{"site-sidebar-layout":"default","site-content-layout":"default","ast-site-content-layout":"default","site-content-style":"default","site-sidebar-style":"default","ast-global-header-display":"","ast-banner-title-visibility":"","ast-main-header-display":"","ast-hfb-above-header-display":"","ast-hfb-below-header-display":"","ast-hfb-mobile-header-display":"","site-post-title":"","ast-breadcrumbs-content":"","ast-featured-img":"","footer-sml-layout":"","ast-disable-related-posts":"","theme-transparent-header-meta":"default","adv-header-id-meta":"","stick-header-meta":"default","header-above-stick-meta":"","header-main-stick-meta":"","header-below-stick-meta":"","astra-migrate-meta-layouts":"set","ast-page-background-enabled":"default","ast-page-background-meta":{"desktop":{"background-color":"","background-image":"","background-repeat":"repeat","background-position":"center center","background-size":"auto","background-attachment":"scroll","background-type":"","background-media":"","overlay-type":"","overlay-color":"","overlay-opacity":"","overlay-gradient":""},"tablet":{"background-color":"","background-image":"","background-repeat":"repeat","background-position":"center center","background-size":"auto","background-attachment":"scroll","background-type":"","background-media":"","overlay-type":"","overlay-color":"","overlay-opacity":"","overlay-gradient":""},"mobile":{"background-color":"","background-image":"","background-repeat":"repeat","background-position":"center center","background-size":"auto","background-attachment":"scroll","background-type":"","background-media":"","overlay-type":"","overlay-color":"","overlay-opacity":"","overlay-gradient":""}},"ast-content-background-meta":{"desktop":{"background-color":"var(--ast-global-color-5)","background-image":"","background-repeat":"repeat","background-position":"center center","background-size":"auto","background-attachment":"scroll","background-type":"","background-media":"","overlay-type":"","overlay-color":"","overlay-opacity":"","overlay-gradient":""},"tablet":{"background-color":"var(--ast-global-color-5)","background-image":"","background-repeat":"repeat","background-position":"center center","background-size":"auto","background-attachment":"scroll","background-type":"","background-media":"","overlay-type":"","overlay-color":"","overlay-opacity":"","overlay-gradient":""},"mobile":{"background-color":"var(--ast-global-color-5)","background-image":"","background-repeat":"repeat","background-position":"center center","background-size":"auto","background-attachment":"scroll","background-type":"","background-media":"","overlay-type":"","overlay-color":"","overlay-opacity":"","overlay-gradient":""}}},"product_brand":[],"product_cat":[19,570,202,90],"product_tag":[224,208],"class_list":{"0":"post-8809","1":"product","2":"type-product","3":"status-publish","4":"has-post-thumbnail","6":"product_cat-deco","7":"product_cat-collectors","8":"product_cat-judit-benach","9":"product_cat-mobiles","10":"product_tag-judit-benach","11":"product_tag-solito-mobiles","12":"desktop-align-left","13":"tablet-align-left","14":"mobile-align-left","15":"ast-product-gallery-layout-horizontal","16":"ast-qv-on-image","18":"first","19":"outofstock","20":"taxable","21":"shipping-taxable","22":"purchasable","23":"product-type-simple"},"_links":{"self":[{"href":"https:\/\/sentou.fr\/el\/wp-json\/wp\/v2\/product\/8809","targetHints":{"allow":["GET"]}}],"collection":[{"href":"https:\/\/sentou.fr\/el\/wp-json\/wp\/v2\/product"}],"about":[{"href":"https:\/\/sentou.fr\/el\/wp-json\/wp\/v2\/types\/product"}],"wp:featuredmedia":[{"embeddable":true,"href":"https:\/\/sentou.fr\/el\/wp-json\/wp\/v2\/media\/8659"}],"wp:attachment":[{"href":"https:\/\/sentou.fr\/el\/wp-json\/wp\/v2\/media?parent=8809"}],"wp:term":[{"taxonomy":"product_brand","embeddable":true,"href":"https:\/\/sentou.fr\/el\/wp-json\/wp\/v2\/product_brand?post=8809"},{"taxonomy":"product_cat","embeddable":true,"href":"https:\/\/sentou.fr\/el\/wp-json\/wp\/v2\/product_cat?post=8809"},{"taxonomy":"product_tag","embeddable":true,"href":"https:\/\/sentou.fr\/el\/wp-json\/wp\/v2\/product_tag?post=8809"}],"curies":[{"name":"wp","href":"https:\/\/api.w.org\/{rel}","templated":true}]}}