{"id":8813,"date":"2023-07-06T11:00:48","date_gmt":"2023-07-06T09:00:48","guid":{"rendered":"https:\/\/sentou.fr\/?post_type=product&#038;p=8813"},"modified":"2024-10-05T12:19:38","modified_gmt":"2024-10-05T10:19:38","slug":"mobile-kazimir","status":"publish","type":"product","link":"https:\/\/sentou.fr\/el\/produit\/mobile-kazimir\/","title":{"rendered":"Mobile KAZIMIR"},"content":{"rendered":"<ul>\n<li><strong>Dimensions : <\/strong>L 65cm \u00a0x H 95 cm<\/li>\n<li><strong>Mat\u00e9riaux : <\/strong>Aluminium\u00a0\u00e9maill\u00e9 et tiges en acier inoxydable<\/li>\n<li><strong>Coloris:<\/strong> multicolore<\/li>\n<li><strong>Informations compl\u00e9mentaires :<\/strong> <span data-sheets-value=\"{&quot;1&quot;:2,&quot;2&quot;:&quot;Usage r\u00e9serv\u00e9 \u00e0 l'int\u00e9rieur&quot;}\" data-sheets-userformat=\"{&quot;2&quot;:6659,&quot;3&quot;:{&quot;1&quot;:0},&quot;4&quot;:{&quot;1&quot;:2,&quot;2&quot;:16777215},&quot;12&quot;:0,&quot;14&quot;:{&quot;1&quot;:2,&quot;2&quot;:0},&quot;15&quot;:&quot;Roboto, RobotoDraft, Helvetica, Arial, sans-serif&quot;}\">Usage r\u00e9serv\u00e9 \u00e0 l&rsquo;int\u00e9rieur<\/span><\/li>\n<\/ul>\n<hr \/>\n<p>Tout a commenc\u00e9 par une passion pour les mobiles suspendus, Judit Benach a commenc\u00e9 \u00e0 en cr\u00e9er pour son plaisir, d&rsquo;abord pour sa maison, puis pour quelques amis. Petit \u00e0 petit, elle a donn\u00e9 naissance \u00e0 SOLITO MOBILES.<\/p>\n<p>Judit fabrique ses mobiles artisanalement \u00e0 Majorque, en Espagne, influenc\u00e9e par la lumi\u00e8re de cette \u00eele m\u00e9diterran\u00e9enne qu\u2019elle aime plus que tout, mais aussi par l&rsquo;h\u00e9ritage artistique des grands artistes pluridisciplinaires du XXe si\u00e8cle tels qu\u2019Alexandre Calder, Joan Mir\u00f3 et ses couleurs dominantes, Malevich et sa g\u00e9om\u00e9trie sans pr\u00e9c\u00e9dent ou le design inventif de Bruno Munari.<\/p>","protected":false},"excerpt":{"rendered":"<p>Le mobile KAZIMIR est inspir\u00e9 par l&rsquo;art g\u00e9om\u00e9trique de Kazimir Malevich et son id\u00e9e de l&rsquo;\u00e9nergie des formes et des couleurs.<\/p>\n<p>Les mobiles SOLITO sont fabriqu\u00e9s \u00e0 la main et soigneusement \u00e9quilibr\u00e9s un par un.<\/p>\n<p><strong>Dimensions :<\/strong> Largeur totale 65cm &#8211; Hauteur totale 95cm &#8211; taille et coloris unique.<\/p>\n<p><strong>Coloris :<\/strong> Multicolore.<\/p>\n<p><strong>Mat\u00e9riaux :<\/strong> Formes en aluminium et tige en acier inoxydable. Peint \u00e0 la main avec un email \u00e9cologique \u00e0 base d&rsquo;eau<\/p>","protected":false},"featured_media":8637,"template":"","meta":{"site-sidebar-layout":"default","site-content-layout":"default","ast-site-content-layout":"default","site-content-style":"default","site-sidebar-style":"default","ast-global-header-display":"","ast-banner-title-visibility":"","ast-main-header-display":"","ast-hfb-above-header-display":"","ast-hfb-below-header-display":"","ast-hfb-mobile-header-display":"","site-post-title":"","ast-breadcrumbs-content":"","ast-featured-img":"","footer-sml-layout":"","ast-disable-related-posts":"","theme-transparent-header-meta":"default","adv-header-id-meta":"","stick-header-meta":"default","header-above-stick-meta":"","header-main-stick-meta":"","header-below-stick-meta":"","astra-migrate-meta-layouts":"set","ast-page-background-enabled":"default","ast-page-background-meta":{"desktop":{"background-color":"","background-image":"","background-repeat":"repeat","background-position":"center center","background-size":"auto","background-attachment":"scroll","background-type":"","background-media":"","overlay-type":"","overlay-color":"","overlay-opacity":"","overlay-gradient":""},"tablet":{"background-color":"","background-image":"","background-repeat":"repeat","background-position":"center center","background-size":"auto","background-attachment":"scroll","background-type":"","background-media":"","overlay-type":"","overlay-color":"","overlay-opacity":"","overlay-gradient":""},"mobile":{"background-color":"","background-image":"","background-repeat":"repeat","background-position":"center center","background-size":"auto","background-attachment":"scroll","background-type":"","background-media":"","overlay-type":"","overlay-color":"","overlay-opacity":"","overlay-gradient":""}},"ast-content-background-meta":{"desktop":{"background-color":"var(--ast-global-color-5)","background-image":"","background-repeat":"repeat","background-position":"center center","background-size":"auto","background-attachment":"scroll","background-type":"","background-media":"","overlay-type":"","overlay-color":"","overlay-opacity":"","overlay-gradient":""},"tablet":{"background-color":"var(--ast-global-color-5)","background-image":"","background-repeat":"repeat","background-position":"center center","background-size":"auto","background-attachment":"scroll","background-type":"","background-media":"","overlay-type":"","overlay-color":"","overlay-opacity":"","overlay-gradient":""},"mobile":{"background-color":"var(--ast-global-color-5)","background-image":"","background-repeat":"repeat","background-position":"center center","background-size":"auto","background-attachment":"scroll","background-type":"","background-media":"","overlay-type":"","overlay-color":"","overlay-opacity":"","overlay-gradient":""}}},"product_brand":[],"product_cat":[19,202,90],"product_tag":[224,208],"class_list":{"0":"post-8813","1":"product","2":"type-product","3":"status-publish","4":"has-post-thumbnail","6":"product_cat-deco","7":"product_cat-judit-benach","8":"product_cat-mobiles","9":"product_tag-judit-benach","10":"product_tag-solito-mobiles","11":"desktop-align-left","12":"tablet-align-left","13":"mobile-align-left","14":"ast-product-gallery-layout-horizontal","15":"ast-qv-on-image","17":"first","18":"instock","19":"taxable","20":"shipping-taxable","21":"purchasable","22":"product-type-simple"},"_links":{"self":[{"href":"https:\/\/sentou.fr\/el\/wp-json\/wp\/v2\/product\/8813","targetHints":{"allow":["GET"]}}],"collection":[{"href":"https:\/\/sentou.fr\/el\/wp-json\/wp\/v2\/product"}],"about":[{"href":"https:\/\/sentou.fr\/el\/wp-json\/wp\/v2\/types\/product"}],"wp:featuredmedia":[{"embeddable":true,"href":"https:\/\/sentou.fr\/el\/wp-json\/wp\/v2\/media\/8637"}],"wp:attachment":[{"href":"https:\/\/sentou.fr\/el\/wp-json\/wp\/v2\/media?parent=8813"}],"wp:term":[{"taxonomy":"product_brand","embeddable":true,"href":"https:\/\/sentou.fr\/el\/wp-json\/wp\/v2\/product_brand?post=8813"},{"taxonomy":"product_cat","embeddable":true,"href":"https:\/\/sentou.fr\/el\/wp-json\/wp\/v2\/product_cat?post=8813"},{"taxonomy":"product_tag","embeddable":true,"href":"https:\/\/sentou.fr\/el\/wp-json\/wp\/v2\/product_tag?post=8813"}],"curies":[{"name":"wp","href":"https:\/\/api.w.org\/{rel}","templated":true}]}}