{"id":8817,"date":"2021-08-12T20:07:53","date_gmt":"2021-08-12T18:07:53","guid":{"rendered":"https:\/\/sentou.fr\/?post_type=product&#038;p=8817"},"modified":"2023-09-17T17:32:31","modified_gmt":"2023-09-17T15:32:31","slug":"montre-mach-2000-tallon-lip-chrono-metal-cuir","status":"publish","type":"product","link":"https:\/\/sentou.fr\/el\/produit\/montre-mach-2000-tallon-lip-chrono-metal-cuir\/","title":{"rendered":"Montre MACH 2000 Chrono acier bracelet cuir"},"content":{"rendered":"<p><strong>MACH 2000 CHRONOGRAPHE <\/strong><strong>HOMME<\/strong><\/p>\n<ul>\n<li><strong>Boitier : <\/strong>acier 316 L bross\u00e9 IP GUN, dimensions 42 X 40 mm, \u00e9paisseur (verre inclus) 10.35 mm<\/li>\n<li><strong>Cadran : <\/strong>cadran noir avec 2 compteurs noirs aiguilles blanches, index blanc, lunette int\u00e9rieure avec minutes, dateur \u00e0 18h, aiguilles heure et minutes blanches, aiguille seconde chrono orange<\/li>\n<li><strong>Verre:\u00a0<\/strong>min\u00e9ral<\/li>\n<li><strong>Bracelet :\u00a0<\/strong>bracelet cuir v\u00e9ritable bovin perfor\u00e9 marron clair 20 mm<\/li>\n<li><strong>Boucle: <\/strong>boucle ardillon IP GUN<\/li>\n<li><strong>Mouvement: <\/strong>Analogique quartz ronda 5021<\/li>\n<li><strong>Pile :\u00a0<\/strong>type 395<\/li>\n<li><strong>Etanch\u00e9it\u00e9 :\u00a0<\/strong>50 m\u00e8tres<\/li>\n<li><strong>Garantie 2 ans<\/strong><\/li>\n<li><strong>Fabriqu\u00e9e en France &#8211; Besan\u00e7on<\/strong><\/li>\n<\/ul>\n<hr \/>\n<p><strong>L&rsquo;aventure des 7 designers:<\/strong><\/p>\n<p>Claude Neuschwander, ancien Publicis et nouveau directeur g\u00e9n\u00e9ral de Lip, a fait appel \u00e0 7 designers : Roger Tallon, Rudolf Meyer, Marc Held, Michel Boyer, Isabelle Hebey, Michel Kinn et Jean Dinh Van, venant d&rsquo;horizons diff\u00e9rents et consid\u00e9r\u00e9s comme les meilleurs de leur \u00e9poque.<\/p>\n<p>Ils participent tous \u00e0 la collection de 1975 \u00a0dont les cr\u00e9ations restent, m\u00eame aujourd&rsquo;hui, \u00e0 la pointe des r\u00e9f\u00e9rences du design de montres du XX\u00e8me si\u00e8cle.<\/p>","protected":false},"excerpt":{"rendered":"<p><strong>MONTRE HOMME MACH 2000 Chrono acier bracelet cuir<\/strong><\/p>\n<p>V\u00e9ritable ic\u00f4ne pour tous les connaisseurs et passionn\u00e9s de design, la montre Mach 2000 cr\u00e9\u00e9e par Roger TALLON interpelle par sa forme et son design.<\/p>\n<p>Appel\u00e9 comme six autres designers pour redonner des couleurs \u00e0 la marque LIP apr\u00e8s les \u00e9v\u00e9nements sociaux de 1973, Roger Tallon a imagin\u00e9 en 1975 une collection centr\u00e9e autour de l\u2019ergonomie.<\/p>\n<p>Le mod\u00e8le MACH 2000 Chrono, ici en version acier avec bracelet cuir gold, est d\u00e9sormais Collector et depuis toujours l&rsquo;ic\u00f4ne de la collection LIP.<\/p>\n<p>Le mod\u00e8le pr\u00e9sent\u00e9 est neuf, provenant des derniers exemplaires de l&rsquo;\u00e9dition LIP des ann\u00e9es 2000.<\/p>","protected":false},"featured_media":8620,"template":"","meta":{"site-sidebar-layout":"default","site-content-layout":"default","ast-site-content-layout":"default","site-content-style":"default","site-sidebar-style":"default","ast-global-header-display":"","ast-banner-title-visibility":"","ast-main-header-display":"","ast-hfb-above-header-display":"","ast-hfb-below-header-display":"","ast-hfb-mobile-header-display":"","site-post-title":"","ast-breadcrumbs-content":"","ast-featured-img":"","footer-sml-layout":"","ast-disable-related-posts":"","theme-transparent-header-meta":"default","adv-header-id-meta":"","stick-header-meta":"default","header-above-stick-meta":"","header-main-stick-meta":"","header-below-stick-meta":"","astra-migrate-meta-layouts":"set","ast-page-background-enabled":"default","ast-page-background-meta":{"desktop":{"background-color":"","background-image":"","background-repeat":"repeat","background-position":"center center","background-size":"auto","background-attachment":"scroll","background-type":"","background-media":"","overlay-type":"","overlay-color":"","overlay-opacity":"","overlay-gradient":""},"tablet":{"background-color":"","background-image":"","background-repeat":"repeat","background-position":"center center","background-size":"auto","background-attachment":"scroll","background-type":"","background-media":"","overlay-type":"","overlay-color":"","overlay-opacity":"","overlay-gradient":""},"mobile":{"background-color":"","background-image":"","background-repeat":"repeat","background-position":"center center","background-size":"auto","background-attachment":"scroll","background-type":"","background-media":"","overlay-type":"","overlay-color":"","overlay-opacity":"","overlay-gradient":""}},"ast-content-background-meta":{"desktop":{"background-color":"var(--ast-global-color-5)","background-image":"","background-repeat":"repeat","background-position":"center center","background-size":"auto","background-attachment":"scroll","background-type":"","background-media":"","overlay-type":"","overlay-color":"","overlay-opacity":"","overlay-gradient":""},"tablet":{"background-color":"var(--ast-global-color-5)","background-image":"","background-repeat":"repeat","background-position":"center center","background-size":"auto","background-attachment":"scroll","background-type":"","background-media":"","overlay-type":"","overlay-color":"","overlay-opacity":"","overlay-gradient":""},"mobile":{"background-color":"var(--ast-global-color-5)","background-image":"","background-repeat":"repeat","background-position":"center center","background-size":"auto","background-attachment":"scroll","background-type":"","background-media":"","overlay-type":"","overlay-color":"","overlay-opacity":"","overlay-gradient":""}}},"product_brand":[],"product_cat":[74,199,234],"product_tag":[209,57,221],"class_list":{"0":"post-8817","1":"product","2":"type-product","3":"status-publish","4":"has-post-thumbnail","6":"product_cat-roger-tallon","7":"product_cat-art-de-vivre","8":"product_cat-montres","9":"product_tag-lip","10":"product_tag-mach-2000","11":"product_tag-roger-tallon","12":"desktop-align-left","13":"tablet-align-left","14":"mobile-align-left","15":"ast-product-gallery-layout-horizontal","16":"ast-qv-on-image","18":"first","19":"outofstock","20":"taxable","21":"shipping-taxable","22":"purchasable","23":"product-type-simple"},"_links":{"self":[{"href":"https:\/\/sentou.fr\/el\/wp-json\/wp\/v2\/product\/8817","targetHints":{"allow":["GET"]}}],"collection":[{"href":"https:\/\/sentou.fr\/el\/wp-json\/wp\/v2\/product"}],"about":[{"href":"https:\/\/sentou.fr\/el\/wp-json\/wp\/v2\/types\/product"}],"wp:featuredmedia":[{"embeddable":true,"href":"https:\/\/sentou.fr\/el\/wp-json\/wp\/v2\/media\/8620"}],"wp:attachment":[{"href":"https:\/\/sentou.fr\/el\/wp-json\/wp\/v2\/media?parent=8817"}],"wp:term":[{"taxonomy":"product_brand","embeddable":true,"href":"https:\/\/sentou.fr\/el\/wp-json\/wp\/v2\/product_brand?post=8817"},{"taxonomy":"product_cat","embeddable":true,"href":"https:\/\/sentou.fr\/el\/wp-json\/wp\/v2\/product_cat?post=8817"},{"taxonomy":"product_tag","embeddable":true,"href":"https:\/\/sentou.fr\/el\/wp-json\/wp\/v2\/product_tag?post=8817"}],"curies":[{"name":"wp","href":"https:\/\/api.w.org\/{rel}","templated":true}]}}