{"id":8893,"date":"2023-09-10T17:48:20","date_gmt":"2023-09-10T15:48:20","guid":{"rendered":"https:\/\/sentou.fr\/?post_type=product&#038;p=8893"},"modified":"2025-08-06T09:25:45","modified_gmt":"2025-08-06T07:25:45","slug":"livre-roger-tallon","status":"publish","type":"product","link":"https:\/\/sentou.fr\/el\/produit\/livre-roger-tallon\/","title":{"rendered":"Livre Roger TALLON Le design en mouvement"},"content":{"rendered":"<p>Sous la direction de Dominique Forest, conservatrice en chef au mus\u00e9e des Arts d\u00e9coratifs \u00e0 Paris, d\u00e9partement moderne et contemporain, et Fran\u00e7oise Jollant, historienne du design.<\/p>\n<p class=\"translation-block\"><strong>Textes:&nbsp;<\/strong>Laurence Bartoletti, Marianne Brabant, Mathieu Flonneau, Dominique Forest, Raymond Guidot, Fran\u00e7oise Jollant, Aur\u00e9lien Lemonnier, Catherine Millet<\/p>\n<ul>\n<li><strong>Graphisme :<\/strong> H5<\/li>\n<li><strong>Editeur:\u00a0<\/strong>\u00a0Editions Les Arts D\u00e9coratifs<\/li>\n<li><strong>Langue:<\/strong> Fran\u00e7ais<\/li>\n<li><strong>Nombre de Pages :<\/strong>\u00a0280<\/li>\n<li><strong>Nombre d&rsquo;Illustrations :<\/strong>\u00a0280<\/li>\n<li><strong>Format:<\/strong>\u00a0<span style=\"font-size: 16px;\">21cm \u00a0x 28cm<\/span><\/li>\n<\/ul>","protected":false},"excerpt":{"rendered":"<p><strong>Livre Roger Tallon, Le design en mouvement<\/strong><\/p>\n<p>ITINERAIRE D&rsquo;UN DESIGNER<\/p>\n<p>S&rsquo;appuyant sur le tr\u00e8s riche fonds d&rsquo;archives de Roger Tallon conserv\u00e9 au mus\u00e9e des Arts d\u00e9coratifs, ce livre pr\u00e9sente en d\u00e9tails l&rsquo;ensemble de ses r\u00e9alisations et s&rsquo;impose comme un ouvrage de r\u00e9f\u00e9rence sur le designer.<\/p>\n<p>Roger Tallon (1929-2011) est le premier \u00e0 appliquer en France dans le domaine du design des m\u00e9thodes issues de pratiques am\u00e9ricaines.<\/p>\n<p>Ce pionnier du design industriel a commenc\u00e9 par dessiner des machines-outils, avant de se consacrer aux objets. Ses projets se caract\u00e9risent toujours par une approche globale qui int\u00e8gre l&rsquo;objet dans son environnement visuel.<br \/>\nDans les ann\u00e9es 1960 il est proche des Nouveaux R\u00e9alistes (C\u00e9sar, Klein, Arman) et ses int\u00e9r\u00eats sont multiples : cin\u00e9ma, s\u00e9miologie, design graphique, presse (il con\u00e7oit notamment la maquette du magazine Art Press)&#8230;<\/p>\n<p>Sa production est consid\u00e9rable : le mobilier comme la chaise TS \u00a0et l&rsquo;escalier h\u00e9lico\u00efdal Module 400 \u00e9dit\u00e9s par SENTOU,\u00a0le service de table 3T, le t\u00e9l\u00e9viseur portable P111, des montres pour Lip, des transistors, des machines \u00e0 \u00e9crire et des projecteurs, ou encore l&rsquo;identit\u00e9 visuelle de Fluoryl, des chaussures de ski pour Salomon, des bidons d&rsquo;essence pour Elf et des flacons d&rsquo;huile solaire pour Bergasol&#8230;<\/p>\n<p>Son importante contribution au renouvellement des transports est montr\u00e9e \u00e0 travers ses r\u00e9alisations pour la SNCF et la RATP (le train Corail, les TGV et l&rsquo;Eurostar, la signal\u00e9tique du RER, le m\u00e9tro M\u00e9t\u00e9or, le funiculaire de Montmartre), mais aussi les m\u00e9tro de Mexico et de Caracas, les tramways et autobus ou encore ses projets de motos et voitures modulables.<\/p>","protected":false},"featured_media":8863,"template":"","meta":{"site-sidebar-layout":"default","site-content-layout":"default","ast-site-content-layout":"default","site-content-style":"default","site-sidebar-style":"default","ast-global-header-display":"","ast-banner-title-visibility":"","ast-main-header-display":"","ast-hfb-above-header-display":"","ast-hfb-below-header-display":"","ast-hfb-mobile-header-display":"","site-post-title":"","ast-breadcrumbs-content":"","ast-featured-img":"","footer-sml-layout":"","ast-disable-related-posts":"","theme-transparent-header-meta":"default","adv-header-id-meta":"","stick-header-meta":"default","header-above-stick-meta":"","header-main-stick-meta":"","header-below-stick-meta":"","astra-migrate-meta-layouts":"set","ast-page-background-enabled":"default","ast-page-background-meta":{"desktop":{"background-color":"","background-image":"","background-repeat":"repeat","background-position":"center center","background-size":"auto","background-attachment":"scroll","background-type":"","background-media":"","overlay-type":"","overlay-color":"","overlay-opacity":"","overlay-gradient":""},"tablet":{"background-color":"","background-image":"","background-repeat":"repeat","background-position":"center center","background-size":"auto","background-attachment":"scroll","background-type":"","background-media":"","overlay-type":"","overlay-color":"","overlay-opacity":"","overlay-gradient":""},"mobile":{"background-color":"","background-image":"","background-repeat":"repeat","background-position":"center center","background-size":"auto","background-attachment":"scroll","background-type":"","background-media":"","overlay-type":"","overlay-color":"","overlay-opacity":"","overlay-gradient":""}},"ast-content-background-meta":{"desktop":{"background-color":"var(--ast-global-color-5)","background-image":"","background-repeat":"repeat","background-position":"center center","background-size":"auto","background-attachment":"scroll","background-type":"","background-media":"","overlay-type":"","overlay-color":"","overlay-opacity":"","overlay-gradient":""},"tablet":{"background-color":"var(--ast-global-color-5)","background-image":"","background-repeat":"repeat","background-position":"center center","background-size":"auto","background-attachment":"scroll","background-type":"","background-media":"","overlay-type":"","overlay-color":"","overlay-opacity":"","overlay-gradient":""},"mobile":{"background-color":"var(--ast-global-color-5)","background-image":"","background-repeat":"repeat","background-position":"center center","background-size":"auto","background-attachment":"scroll","background-type":"","background-media":"","overlay-type":"","overlay-color":"","overlay-opacity":"","overlay-gradient":""}}},"product_brand":[],"product_cat":[74,199,573,200],"product_tag":[221],"class_list":{"0":"post-8893","1":"product","2":"type-product","3":"status-publish","4":"has-post-thumbnail","6":"product_cat-roger-tallon","7":"product_cat-art-de-vivre","8":"product_cat-design","9":"product_cat-livres","10":"product_tag-roger-tallon","11":"desktop-align-left","12":"tablet-align-left","13":"mobile-align-left","14":"ast-product-gallery-layout-horizontal","15":"ast-qv-on-image","17":"first","18":"instock","19":"taxable","20":"shipping-taxable","21":"purchasable","22":"product-type-simple"},"_links":{"self":[{"href":"https:\/\/sentou.fr\/el\/wp-json\/wp\/v2\/product\/8893","targetHints":{"allow":["GET"]}}],"collection":[{"href":"https:\/\/sentou.fr\/el\/wp-json\/wp\/v2\/product"}],"about":[{"href":"https:\/\/sentou.fr\/el\/wp-json\/wp\/v2\/types\/product"}],"wp:featuredmedia":[{"embeddable":true,"href":"https:\/\/sentou.fr\/el\/wp-json\/wp\/v2\/media\/8863"}],"wp:attachment":[{"href":"https:\/\/sentou.fr\/el\/wp-json\/wp\/v2\/media?parent=8893"}],"wp:term":[{"taxonomy":"product_brand","embeddable":true,"href":"https:\/\/sentou.fr\/el\/wp-json\/wp\/v2\/product_brand?post=8893"},{"taxonomy":"product_cat","embeddable":true,"href":"https:\/\/sentou.fr\/el\/wp-json\/wp\/v2\/product_cat?post=8893"},{"taxonomy":"product_tag","embeddable":true,"href":"https:\/\/sentou.fr\/el\/wp-json\/wp\/v2\/product_tag?post=8893"}],"curies":[{"name":"wp","href":"https:\/\/api.w.org\/{rel}","templated":true}]}}