{"id":8894,"date":"2023-09-10T17:39:32","date_gmt":"2023-09-10T15:39:32","guid":{"rendered":"https:\/\/sentou.fr\/?post_type=product&#038;p=8894"},"modified":"2025-12-04T21:40:05","modified_gmt":"2025-12-04T19:40:05","slug":"livre-isamu-noguchi","status":"publish","type":"product","link":"https:\/\/sentou.fr\/el\/produit\/livre-isamu-noguchi\/","title":{"rendered":"Livre Isamu NOGUCHI"},"content":{"rendered":"<ul>\n<li><strong>Format:<\/strong>\u00a0<span style=\"font-size: 16px;\">23cm \u00a0x 27cm<\/span><\/li>\n<li><strong>Editions:\u00a0<\/strong> Prestel<\/li>\n<li><strong>Langue:<\/strong> Anglais<\/li>\n<li><strong>Nombre de Pages :<\/strong>\u00a0280<\/li>\n<li><strong>Nombre d&rsquo;Illustrations :<\/strong>\u00a0280<\/li>\n<\/ul>\n<hr \/>\n<p>Appel\u00e9 \u00e0 devenir l&rsquo;ouvrage de r\u00e9f\u00e9rence sur la carri\u00e8re multidisciplinaire de Noguchi, ce livre accompagne la premi\u00e8re grande exposition europ\u00e9enne itin\u00e9rante sur l&rsquo;artiste am\u00e9ricano-japonais depuis vingt ans<\/p>\n<p>D\u00e9bordant d&rsquo;images et de contributions de nombreux auteurs internationaux, ce livre aide les lecteurs \u00e0 saisir la diversit\u00e9 du travail de Noguchi, tant in situ que dans les galeries. Des photographies d&rsquo;archives des diff\u00e9rents ateliers de l&rsquo;artiste donnent un aper\u00e7u de son travail exp\u00e9rimental vis-\u00e0-vis notamment de la sculpture.<\/p>\n<p><strong>Auteurs: <\/strong><\/p>\n<ul>\n<li>Florence Ostende, conservatrice \u00e0 la Barbican Art Gallery, Londres<\/li>\n<li>Rita Kersting, directrice adjointe du Museum Ludwig, Cologne<\/li>\n<li>Fabienne Eggelh\u00f6fer, conservatrice en chef au Zentrum Paul Klee, Berne<\/li>\n<\/ul>","protected":false},"excerpt":{"rendered":"<p>Le nouvel ouvrage sur l&rsquo;oeuvre d&rsquo;Isamu Noguchi, sorti en Octobre 2021 \u00e0 l&rsquo;occasion de l&rsquo;exposition retrospective \u00e0 la Barbican Art gallery de Londres.<\/p>\n<p>Englobant l&rsquo;int\u00e9gralit\u00e9 de l&rsquo;\u0153uvre de Noguchi en mati\u00e8re de sculpture, de c\u00e9ramique, de photographie, d&rsquo;architecture et de design, ainsi que ses \u00a0jardins et ses d\u00e9cors de sc\u00e8ne pour la danse moderne et le th\u00e9\u00e2tre, cet ouvrage explore le processus cr\u00e9atif de Noguchi et les aspects moins connus de sa pratique, son engagement dans un large \u00e9ventail de cultures, ainsi que ses r\u00e9alisations innovantes sur six d\u00e9cennies.<\/p>\n<p>Les th\u00e8mes de l&rsquo;harmonie et de la dissonance, qui \u00e9taient au c\u0153ur de sa pratique, sont explor\u00e9s dans une s\u00e9rie d&rsquo;essais qui examinent le double h\u00e9ritage de l&rsquo;artiste, l&rsquo;exp\u00e9rience am\u00e9ricano-japonaise, ses voyages dans le monde entier et ses nombreuses influences.<\/p>\n<p>L&rsquo;ouvrage rend \u00e9galement hommage aux collaborations fructueuses de Noguchi avec des cr\u00e9ateurs issus de divers secteurs, tels que R. Buckminster Fuller, Martha Graham et Louis Kahn. Tout au long de la monographie, les propres mots de Noguchi constituent une toile de fond essentielle pour comprendre un artiste qui a embrass\u00e9 de nombreuses \u00e9coles de pens\u00e9e et dont la vie et la carri\u00e8re enti\u00e8res ont \u00e9t\u00e9 un exemple de partenariat et de coop\u00e9ration au-del\u00e0 des fronti\u00e8res artistiques, politiques et culturelles.<\/p>","protected":false},"featured_media":8963,"template":"","meta":{"site-sidebar-layout":"default","site-content-layout":"default","ast-site-content-layout":"default","site-content-style":"default","site-sidebar-style":"default","ast-global-header-display":"","ast-banner-title-visibility":"","ast-main-header-display":"","ast-hfb-above-header-display":"","ast-hfb-below-header-display":"","ast-hfb-mobile-header-display":"","site-post-title":"","ast-breadcrumbs-content":"","ast-featured-img":"","footer-sml-layout":"","ast-disable-related-posts":"","theme-transparent-header-meta":"default","adv-header-id-meta":"","stick-header-meta":"default","header-above-stick-meta":"","header-main-stick-meta":"","header-below-stick-meta":"","astra-migrate-meta-layouts":"set","ast-page-background-enabled":"default","ast-page-background-meta":{"desktop":{"background-color":"","background-image":"","background-repeat":"repeat","background-position":"center center","background-size":"auto","background-attachment":"scroll","background-type":"","background-media":"","overlay-type":"","overlay-color":"","overlay-opacity":"","overlay-gradient":""},"tablet":{"background-color":"","background-image":"","background-repeat":"repeat","background-position":"center center","background-size":"auto","background-attachment":"scroll","background-type":"","background-media":"","overlay-type":"","overlay-color":"","overlay-opacity":"","overlay-gradient":""},"mobile":{"background-color":"","background-image":"","background-repeat":"repeat","background-position":"center center","background-size":"auto","background-attachment":"scroll","background-type":"","background-media":"","overlay-type":"","overlay-color":"","overlay-opacity":"","overlay-gradient":""}},"ast-content-background-meta":{"desktop":{"background-color":"var(--ast-global-color-5)","background-image":"","background-repeat":"repeat","background-position":"center center","background-size":"auto","background-attachment":"scroll","background-type":"","background-media":"","overlay-type":"","overlay-color":"","overlay-opacity":"","overlay-gradient":""},"tablet":{"background-color":"var(--ast-global-color-5)","background-image":"","background-repeat":"repeat","background-position":"center center","background-size":"auto","background-attachment":"scroll","background-type":"","background-media":"","overlay-type":"","overlay-color":"","overlay-opacity":"","overlay-gradient":""},"mobile":{"background-color":"var(--ast-global-color-5)","background-image":"","background-repeat":"repeat","background-position":"center center","background-size":"auto","background-attachment":"scroll","background-type":"","background-media":"","overlay-type":"","overlay-color":"","overlay-opacity":"","overlay-gradient":""}}},"product_brand":[],"product_cat":[199,75,200],"product_tag":[220],"class_list":{"0":"post-8894","1":"product","2":"type-product","3":"status-publish","4":"has-post-thumbnail","6":"product_cat-art-de-vivre","7":"product_cat-isamu-noguchi","8":"product_cat-livres","9":"product_tag-isamu-noguchi","10":"desktop-align-left","11":"tablet-align-left","12":"mobile-align-left","13":"ast-product-gallery-layout-horizontal","14":"ast-qv-on-image","16":"first","17":"instock","18":"taxable","19":"shipping-taxable","20":"purchasable","21":"product-type-simple"},"_links":{"self":[{"href":"https:\/\/sentou.fr\/el\/wp-json\/wp\/v2\/product\/8894","targetHints":{"allow":["GET"]}}],"collection":[{"href":"https:\/\/sentou.fr\/el\/wp-json\/wp\/v2\/product"}],"about":[{"href":"https:\/\/sentou.fr\/el\/wp-json\/wp\/v2\/types\/product"}],"wp:featuredmedia":[{"embeddable":true,"href":"https:\/\/sentou.fr\/el\/wp-json\/wp\/v2\/media\/8963"}],"wp:attachment":[{"href":"https:\/\/sentou.fr\/el\/wp-json\/wp\/v2\/media?parent=8894"}],"wp:term":[{"taxonomy":"product_brand","embeddable":true,"href":"https:\/\/sentou.fr\/el\/wp-json\/wp\/v2\/product_brand?post=8894"},{"taxonomy":"product_cat","embeddable":true,"href":"https:\/\/sentou.fr\/el\/wp-json\/wp\/v2\/product_cat?post=8894"},{"taxonomy":"product_tag","embeddable":true,"href":"https:\/\/sentou.fr\/el\/wp-json\/wp\/v2\/product_tag?post=8894"}],"curies":[{"name":"wp","href":"https:\/\/api.w.org\/{rel}","templated":true}]}}