{"id":9491,"date":"2022-01-12T12:51:19","date_gmt":"2022-01-12T10:51:19","guid":{"rendered":"https:\/\/sentou.fr\/?post_type=product&#038;p=9491"},"modified":"2023-09-01T19:30:48","modified_gmt":"2023-09-01T17:30:48","slug":"akari-uf4-l6","status":"publish","type":"product","link":"https:\/\/sentou.fr\/el\/produit\/akari-uf4-l6\/","title":{"rendered":"Akari UF4-L6"},"content":{"rendered":"<ul>\n<li><strong style=\"font-weight: bold; color: #4f4f4f;\">Dimensions :<\/strong> L 35 x H 190 cm<\/li>\n<li><strong style=\"font-weight: bold; color: #4f4f4f;\">Mat\u00e9riaux :<\/strong><span style=\"color: #4f4f4f;\"> <span style=\"color: #000000;\">Papier washi,\u00a0 structure de fil de bambou et pied m\u00e9tal.<\/span><\/span><\/li>\n<li><span style=\"color: #4f4f4f;\"><span style=\"caret-color: #4f4f4f;\"><b>Ann\u00e9e de cr\u00e9ation: <\/b>1986<\/span><\/span><\/li>\n<li><span style=\"color: #4f4f4f;\"><span style=\"caret-color: #4f4f4f;\"><b>Informations compl\u00e9mentaires : <\/b><\/span><\/span>La colonne sur pieds AKARI UF4-L6 est livr\u00e9e avec un montage \u00e9lectrique aux normes europ\u00e9ennes &#8211; Douille E27.<\/li>\n<\/ul>\n<hr \/>\n<p>AKARI UF4-L6 &#8211;\u00a0COLONNE SUR PIEDS<\/p>\n<p>Isamu Noguchi aimait \u00e0 dire que \u00ab pour se cr\u00e9er un chez-\u00adsoi, il suffit d\u2019une pi\u00e8ce, d\u2019un tatami et d\u2019une AKARI \u00bb.<\/p>\n<p>La collection de luminaires AKARI, dessin\u00e9e par Isamu Noguchi \u00e0 partir de 1952 et inspir\u00e9e par les lanternes traditionnelles japonaises, est le fruit d\u2019un v\u00e9ritable travail artisanal perp\u00e9tu\u00e9 depuis le VIIe si\u00e8cle.<\/p>\n<p><span data-sheets-value=\"{&quot;1&quot;:2,&quot;2&quot;:&quot;Les sculptures lumineuses AKARI, mot qui signifie lumi\u00e8re en japonais, diffusent une lumi\u00e8re douce et solaire. nnLa lampe 1A est le tout premier mod\u00e8le imagin\u00e9 par Isamu Noguchi en 1951. Devenu une ic\u00f4ne du design depuis sa cr\u00e9ation, ce luminaire tripode \u00e0 la forme organique et intemporelle s'adapte \u00e0 tous les styles, pos\u00e9 au sol ou sur un meuble. nnIsamu Noguchi aimait \u00e0 dire que \u00ab pour se cr\u00e9er un chez-\u00adsoi, il suffit d\u2019une pi\u00e8ce, d\u2019un tatami et d\u2019une AKARI \u00bb. nnLa collection de luminaires AKARI, dessin\u00e9e par Isamu Noguchi \u00e0 partir de 1951 et inspir\u00e9e par les lanternes traditionnelles japonaises, est le fruit d\u2019un v\u00e9ritable travail artisanal perp\u00e9tu\u00e9 depuis le VIIe si\u00e8cle. Fabriqu\u00e9e artisanalement au Japon, dans le m\u00eame atelier depuis les ann\u00e9es 50, la collection AKARI est r\u00e9alis\u00e9e \u00e0 la main en papier Washi, fabriqu\u00e9 de mani\u00e8re traditionnelle \u00e0 partir de l\u2019\u00e9corce interne du m\u00fbrier. Le papier est ensuite coll\u00e9 \u00e0 la main sur une armature flexible en lamelles de bambou, qui lui donne cette allure si l\u00e9g\u00e8re et d\u00e9licate. nnConsid\u00e9r\u00e9 comme un talent universel, Isamu Noguchi marqua son \u0153uvre d\u2019un style sculptural vou\u00e9 \u00e0 un langage formel organique qui influencera durablement le design. La lampe AKARI 5AD est livr\u00e9e avec un montage \u00e9lectrique fran\u00e7ais.&quot;}\" data-sheets-userformat=\"{&quot;2&quot;:6659,&quot;3&quot;:{&quot;1&quot;:0},&quot;4&quot;:{&quot;1&quot;:2,&quot;2&quot;:16777215},&quot;12&quot;:0,&quot;14&quot;:{&quot;1&quot;:2,&quot;2&quot;:0},&quot;15&quot;:&quot;Roboto, RobotoDraft, Helvetica, Arial, sans-serif&quot;}\">Fabriqu\u00e9e artisanalement au Japon, dans le m\u00eame atelier depuis les ann\u00e9es 50, la collection AKARI est r\u00e9alis\u00e9e \u00e0 la main en papier Washi, fabriqu\u00e9 de mani\u00e8re traditionnelle \u00e0 partir de l\u2019\u00e9corce interne du m\u00fbrier. Le papier est ensuite coll\u00e9 \u00e0 la main sur une armature flexible en lamelles de bambou, qui lui donne cette allure si l\u00e9g\u00e8re et d\u00e9licate.<\/span><\/p>\n<p>Consid\u00e9r\u00e9 comme un talent universel, Isamu Noguchi marqua son \u0153uvre d\u2019un style sculptural vou\u00e9 \u00e0 un langage formel organique qui influencera durablement le design.<\/p>","protected":false},"excerpt":{"rendered":"<p><strong>COLONNE SUR PIEDS<\/strong><\/p>\n<p><strong style=\"font-weight: bold; color: #4f4f4f;\">Dimensions :<\/strong> L 35 x H 190 cm<\/p>\n<p>Cr\u00e9\u00e9e en 1986, la colonne Akari UF4-L6 \u00a0est l&rsquo;une des toutes derni\u00e8res lampes con\u00e7ues par Isamu Noguchi avant sa disparition en 1988.<\/p>\n<p>Cette lampe est l&rsquo;assemblage de la colonne L6 et d&rsquo;un pi\u00e9tement UF (faisant r\u00e9f\u00e9rence \u00e0 la silhouette d&rsquo;un vaisseau spatial UFO).<\/p>\n<p><span data-sheets-value=\"{&quot;1&quot;:2,&quot;2&quot;:&quot;Les sculptures lumineuses AKARI, mot qui signifie lumi\u00e8re en japonais, diffusent une lumi\u00e8re douce et solaire. nnLa lampe 1A est le tout premier mod\u00e8le imagin\u00e9 par Isamu Noguchi en 1951. Devenu une ic\u00f4ne du design depuis sa cr\u00e9ation, ce luminaire tripode \u00e0 la forme organique et intemporelle s'adapte \u00e0 tous les styles, pos\u00e9 au sol ou sur un meuble. nnIsamu Noguchi aimait \u00e0 dire que \u00ab pour se cr\u00e9er un chez-\u00adsoi, il suffit d\u2019une pi\u00e8ce, d\u2019un tatami et d\u2019une AKARI \u00bb. nnLa collection de luminaires AKARI, dessin\u00e9e par Isamu Noguchi \u00e0 partir de 1951 et inspir\u00e9e par les lanternes traditionnelles japonaises, est le fruit d\u2019un v\u00e9ritable travail artisanal perp\u00e9tu\u00e9 depuis le VIIe si\u00e8cle. Fabriqu\u00e9e artisanalement au Japon, dans le m\u00eame atelier depuis les ann\u00e9es 50, la collection AKARI est r\u00e9alis\u00e9e \u00e0 la main en papier Washi, fabriqu\u00e9 de mani\u00e8re traditionnelle \u00e0 partir de l\u2019\u00e9corce interne du m\u00fbrier. Le papier est ensuite coll\u00e9 \u00e0 la main sur une armature flexible en lamelles de bambou, qui lui donne cette allure si l\u00e9g\u00e8re et d\u00e9licate. nnConsid\u00e9r\u00e9 comme un talent universel, Isamu Noguchi marqua son \u0153uvre d\u2019un style sculptural vou\u00e9 \u00e0 un langage formel organique qui influencera durablement le design. La lampe AKARI 5AD est livr\u00e9e avec un montage \u00e9lectrique fran\u00e7ais.&quot;}\" data-sheets-userformat=\"{&quot;2&quot;:6659,&quot;3&quot;:{&quot;1&quot;:0},&quot;4&quot;:{&quot;1&quot;:2,&quot;2&quot;:16777215},&quot;12&quot;:0,&quot;14&quot;:{&quot;1&quot;:2,&quot;2&quot;:0},&quot;15&quot;:&quot;Roboto, RobotoDraft, Helvetica, Arial, sans-serif&quot;}\">Les sculptures lumineuses AKARI, mot qui signifie lumi\u00e8re en japonais, diffusent une lumi\u00e8re douce et solaire.<\/span><\/p>\n<p>Consid\u00e9r\u00e9es comme des ic\u00f4nes du design moderne du XX\u00e8me si\u00e8cle, elles ont \u00e9t\u00e9 con\u00e7ues par Isamu Noguchi \u00e0 partir de 1952.<\/p>\n<p>Fabriqu\u00e9es \u00e0 la main depuis un demi-si\u00e8cle par le fabricant d&rsquo;origine \u00e0 Gifu, au Japon, ces lanternes en papier sont l\u2019association parfaite d&rsquo;un artisanat japonais et de formes modernistes.<\/p>\n<p>Les lampes sont r\u00e9alis\u00e9es \u00e0 partir de papier washi coll\u00e9 sur des nervures de fil de bambou, soutenues par une fine structure m\u00e9tallique.<\/p>","protected":false},"featured_media":9460,"template":"","meta":{"site-sidebar-layout":"default","site-content-layout":"default","ast-site-content-layout":"default","site-content-style":"default","site-sidebar-style":"default","ast-global-header-display":"","ast-banner-title-visibility":"","ast-main-header-display":"","ast-hfb-above-header-display":"","ast-hfb-below-header-display":"","ast-hfb-mobile-header-display":"","site-post-title":"","ast-breadcrumbs-content":"","ast-featured-img":"","footer-sml-layout":"","ast-disable-related-posts":"","theme-transparent-header-meta":"default","adv-header-id-meta":"","stick-header-meta":"default","header-above-stick-meta":"","header-main-stick-meta":"","header-below-stick-meta":"","astra-migrate-meta-layouts":"set","ast-page-background-enabled":"default","ast-page-background-meta":{"desktop":{"background-color":"","background-image":"","background-repeat":"repeat","background-position":"center center","background-size":"auto","background-attachment":"scroll","background-type":"","background-media":"","overlay-type":"","overlay-color":"","overlay-opacity":"","overlay-gradient":""},"tablet":{"background-color":"","background-image":"","background-repeat":"repeat","background-position":"center center","background-size":"auto","background-attachment":"scroll","background-type":"","background-media":"","overlay-type":"","overlay-color":"","overlay-opacity":"","overlay-gradient":""},"mobile":{"background-color":"","background-image":"","background-repeat":"repeat","background-position":"center center","background-size":"auto","background-attachment":"scroll","background-type":"","background-media":"","overlay-type":"","overlay-color":"","overlay-opacity":"","overlay-gradient":""}},"ast-content-background-meta":{"desktop":{"background-color":"var(--ast-global-color-5)","background-image":"","background-repeat":"repeat","background-position":"center center","background-size":"auto","background-attachment":"scroll","background-type":"","background-media":"","overlay-type":"","overlay-color":"","overlay-opacity":"","overlay-gradient":""},"tablet":{"background-color":"var(--ast-global-color-5)","background-image":"","background-repeat":"repeat","background-position":"center center","background-size":"auto","background-attachment":"scroll","background-type":"","background-media":"","overlay-type":"","overlay-color":"","overlay-opacity":"","overlay-gradient":""},"mobile":{"background-color":"var(--ast-global-color-5)","background-image":"","background-repeat":"repeat","background-position":"center center","background-size":"auto","background-attachment":"scroll","background-type":"","background-media":"","overlay-type":"","overlay-color":"","overlay-opacity":"","overlay-gradient":""}}},"product_brand":[],"product_cat":[75,93,17],"product_tag":[197,220],"class_list":{"0":"post-9491","1":"product","2":"type-product","3":"status-publish","4":"has-post-thumbnail","6":"product_cat-isamu-noguchi","7":"product_cat-lampadaires","8":"product_cat-luminaires","9":"product_tag-akari","10":"product_tag-isamu-noguchi","11":"desktop-align-left","12":"tablet-align-left","13":"mobile-align-left","14":"ast-product-gallery-layout-horizontal","15":"ast-qv-on-image","17":"first","18":"instock","19":"taxable","20":"shipping-taxable","21":"purchasable","22":"product-type-simple"},"_links":{"self":[{"href":"https:\/\/sentou.fr\/el\/wp-json\/wp\/v2\/product\/9491","targetHints":{"allow":["GET"]}}],"collection":[{"href":"https:\/\/sentou.fr\/el\/wp-json\/wp\/v2\/product"}],"about":[{"href":"https:\/\/sentou.fr\/el\/wp-json\/wp\/v2\/types\/product"}],"wp:featuredmedia":[{"embeddable":true,"href":"https:\/\/sentou.fr\/el\/wp-json\/wp\/v2\/media\/9460"}],"wp:attachment":[{"href":"https:\/\/sentou.fr\/el\/wp-json\/wp\/v2\/media?parent=9491"}],"wp:term":[{"taxonomy":"product_brand","embeddable":true,"href":"https:\/\/sentou.fr\/el\/wp-json\/wp\/v2\/product_brand?post=9491"},{"taxonomy":"product_cat","embeddable":true,"href":"https:\/\/sentou.fr\/el\/wp-json\/wp\/v2\/product_cat?post=9491"},{"taxonomy":"product_tag","embeddable":true,"href":"https:\/\/sentou.fr\/el\/wp-json\/wp\/v2\/product_tag?post=9491"}],"curies":[{"name":"wp","href":"https:\/\/api.w.org\/{rel}","templated":true}]}}