{"id":9498,"date":"2021-06-12T13:54:59","date_gmt":"2021-06-12T11:54:59","guid":{"rendered":"https:\/\/sentou.fr\/?post_type=product&#038;p=9498"},"modified":"2025-01-15T11:01:16","modified_gmt":"2025-01-15T09:01:16","slug":"akari-uf3-dl","status":"publish","type":"product","link":"https:\/\/sentou.fr\/el\/produit\/akari-uf3-dl\/","title":{"rendered":"Akari UF3-DL"},"content":{"rendered":"<ul>\n<li><strong style=\"font-weight: bold; color: #4f4f4f;\">Dimensions :<\/strong><span style=\"color: #4f4f4f;\"> L 50 x H 145 cm<\/span><\/li>\n<li><strong>Cr\u00e9ation :<\/strong> 1984<\/li>\n<li><strong style=\"font-weight: bold; color: #4f4f4f;\">Mat\u00e9riaux :<\/strong><span style=\"color: #4f4f4f;\"> Papier washi, structure bambou, pied m\u00e9tal.<\/span><\/li>\n<li><strong style=\"font-weight: bold; color: #4f4f4f;\">Informations compl\u00e9mentaires :<\/strong><span style=\"color: #4f4f4f;\"> La lampe AKARI UF3-DL est livr\u00e9e avec un montage \u00e9lectrique aux normes Europ\u00e9ennes &#8211; Douille E27.<\/span><\/li>\n<\/ul>\n<hr \/>\n<p>Les sculptures lumineuses AKARI, mot qui signifie lumi\u00e8re en japonais, diffusent une lumi\u00e8re douce et solaire.<\/p>\n<p>Isamu Noguchi aimait \u00e0 dire que \u00ab pour se cr\u00e9er un chez-\u00adsoi, il suffit d\u2019une pi\u00e8ce, d\u2019un tatami et d\u2019une AKARI \u00bb.<\/p>\n<p>La collection de luminaires AKARI, dessin\u00e9e par Isamu Noguchi \u00e0 partir de 1952 et inspir\u00e9e par les lanternes traditionnelles japonaises, est le fruit d\u2019un v\u00e9ritable travail artisanal perp\u00e9tu\u00e9 depuis le VIIe si\u00e8cle.<\/p>\n<p>Fabriqu\u00e9e artisanalement au Japon, dans le m\u00eame atelier depuis les ann\u00e9es 50, la collection AKARI est r\u00e9alis\u00e9e \u00e0 la main en papier Washi, fabriqu\u00e9 de mani\u00e8re traditionnelle \u00e0 partir de l\u2019\u00e9corce interne du m\u00fbrier. Le papier est ensuite coll\u00e9 \u00e0 la main sur une armature flexible en lamelles de bambou, qui lui donne cette allure si l\u00e9g\u00e8re et d\u00e9licate.<\/p>\n<p>Consid\u00e9r\u00e9 comme un talent universel, Isamu Noguchi marqua son \u0153uvre d\u2019un style sculptural vou\u00e9 \u00e0 un langage formel organique qui influencera durablement le design.<\/p>","protected":false},"excerpt":{"rendered":"<p>Cr\u00e9\u00e9e en 1984, la lampe Akari UF3-DL fait partie de la s\u00e9rie UF inspir\u00e9e de la silhouette des OVNI (UFO, en anglais dans le texte).<\/p>\n<p>Ce lampadaire d&rsquo;une hauteur de 145cm est l&rsquo;un des mod\u00e8les embl\u00e9matiques dessin\u00e9s par Isamu Noguchi.<\/p>\n<p>Les sculptures lumineuses Akari d\u2019Isamu Noguchi sont consid\u00e9r\u00e9es comme des ic\u00f4nes du design moderne du XX\u00e8me si\u00e8cle. Con\u00e7ues par Noguchi \u00e0 partir de 1952 et fabriqu\u00e9es \u00e0 la main depuis un demi-si\u00e8cle par le fabricant d\u2019origine \u00e0 Gifu, au Japon, ces lanternes en papier sont l\u2019association parfaite d\u2019un artisanat japonais et de formes modernistes.<\/p>\n<p>Les lampes sont r\u00e9alis\u00e9es \u00e0 partir de papier washi coll\u00e9 sur des nervures de fil de bambou, soutenues par une fine structure m\u00e9tallique.<\/p>","protected":false},"featured_media":9447,"template":"","meta":{"site-sidebar-layout":"default","site-content-layout":"default","ast-site-content-layout":"default","site-content-style":"default","site-sidebar-style":"default","ast-global-header-display":"","ast-banner-title-visibility":"","ast-main-header-display":"","ast-hfb-above-header-display":"","ast-hfb-below-header-display":"","ast-hfb-mobile-header-display":"","site-post-title":"","ast-breadcrumbs-content":"","ast-featured-img":"","footer-sml-layout":"","ast-disable-related-posts":"","theme-transparent-header-meta":"default","adv-header-id-meta":"","stick-header-meta":"default","header-above-stick-meta":"","header-main-stick-meta":"","header-below-stick-meta":"","astra-migrate-meta-layouts":"set","ast-page-background-enabled":"default","ast-page-background-meta":{"desktop":{"background-color":"","background-image":"","background-repeat":"repeat","background-position":"center center","background-size":"auto","background-attachment":"scroll","background-type":"","background-media":"","overlay-type":"","overlay-color":"","overlay-opacity":"","overlay-gradient":""},"tablet":{"background-color":"","background-image":"","background-repeat":"repeat","background-position":"center center","background-size":"auto","background-attachment":"scroll","background-type":"","background-media":"","overlay-type":"","overlay-color":"","overlay-opacity":"","overlay-gradient":""},"mobile":{"background-color":"","background-image":"","background-repeat":"repeat","background-position":"center center","background-size":"auto","background-attachment":"scroll","background-type":"","background-media":"","overlay-type":"","overlay-color":"","overlay-opacity":"","overlay-gradient":""}},"ast-content-background-meta":{"desktop":{"background-color":"var(--ast-global-color-5)","background-image":"","background-repeat":"repeat","background-position":"center center","background-size":"auto","background-attachment":"scroll","background-type":"","background-media":"","overlay-type":"","overlay-color":"","overlay-opacity":"","overlay-gradient":""},"tablet":{"background-color":"var(--ast-global-color-5)","background-image":"","background-repeat":"repeat","background-position":"center center","background-size":"auto","background-attachment":"scroll","background-type":"","background-media":"","overlay-type":"","overlay-color":"","overlay-opacity":"","overlay-gradient":""},"mobile":{"background-color":"var(--ast-global-color-5)","background-image":"","background-repeat":"repeat","background-position":"center center","background-size":"auto","background-attachment":"scroll","background-type":"","background-media":"","overlay-type":"","overlay-color":"","overlay-opacity":"","overlay-gradient":""}}},"product_brand":[],"product_cat":[17,75,93],"product_tag":[197,220],"class_list":{"0":"post-9498","1":"product","2":"type-product","3":"status-publish","4":"has-post-thumbnail","6":"product_cat-luminaires","7":"product_cat-isamu-noguchi","8":"product_cat-lampadaires","9":"product_tag-akari","10":"product_tag-isamu-noguchi","11":"desktop-align-left","12":"tablet-align-left","13":"mobile-align-left","14":"ast-product-gallery-layout-horizontal","15":"ast-qv-on-image","17":"first","18":"outofstock","19":"taxable","20":"shipping-taxable","21":"purchasable","22":"product-type-simple"},"_links":{"self":[{"href":"https:\/\/sentou.fr\/el\/wp-json\/wp\/v2\/product\/9498","targetHints":{"allow":["GET"]}}],"collection":[{"href":"https:\/\/sentou.fr\/el\/wp-json\/wp\/v2\/product"}],"about":[{"href":"https:\/\/sentou.fr\/el\/wp-json\/wp\/v2\/types\/product"}],"wp:featuredmedia":[{"embeddable":true,"href":"https:\/\/sentou.fr\/el\/wp-json\/wp\/v2\/media\/9447"}],"wp:attachment":[{"href":"https:\/\/sentou.fr\/el\/wp-json\/wp\/v2\/media?parent=9498"}],"wp:term":[{"taxonomy":"product_brand","embeddable":true,"href":"https:\/\/sentou.fr\/el\/wp-json\/wp\/v2\/product_brand?post=9498"},{"taxonomy":"product_cat","embeddable":true,"href":"https:\/\/sentou.fr\/el\/wp-json\/wp\/v2\/product_cat?post=9498"},{"taxonomy":"product_tag","embeddable":true,"href":"https:\/\/sentou.fr\/el\/wp-json\/wp\/v2\/product_tag?post=9498"}],"curies":[{"name":"wp","href":"https:\/\/api.w.org\/{rel}","templated":true}]}}