{"id":11277,"date":"2022-11-24T17:07:55","date_gmt":"2022-11-24T15:07:55","guid":{"rendered":"https:\/\/sentou.fr\/?page_id=11277"},"modified":"2023-12-09T13:40:45","modified_gmt":"2023-12-09T11:40:45","slug":"clara-courtaigne","status":"publish","type":"page","link":"https:\/\/sentou.fr\/en\/clara-courtaigne\/","title":{"rendered":"Clara Courtaigne"},"content":{"rendered":"<div data-elementor-type=\"wp-page\" data-elementor-id=\"11277\" class=\"elementor elementor-11277\" data-elementor-post-type=\"page\">\n\t\t\t\t<div class=\"elementor-element elementor-element-802476f e-flex e-con-boxed e-con e-parent\" data-id=\"802476f\" data-element_type=\"container\" data-e-type=\"container\">\n\t\t\t\t\t<div class=\"e-con-inner\">\n\t\t<div class=\"elementor-element elementor-element-214590f e-con-full e-flex e-con e-child\" data-id=\"214590f\" data-element_type=\"container\" data-e-type=\"container\">\n\t\t\t\t<div class=\"elementor-element elementor-element-217de86 elementor-widget elementor-widget-woocommerce-breadcrumb\" data-id=\"217de86\" data-element_type=\"widget\" data-e-type=\"widget\" data-widget_type=\"woocommerce-breadcrumb.default\">\n\t\t\t\t<div class=\"elementor-widget-container\">\n\t\t\t\t\t<nav class=\"woocommerce-breadcrumb\" aria-label=\"Breadcrumb\" data-no-translation=\"\" data-trp-gettext=\"\">Home<\/nav>\t\t\t\t<\/div>\n\t\t\t\t<\/div>\n\t\t\t\t<\/div>\n\t\t\t\t\t<\/div>\n\t\t\t\t<\/div>\n\t\t<div class=\"elementor-element elementor-element-b6b7ef9 e-flex e-con-boxed e-con e-parent\" data-id=\"b6b7ef9\" data-element_type=\"container\" data-e-type=\"container\" data-settings=\"{&quot;background_background&quot;:&quot;gradient&quot;}\">\n\t\t\t\t\t<div class=\"e-con-inner\">\n\t\t<div class=\"elementor-element elementor-element-0afdd9b e-con-full e-flex e-con e-child\" data-id=\"0afdd9b\" data-element_type=\"container\" data-e-type=\"container\">\n\t\t\t\t<div class=\"elementor-element elementor-element-aee9fa4 elementor-widget elementor-widget-image\" data-id=\"aee9fa4\" data-element_type=\"widget\" data-e-type=\"widget\" data-settings=\"{&quot;_animation&quot;:&quot;none&quot;}\" data-widget_type=\"image.default\">\n\t\t\t\t<div class=\"elementor-widget-container\">\n\t\t\t\t\t\t\t\t\t\t\t\t\t\t\t<img fetchpriority=\"high\" decoding=\"async\" width=\"500\" height=\"500\" src=\"https:\/\/sentou.fr\/wp-content\/uploads\/2022\/11\/portrait-clara-courtaigne-designer-silhouettes-sentou-edition.jpg\" class=\"attachment-medium_large size-medium_large wp-image-11279\" alt=\"Portrait de Clara Courtaigne, designer de la collection Silhouettes pour Sentou Edition\" srcset=\"https:\/\/sentou.fr\/wp-content\/uploads\/2022\/11\/portrait-clara-courtaigne-designer-silhouettes-sentou-edition.jpg 500w, https:\/\/sentou.fr\/wp-content\/uploads\/2022\/11\/portrait-clara-courtaigne-designer-silhouettes-sentou-edition-300x300.jpg 300w, https:\/\/sentou.fr\/wp-content\/uploads\/2022\/11\/portrait-clara-courtaigne-designer-silhouettes-sentou-edition-150x150.jpg 150w, https:\/\/sentou.fr\/wp-content\/uploads\/2022\/11\/portrait-clara-courtaigne-designer-silhouettes-sentou-edition-65x65.jpg 65w, https:\/\/sentou.fr\/wp-content\/uploads\/2022\/11\/portrait-clara-courtaigne-designer-silhouettes-sentou-edition-12x12.jpg 12w, https:\/\/sentou.fr\/wp-content\/uploads\/2022\/11\/portrait-clara-courtaigne-designer-silhouettes-sentou-edition-20x20.jpg 20w, https:\/\/sentou.fr\/wp-content\/uploads\/2022\/11\/portrait-clara-courtaigne-designer-silhouettes-sentou-edition-100x100.jpg 100w\" sizes=\"(max-width: 500px) 100vw, 500px\" \/>\t\t\t\t\t\t\t\t\t\t\t\t\t\t\t<\/div>\n\t\t\t\t<\/div>\n\t\t\t\t<\/div>\n\t\t<div class=\"elementor-element elementor-element-b8bea21 e-con-full e-flex e-con e-child\" data-id=\"b8bea21\" data-element_type=\"container\" data-e-type=\"container\">\n\t\t\t\t<div class=\"elementor-element elementor-element-ecd105f elementor-widget-divider--view-line_text elementor-widget-divider--element-align-left elementor-invisible elementor-widget elementor-widget-divider\" data-id=\"ecd105f\" data-element_type=\"widget\" data-e-type=\"widget\" data-settings=\"{&quot;_animation&quot;:&quot;slideInUp&quot;}\" data-widget_type=\"divider.default\">\n\t\t\t\t<div class=\"elementor-widget-container\">\n\t\t\t\t\t\t\t<div class=\"elementor-divider\">\n\t\t\t<span class=\"elementor-divider-separator\">\n\t\t\t\t\t\t\t<h2 class=\"elementor-divider__text elementor-divider__element\">\n\t\t\t\tClara Courtaigne\t\t\t\t<\/h2>\n\t\t\t\t\t\t<\/span>\n\t\t<\/div>\n\t\t\t\t\t\t<\/div>\n\t\t\t\t<\/div>\n\t\t\t\t<div class=\"elementor-element elementor-element-e75f333 elementor-widget elementor-widget-text-editor\" data-id=\"e75f333\" data-element_type=\"widget\" data-e-type=\"widget\" data-widget_type=\"text-editor.default\">\n\t\t\t\t<div class=\"elementor-widget-container\">\n\t\t\t\t\t\t\t\t\t<p><span style=\"font-weight: 400;\">Clara Courtaigne is a French designer with a wide range of skills, from creating objects and accessories to graphic design and illustration.<\/span><\/p><p><span style=\"font-weight: 400;\"> After working for several years at Chanel in the watch design studio, then at Bonpoint as an accessories stylist, she decided to launch her own projects in collaboration with companies from a variety of backgrounds, such as Bell &amp; Ross, Carton Chic, Chanel joaillerie and Christofle. Her guiding principle is to pay particular attention to the quality of the objects she designs, to strive for rigour and simplicity, and to express a certain \"joie de vivre\"!<\/span><\/p><p><span style=\"font-weight: 400;\">Since 2017, she has been the co-founder, with her sister, Juliette de Maupeou of the publishing house Siblings, which designs and manufactures tableware for contemporary tribes.<\/span><\/p><p><span style=\"font-weight: 400;\">Clara is a graduate of Central Saint Martins College in London.<\/span><\/p>\t\t\t\t\t\t\t\t<\/div>\n\t\t\t\t<\/div>\n\t\t\t\t<\/div>\n\t\t\t\t\t<\/div>\n\t\t\t\t<\/div>\n\t\t<div class=\"elementor-element elementor-element-156cbc2 e-flex e-con-boxed e-con e-parent\" data-id=\"156cbc2\" data-element_type=\"container\" data-e-type=\"container\">\n\t\t\t\t\t<div class=\"e-con-inner\">\n\t\t\t\t<div class=\"elementor-element elementor-element-0f1e455 elementor-widget-divider--view-line_text elementor-widget-divider--element-align-left elementor-invisible elementor-widget elementor-widget-divider\" data-id=\"0f1e455\" data-element_type=\"widget\" data-e-type=\"widget\" data-settings=\"{&quot;_animation&quot;:&quot;slideInUp&quot;}\" data-widget_type=\"divider.default\">\n\t\t\t\t<div class=\"elementor-widget-container\">\n\t\t\t\t\t\t\t<div class=\"elementor-divider\">\n\t\t\t<span class=\"elementor-divider-separator\">\n\t\t\t\t\t\t\t<h2 class=\"elementor-divider__text elementor-divider__element\">\n\t\t\t\tE-Shop\t\t\t\t<\/h2>\n\t\t\t\t\t\t<\/span>\n\t\t<\/div>\n\t\t\t\t\t\t<\/div>\n\t\t\t\t<\/div>\n\t\t\t\t<div class=\"elementor-element elementor-element-ecf73aa uael-sale-flash-circle elementor-widget elementor-widget-uael-woo-products\" data-id=\"ecf73aa\" data-element_type=\"widget\" data-e-type=\"widget\" data-settings=\"{&quot;_animation&quot;:&quot;none&quot;,&quot;products_columns&quot;:&quot;4&quot;,&quot;products_columns_tablet&quot;:&quot;3&quot;,&quot;products_columns_mobile&quot;:&quot;1&quot;}\" data-widget_type=\"uael-woo-products.grid-default\">\n\t\t\t\t<div class=\"elementor-widget-container\">\n\t\t\t\t\t<div class=\"uael-woocommerce uael-woo-products-grid uael-woo-skin-grid-default uael-woo-query-manual\" data-page=\"11277\" data-skin=\"grid_default\"><div class=\"columns-4 uael-woo-products-inner uael-woo-product__column-4 uael-woo-product__column-tablet-3 uael-woo-product__column-mobile-1 uael-woo-product__hover-zoom\"><ul class=\"products columns-4\">\n\n\n<li class=\"art de vivre accessoires cadeaux clara courtaigne d\u00e9co designers post-11267 product first instock taxable shipping-taxable purchasable product-type-variable\">\n\t<div class=\"uael-woo-product-wrapper uael-prod-auto-align-disabled\">\n\t\t<div class=\"uael-woo-products-thumbnail-wrap\"><div class=\"uael-flash-container\"><\/div><a href=\"https:\/\/sentou.fr\/en\/produit\/silhouettes\/\" class=\"woocommerce-LoopProduct-link woocommerce-loop-product__link\"><img decoding=\"async\" width=\"300\" height=\"300\" src=\"https:\/\/sentou.fr\/wp-content\/uploads\/2022\/11\/silhouettes-gamme-ambiance-clara-courtaigne-sentou-edition-300x300.jpg\" class=\"attachment-woocommerce_thumbnail size-woocommerce_thumbnail\" alt=\"Gamme de pat\u00e8res Silhouettes par Clara Courtaigne pour Sentou Edition\" \/><\/a><\/div><div class=\"uael-woo-products-summary-wrap uael-auto-align-disabled\">\t\t\t<span class=\"uael-woo-product-category\">\n\t\t\t\tLifestyle\t\t\t<\/span> \n\t\t\t<a href=\"https:\/\/sentou.fr\/en\/produit\/silhouettes\/\" class=\"uael-loop-product__link\"><h2 class=\"woocommerce-loop-product__title\">SILHOUETTES<\/h2><\/a>\n\t<span class=\"price\" data-no-translation=\"\" data-trp-gettext=\"\"><span class=\"woocommerce-Price-amount amount\"><bdi>42,00<span class=\"woocommerce-Price-currencySymbol\">&euro;<\/span><\/bdi><\/span><\/span>\n<\/div>\t<\/div>\n<\/li>\n<\/ul>\n<\/div><\/div>\t\t\t\t<\/div>\n\t\t\t\t<\/div>\n\t\t\t\t<div class=\"elementor-element elementor-element-e67c6fd elementor-align-right elementor-widget elementor-widget-button\" data-id=\"e67c6fd\" data-element_type=\"widget\" data-e-type=\"widget\" data-widget_type=\"button.default\">\n\t\t\t\t<div class=\"elementor-widget-container\">\n\t\t\t\t\t\t\t\t\t<div class=\"elementor-button-wrapper\">\n\t\t\t\t\t<a class=\"elementor-button elementor-button-link elementor-size-sm\" href=\"https:\/\/sentou.fr\/en\/category-product\/e-shop\/designers\/clara-courtaigne\/\">\n\t\t\t\t\t\t<span class=\"elementor-button-content-wrapper\">\n\t\t\t\t\t\t<span class=\"elementor-button-icon\">\n\t\t\t\t<i aria-hidden=\"true\" class=\"fas fa-long-arrow-alt-right\"><\/i>\t\t\t<\/span>\n\t\t\t\t\t\t\t\t\t<span class=\"elementor-button-text\">See collection<\/span>\n\t\t\t\t\t<\/span>\n\t\t\t\t\t<\/a>\n\t\t\t\t<\/div>\n\t\t\t\t\t\t\t\t<\/div>\n\t\t\t\t<\/div>\n\t\t\t\t\t<\/div>\n\t\t\t\t<\/div>\n\t\t\t\t<\/div>","protected":false},"excerpt":{"rendered":"<p>Clara Courtaigne Clara Courtaigne est une designer fran\u00e7aise au champ d\u2019action large allant de la cr\u00e9ation d\u2019objets et d\u2019accessoires \u00e0 l\u2019habillage graphique et l\u2019illustration. Apr\u00e8s avoir travaill\u00e9 plusieurs ann\u00e9es chez Chanel au studio de cr\u00e9ation horlogerie, puis chez Bonpoint en tant que styliste accessoires elle a d\u00e9cid\u00e9 de se lancer seule sur des projets de [&hellip;]<\/p>\n","protected":false},"author":7,"featured_media":0,"parent":0,"menu_order":0,"comment_status":"closed","ping_status":"closed","template":"elementor_header_footer","meta":{"site-sidebar-layout":"no-sidebar","site-content-layout":"page-builder","ast-site-content-layout":"full-width-container","site-content-style":"unboxed","site-sidebar-style":"unboxed","ast-global-header-display":"","ast-banner-title-visibility":"","ast-main-header-display":"","ast-hfb-above-header-display":"","ast-hfb-below-header-display":"","ast-hfb-mobile-header-display":"","site-post-title":"disabled","ast-breadcrumbs-content":"","ast-featured-img":"disabled","footer-sml-layout":"","ast-disable-related-posts":"","theme-transparent-header-meta":"","adv-header-id-meta":"","stick-header-meta":"","header-above-stick-meta":"","header-main-stick-meta":"","header-below-stick-meta":"","astra-migrate-meta-layouts":"set","ast-page-background-enabled":"default","ast-page-background-meta":{"desktop":{"background-color":"","background-image":"","background-repeat":"repeat","background-position":"center center","background-size":"auto","background-attachment":"scroll","background-type":"","background-media":"","overlay-type":"","overlay-color":"","overlay-opacity":"","overlay-gradient":""},"tablet":{"background-color":"","background-image":"","background-repeat":"repeat","background-position":"center center","background-size":"auto","background-attachment":"scroll","background-type":"","background-media":"","overlay-type":"","overlay-color":"","overlay-opacity":"","overlay-gradient":""},"mobile":{"background-color":"","background-image":"","background-repeat":"repeat","background-position":"center center","background-size":"auto","background-attachment":"scroll","background-type":"","background-media":"","overlay-type":"","overlay-color":"","overlay-opacity":"","overlay-gradient":""}},"ast-content-background-meta":{"desktop":{"background-color":"var(--ast-global-color-5)","background-image":"","background-repeat":"repeat","background-position":"center center","background-size":"auto","background-attachment":"scroll","background-type":"","background-media":"","overlay-type":"","overlay-color":"","overlay-opacity":"","overlay-gradient":""},"tablet":{"background-color":"var(--ast-global-color-5)","background-image":"","background-repeat":"repeat","background-position":"center center","background-size":"auto","background-attachment":"scroll","background-type":"","background-media":"","overlay-type":"","overlay-color":"","overlay-opacity":"","overlay-gradient":""},"mobile":{"background-color":"var(--ast-global-color-5)","background-image":"","background-repeat":"repeat","background-position":"center center","background-size":"auto","background-attachment":"scroll","background-type":"","background-media":"","overlay-type":"","overlay-color":"","overlay-opacity":"","overlay-gradient":""}},"footnotes":""},"class_list":["post-11277","page","type-page","status-publish","hentry","desktop-align-left","tablet-align-left","mobile-align-left","ast-product-gallery-layout-horizontal","ast-product-single-variable","ast-qv-on-image"],"_links":{"self":[{"href":"https:\/\/sentou.fr\/en\/wp-json\/wp\/v2\/pages\/11277","targetHints":{"allow":["GET"]}}],"collection":[{"href":"https:\/\/sentou.fr\/en\/wp-json\/wp\/v2\/pages"}],"about":[{"href":"https:\/\/sentou.fr\/en\/wp-json\/wp\/v2\/types\/page"}],"author":[{"embeddable":true,"href":"https:\/\/sentou.fr\/en\/wp-json\/wp\/v2\/users\/7"}],"replies":[{"embeddable":true,"href":"https:\/\/sentou.fr\/en\/wp-json\/wp\/v2\/comments?post=11277"}],"version-history":[{"count":0,"href":"https:\/\/sentou.fr\/en\/wp-json\/wp\/v2\/pages\/11277\/revisions"}],"wp:attachment":[{"href":"https:\/\/sentou.fr\/en\/wp-json\/wp\/v2\/media?parent=11277"}],"curies":[{"name":"wp","href":"https:\/\/api.w.org\/{rel}","templated":true}]}}