{"id":1882,"date":"2021-07-25T22:02:09","date_gmt":"2021-07-25T22:02:09","guid":{"rendered":"https:\/\/www.sentou2021.malibellule.com\/?page_id=1882"},"modified":"2025-03-10T18:00:32","modified_gmt":"2025-03-10T16:00:32","slug":"sentou-edition","status":"publish","type":"page","link":"https:\/\/sentou.fr\/en\/sentou-edition\/","title":{"rendered":"Sentou Edition"},"content":{"rendered":"<div data-elementor-type=\"wp-page\" data-elementor-id=\"1882\" class=\"elementor elementor-1882\" data-elementor-post-type=\"page\">\n\t\t\t\t<div class=\"elementor-element elementor-element-af922f7 e-flex e-con-boxed e-con e-parent\" data-id=\"af922f7\" data-element_type=\"container\" data-e-type=\"container\">\n\t\t\t\t\t<div class=\"e-con-inner\">\n\t\t\t\t<div class=\"elementor-element elementor-element-aeb4a11 elementor-widget elementor-widget-woocommerce-breadcrumb\" data-id=\"aeb4a11\" data-element_type=\"widget\" data-e-type=\"widget\" data-widget_type=\"woocommerce-breadcrumb.default\">\n\t\t\t\t<div class=\"elementor-widget-container\">\n\t\t\t\t\t<nav class=\"woocommerce-breadcrumb\" aria-label=\"Breadcrumb\" data-no-translation=\"\" data-trp-gettext=\"\">Home<\/nav>\t\t\t\t<\/div>\n\t\t\t\t<\/div>\n\t\t\t\t\t<\/div>\n\t\t\t\t<\/div>\n\t\t<div class=\"elementor-element elementor-element-63594b8 e-flex e-con-boxed e-con e-parent\" data-id=\"63594b8\" data-element_type=\"container\" data-e-type=\"container\" data-settings=\"{&quot;background_background&quot;:&quot;gradient&quot;}\">\n\t\t\t\t\t<div class=\"e-con-inner\">\n\t\t<div class=\"elementor-element elementor-element-906a627 e-con-full e-flex e-con e-child\" data-id=\"906a627\" data-element_type=\"container\" data-e-type=\"container\">\n\t\t\t\t<div class=\"elementor-element elementor-element-f054929 elementor-widget elementor-widget-image\" data-id=\"f054929\" data-element_type=\"widget\" data-e-type=\"widget\" data-settings=\"{&quot;_animation&quot;:&quot;none&quot;}\" data-widget_type=\"image.default\">\n\t\t\t\t<div class=\"elementor-widget-container\">\n\t\t\t\t\t\t\t\t\t\t\t\t\t\t\t<img fetchpriority=\"high\" decoding=\"async\" width=\"700\" height=\"700\" src=\"https:\/\/sentou.fr\/wp-content\/uploads\/2021\/07\/pierre-romanet-designeur-sentou-bw-1290x538-1.jpg\" class=\"attachment-full size-full wp-image-1971\" alt=\"Pierre Romanet, designer des collections Sentou Edition\" srcset=\"https:\/\/sentou.fr\/wp-content\/uploads\/2021\/07\/pierre-romanet-designeur-sentou-bw-1290x538-1.jpg 700w, https:\/\/sentou.fr\/wp-content\/uploads\/2021\/07\/pierre-romanet-designeur-sentou-bw-1290x538-1-300x300.jpg 300w, https:\/\/sentou.fr\/wp-content\/uploads\/2021\/07\/pierre-romanet-designeur-sentou-bw-1290x538-1-150x150.jpg 150w, https:\/\/sentou.fr\/wp-content\/uploads\/2021\/07\/pierre-romanet-designeur-sentou-bw-1290x538-1-65x65.jpg 65w, https:\/\/sentou.fr\/wp-content\/uploads\/2021\/07\/pierre-romanet-designeur-sentou-bw-1290x538-1-12x12.jpg 12w, https:\/\/sentou.fr\/wp-content\/uploads\/2021\/07\/pierre-romanet-designeur-sentou-bw-1290x538-1-20x20.jpg 20w, https:\/\/sentou.fr\/wp-content\/uploads\/2021\/07\/pierre-romanet-designeur-sentou-bw-1290x538-1-600x600.jpg 600w, https:\/\/sentou.fr\/wp-content\/uploads\/2021\/07\/pierre-romanet-designeur-sentou-bw-1290x538-1-100x100.jpg 100w\" sizes=\"(max-width: 700px) 100vw, 700px\" \/>\t\t\t\t\t\t\t\t\t\t\t\t\t\t\t<\/div>\n\t\t\t\t<\/div>\n\t\t\t\t<div class=\"elementor-element elementor-element-1df2d1e elementor-blockquote--skin-quotation elementor-blockquote--align-left elementor-widget elementor-widget-blockquote\" data-id=\"1df2d1e\" data-element_type=\"widget\" data-e-type=\"widget\" data-widget_type=\"blockquote.default\">\n\t\t\t\t<div class=\"elementor-widget-container\">\n\t\t\t\t\t\t\t<blockquote class=\"elementor-blockquote\">\n\t\t\t<p class=\"elementor-blockquote__content\">\n\t\t\t\tCrossing paths with Sentou at a very young age was an amazing opportunity. It is with great pleasure that I keep on designing its future, as I have done for more than 30 years, imagining an Art de Vivre in tune with the times.\t\t\t<\/p>\n\t\t\t\t\t<\/blockquote>\n\t\t\t\t\t\t<\/div>\n\t\t\t\t<\/div>\n\t\t\t\t<div class=\"elementor-element elementor-element-4724bb6 elementor-widget elementor-widget-image\" data-id=\"4724bb6\" data-element_type=\"widget\" data-e-type=\"widget\" data-widget_type=\"image.default\">\n\t\t\t\t<div class=\"elementor-widget-container\">\n\t\t\t\t\t\t\t\t\t\t\t\t\t\t\t<img decoding=\"async\" width=\"800\" height=\"150\" src=\"https:\/\/sentou.fr\/wp-content\/uploads\/2021\/09\/signature-pierre-romanet-2.jpg\" class=\"attachment-full size-full wp-image-6747\" alt=\"Signature Pierre Romanet Sentou\" srcset=\"https:\/\/sentou.fr\/wp-content\/uploads\/2021\/09\/signature-pierre-romanet-2.jpg 800w, https:\/\/sentou.fr\/wp-content\/uploads\/2021\/09\/signature-pierre-romanet-2-300x56.jpg 300w, https:\/\/sentou.fr\/wp-content\/uploads\/2021\/09\/signature-pierre-romanet-2-768x144.jpg 768w, https:\/\/sentou.fr\/wp-content\/uploads\/2021\/09\/signature-pierre-romanet-2-130x24.jpg 130w, https:\/\/sentou.fr\/wp-content\/uploads\/2021\/09\/signature-pierre-romanet-2-18x3.jpg 18w, https:\/\/sentou.fr\/wp-content\/uploads\/2021\/09\/signature-pierre-romanet-2-20x4.jpg 20w, https:\/\/sentou.fr\/wp-content\/uploads\/2021\/09\/signature-pierre-romanet-2-600x113.jpg 600w\" sizes=\"(max-width: 800px) 100vw, 800px\" \/>\t\t\t\t\t\t\t\t\t\t\t\t\t\t\t<\/div>\n\t\t\t\t<\/div>\n\t\t\t\t<\/div>\n\t\t<div class=\"elementor-element elementor-element-a162e78 e-con-full e-flex e-con e-child\" data-id=\"a162e78\" data-element_type=\"container\" data-e-type=\"container\">\n\t\t\t\t<div class=\"elementor-element elementor-element-4c04994 elementor-widget-divider--view-line_text elementor-widget-divider--element-align-left elementor-invisible elementor-widget elementor-widget-divider\" data-id=\"4c04994\" data-element_type=\"widget\" data-e-type=\"widget\" data-settings=\"{&quot;_animation&quot;:&quot;slideInUp&quot;}\" data-widget_type=\"divider.default\">\n\t\t\t\t<div class=\"elementor-widget-container\">\n\t\t\t\t\t\t\t<div class=\"elementor-divider\">\n\t\t\t<span class=\"elementor-divider-separator\">\n\t\t\t\t\t\t\t<h1 class=\"elementor-divider__text elementor-divider__element\">\n\t\t\t\tSentou Edition\t\t\t\t<\/h1>\n\t\t\t\t\t\t<\/span>\n\t\t<\/div>\n\t\t\t\t\t\t<\/div>\n\t\t\t\t<\/div>\n\t\t\t\t<div class=\"elementor-element elementor-element-b43170d elementor-widget elementor-widget-heading\" data-id=\"b43170d\" data-element_type=\"widget\" data-e-type=\"widget\" data-widget_type=\"heading.default\">\n\t\t\t\t<div class=\"elementor-widget-container\">\n\t\t\t\t\t<h3 class=\"elementor-heading-title elementor-size-default\">Pierre Romanet<\/h3>\t\t\t\t<\/div>\n\t\t\t\t<\/div>\n\t\t\t\t<div class=\"elementor-element elementor-element-ababc43 elementor-align-right elementor-widget elementor-widget-button\" data-id=\"ababc43\" data-element_type=\"widget\" data-e-type=\"widget\" data-widget_type=\"button.default\">\n\t\t\t\t<div class=\"elementor-widget-container\">\n\t\t\t\t\t\t\t\t\t<div class=\"elementor-button-wrapper\">\n\t\t\t\t\t<a class=\"elementor-button elementor-button-link elementor-size-sm\" href=\"#collection\">\n\t\t\t\t\t\t<span class=\"elementor-button-content-wrapper\">\n\t\t\t\t\t\t\t\t\t<span class=\"elementor-button-text\">See collection<\/span>\n\t\t\t\t\t<\/span>\n\t\t\t\t\t<\/a>\n\t\t\t\t<\/div>\n\t\t\t\t\t\t\t\t<\/div>\n\t\t\t\t<\/div>\n\t\t\t\t<div class=\"elementor-element elementor-element-f87c481 elementor-widget elementor-widget-text-editor\" data-id=\"f87c481\" data-element_type=\"widget\" data-e-type=\"widget\" data-widget_type=\"text-editor.default\">\n\t\t\t\t<div class=\"elementor-widget-container\">\n\t\t\t\t\t\t\t\t\t<p class=\"translation-block\">After training in design and interior architecture at the Ecole Boulle in Paris, Pierre\nRomanet began his career in the office of the designer Marc Held and took part in several interior architecture and design projects.<\/p><p class=\"translation-block\">In 1989, it was through Marc Held that he met Robert Sentou and his associate Jacques Boissonnas who were looking for a successor to lead the future of the brand. He then took over the management of the company, which had been publishing and distributing furniture for the home and community since 1947, including the creations of great names in design such as Charlotte Perriand and Roger Tallon.<\/p><p>Pierre Romanet d\u00e9cide alors de diversifier et de rajeunir l\u2019offre Sentou, toujours<br \/>majoritairement constitu\u00e9e de mobilier \u00e9dit\u00e9 et fabriqu\u00e9 en exclusivit\u00e9 dans les ateliers du P\u00e9rigord.<\/p><p class=\"translation-block\">He expanded the collections to cover all areas of home furnishing (lighting, tableware, textiles, accessories, etc.) welcoming the exceptional AKARI light sculptures collection by Isamu Noguchi from 1991, as well as creations from new designers like Ts\u00e9&amp;Ts\u00e9 associ\u00e9es, ceramist Brigitte de Bazelaire, extravagant design by Claudio Colucci or the textile creations of Robert le H\u00e9ros, to name but a few. All of these new pieces complemented the historic Sentou collection, which included iconic designs by Roger Tallon, Charlotte Perriand, Roger Fatus, Etienne Fermigier and the most talented designers of the 1950s to 1970s.<\/p><p class=\"translation-block\">In parallel to his activities as a gallery owner, which involved meeting new designers, selecting new pieces and organising exhibitions, Pierre Romanet found his way back to creation in the early 2000s. He revisited iconic designs of the Sentou collection, adapting them to the air du temps...<\/p><p>En complicit\u00e9 avec Romain Luret, ils dessinent et con\u00e7oivent un grand nombre de\u00a0r\u00e9f\u00e9rences qui sont devenues aujourd\u2019hui des incontournables de la <span style=\"color: #fe5000;\"><a style=\"color: #fe5000;\" href=\"https:\/\/sentou.fr\/en\/e-shop\/designers\/sentou\/\">collection Sentou<\/a><\/span><\/p>\t\t\t\t\t\t\t\t<\/div>\n\t\t\t\t<\/div>\n\t\t\t\t<\/div>\n\t\t\t\t\t<\/div>\n\t\t\t\t<\/div>\n\t\t<div class=\"elementor-element elementor-element-4a21dac e-flex e-con-boxed e-con e-parent\" data-id=\"4a21dac\" data-element_type=\"container\" data-e-type=\"container\">\n\t\t\t\t\t<div class=\"e-con-inner\">\n\t\t\t\t<div class=\"elementor-element elementor-element-346e5eb elementor-widget-divider--view-line_text elementor-widget-divider--element-align-left elementor-invisible elementor-widget elementor-widget-divider\" data-id=\"346e5eb\" data-element_type=\"widget\" data-e-type=\"widget\" data-settings=\"{&quot;_animation&quot;:&quot;slideInUp&quot;}\" data-widget_type=\"divider.default\">\n\t\t\t\t<div class=\"elementor-widget-container\">\n\t\t\t\t\t\t\t<div class=\"elementor-divider\">\n\t\t\t<span class=\"elementor-divider-separator\">\n\t\t\t\t\t\t\t<h2 class=\"elementor-divider__text elementor-divider__element\">\n\t\t\t\tSentou style codes\t\t\t\t<\/h2>\n\t\t\t\t\t\t<\/span>\n\t\t<\/div>\n\t\t\t\t\t\t<\/div>\n\t\t\t\t<\/div>\n\t\t\t\t\t<\/div>\n\t\t\t\t<\/div>\n\t\t<div class=\"elementor-element elementor-element-eb2b105 e-flex e-con-boxed e-con e-parent\" data-id=\"eb2b105\" data-element_type=\"container\" data-e-type=\"container\">\n\t\t\t\t\t<div class=\"e-con-inner\">\n\t\t<div class=\"elementor-element elementor-element-118ee82 e-con-full e-flex e-con e-child\" data-id=\"118ee82\" data-element_type=\"container\" data-e-type=\"container\">\n\t\t\t\t<div class=\"elementor-element elementor-element-dd8addc elementor-widget elementor-widget-gallery\" data-id=\"dd8addc\" data-element_type=\"widget\" data-e-type=\"widget\" data-settings=\"{&quot;gap&quot;:{&quot;unit&quot;:&quot;px&quot;,&quot;size&quot;:20,&quot;sizes&quot;:[]},&quot;aspect_ratio&quot;:&quot;1:1&quot;,&quot;overlay_title&quot;:&quot;caption&quot;,&quot;gallery_layout&quot;:&quot;grid&quot;,&quot;columns&quot;:4,&quot;columns_tablet&quot;:2,&quot;columns_mobile&quot;:1,&quot;gap_tablet&quot;:{&quot;unit&quot;:&quot;px&quot;,&quot;size&quot;:10,&quot;sizes&quot;:[]},&quot;gap_mobile&quot;:{&quot;unit&quot;:&quot;px&quot;,&quot;size&quot;:10,&quot;sizes&quot;:[]},&quot;overlay_background&quot;:&quot;yes&quot;,&quot;content_hover_animation&quot;:&quot;fade-in&quot;}\" data-widget_type=\"gallery.default\">\n\t\t\t\t<div class=\"elementor-widget-container\">\n\t\t\t\t\t\t\t<div class=\"elementor-gallery__container\">\n\t\t\t\t\t\t\t<div class=\"e-gallery-item elementor-gallery-item elementor-animated-content\" tabindex=\"0\">\n\t\t\t\t\t<div class=\"e-gallery-image elementor-gallery-item__image\" data-thumbnail=\"https:\/\/sentou.fr\/wp-content\/uploads\/2021\/08\/canape-coogee-pierre-romanet-sentou-edition-archive-300x300.jpg\" data-width=\"300\" data-height=\"300\" aria-label=\"Canap\u00e9 Coogee cr\u00e9\u00e9 par Pierre Romanet pour Sentou Edition\" role=\"img\" ><\/div>\n\t\t\t\t\t\t\t\t\t\t\t<div class=\"elementor-gallery-item__overlay\"><\/div>\n\t\t\t\t\t\t\t\t\t\t\t\t\t\t\t<div class=\"elementor-gallery-item__content\">\n\t\t\t\t\t\t\t\t\t\t\t\t\t\t<div class=\"elementor-gallery-item__title\">\n\t\t\t\t\t\t\t\t\t\t\t\t\t\t\t\t\t\tCanap\u00e9 Coogee, Sentou Edition\t\t\t\t\t\t\t\t<\/div>\n\t\t\t\t\t\t\t\t\t\t\t\t<\/div>\n\t\t\t\t\t\t\t\t\t<\/div>\n\t\t\t\t\t\t\t<div class=\"e-gallery-item elementor-gallery-item elementor-animated-content\" tabindex=\"0\">\n\t\t\t\t\t<div class=\"e-gallery-image elementor-gallery-item__image\" data-thumbnail=\"https:\/\/sentou.fr\/wp-content\/uploads\/2021\/08\/bahut-bronti-pierre-romanet-sentou-edition-archive-300x300.jpg\" data-width=\"300\" data-height=\"300\" aria-label=\"Bahut Bronti cr\u00e9\u00e9 par Pierre Romanet pour Sentou Edition\" role=\"img\" ><\/div>\n\t\t\t\t\t\t\t\t\t\t\t<div class=\"elementor-gallery-item__overlay\"><\/div>\n\t\t\t\t\t\t\t\t\t\t\t\t\t\t\t<div class=\"elementor-gallery-item__content\">\n\t\t\t\t\t\t\t\t\t\t\t\t\t\t<div class=\"elementor-gallery-item__title\">\n\t\t\t\t\t\t\t\t\t\t\t\t\t\t\t\t\t\tBahut Bronti, Sentou Edition\t\t\t\t\t\t\t\t<\/div>\n\t\t\t\t\t\t\t\t\t\t\t\t<\/div>\n\t\t\t\t\t\t\t\t\t<\/div>\n\t\t\t\t\t\t\t<div class=\"e-gallery-item elementor-gallery-item elementor-animated-content\" tabindex=\"0\">\n\t\t\t\t\t<div class=\"e-gallery-image elementor-gallery-item__image\" data-thumbnail=\"https:\/\/sentou.fr\/wp-content\/uploads\/2021\/08\/tabouret-bergerac-pierre-romanet-sentou-edition-archive-300x300.jpg\" data-width=\"300\" data-height=\"300\" aria-label=\"Tabourets Bergerac dessin\u00e9s par Pierre Romanet pour Sentou Edition\" role=\"img\" ><\/div>\n\t\t\t\t\t\t\t\t\t\t\t<div class=\"elementor-gallery-item__overlay\"><\/div>\n\t\t\t\t\t\t\t\t\t\t\t\t\t\t\t<div class=\"elementor-gallery-item__content\">\n\t\t\t\t\t\t\t\t\t\t\t\t\t\t<div class=\"elementor-gallery-item__title\">\n\t\t\t\t\t\t\t\t\t\t\t\t\t\t\t\t\t\tTabouret Bergerac, Sentou Edition\t\t\t\t\t\t\t\t<\/div>\n\t\t\t\t\t\t\t\t\t\t\t\t<\/div>\n\t\t\t\t\t\t\t\t\t<\/div>\n\t\t\t\t\t\t\t<div class=\"e-gallery-item elementor-gallery-item elementor-animated-content\" tabindex=\"0\">\n\t\t\t\t\t<div class=\"e-gallery-image elementor-gallery-item__image\" data-thumbnail=\"https:\/\/sentou.fr\/wp-content\/uploads\/2021\/08\/4-table-luna-pierre-romanet-sentou-edition-archive-300x300.jpg\" data-width=\"300\" data-height=\"300\" aria-label=\"Table Luna cr\u00e9\u00e9e par Pierre Romanet pour Sentou Edition\" role=\"img\" ><\/div>\n\t\t\t\t\t\t\t\t\t\t\t<div class=\"elementor-gallery-item__overlay\"><\/div>\n\t\t\t\t\t\t\t\t\t\t\t\t\t\t\t<div class=\"elementor-gallery-item__content\">\n\t\t\t\t\t\t\t\t\t\t\t\t\t\t<div class=\"elementor-gallery-item__title\">\n\t\t\t\t\t\t\t\t\t\t\t\t\t\t\t\t\t\tTable Luna, Sentou Edition\t\t\t\t\t\t\t\t<\/div>\n\t\t\t\t\t\t\t\t\t\t\t\t<\/div>\n\t\t\t\t\t\t\t\t\t<\/div>\n\t\t\t\t\t<\/div>\n\t\t\t\t\t<\/div>\n\t\t\t\t<\/div>\n\t\t\t\t<\/div>\n\t\t\t\t\t<\/div>\n\t\t\t\t<\/div>\n\t\t<div class=\"elementor-element elementor-element-9fcd19e e-flex e-con-boxed e-con e-parent\" data-id=\"9fcd19e\" data-element_type=\"container\" data-e-type=\"container\" id=\"collection\" data-settings=\"{&quot;background_background&quot;:&quot;gradient&quot;}\">\n\t\t\t\t\t<div class=\"e-con-inner\">\n\t\t<div class=\"elementor-element elementor-element-cd198d4 e-con-full e-flex e-con e-child\" data-id=\"cd198d4\" data-element_type=\"container\" data-e-type=\"container\">\n\t\t\t\t<div class=\"elementor-element elementor-element-ca73dae elementor-widget-divider--view-line_text elementor-widget-divider--element-align-left elementor-invisible elementor-widget elementor-widget-divider\" data-id=\"ca73dae\" data-element_type=\"widget\" data-e-type=\"widget\" data-settings=\"{&quot;_animation&quot;:&quot;slideInUp&quot;}\" data-widget_type=\"divider.default\">\n\t\t\t\t<div class=\"elementor-widget-container\">\n\t\t\t\t\t\t\t<div class=\"elementor-divider\">\n\t\t\t<span class=\"elementor-divider-separator\">\n\t\t\t\t\t\t\t<h2 class=\"elementor-divider__text elementor-divider__element\">\n\t\t\t\tE-Shop\t\t\t\t<\/h2>\n\t\t\t\t\t\t<\/span>\n\t\t<\/div>\n\t\t\t\t\t\t<\/div>\n\t\t\t\t<\/div>\n\t\t\t\t<div class=\"elementor-element elementor-element-1a0c109 uael-sale-flash-circle elementor-widget elementor-widget-uael-woo-products\" data-id=\"1a0c109\" data-element_type=\"widget\" data-e-type=\"widget\" data-settings=\"{&quot;_animation&quot;:&quot;none&quot;,&quot;products_columns&quot;:&quot;4&quot;,&quot;products_columns_tablet&quot;:&quot;3&quot;,&quot;products_columns_mobile&quot;:&quot;1&quot;}\" data-widget_type=\"uael-woo-products.grid-default\">\n\t\t\t\t<div class=\"elementor-widget-container\">\n\t\t\t\t\t<div class=\"uael-woocommerce uael-woo-products-grid uael-woo-skin-grid-default uael-woo-query-manual\" data-page=\"1882\" data-skin=\"grid_default\"><div class=\"columns-4 uael-woo-products-inner uael-woo-product__column-4 uael-woo-product__column-tablet-3 uael-woo-product__column-mobile-1 uael-woo-product__hover-zoom\"><ul class=\"products columns-4\">\n\n\n<li class=\"bahut designers e-shop mobilier pierre romanet sentou \u00c9dition post-139827 product first instock taxable shipping-taxable purchasable product-type-variable\">\n\t<div class=\"uael-woo-product-wrapper uael-prod-auto-align-disabled\">\n\t\t<div class=\"uael-woo-products-thumbnail-wrap\"><div class=\"uael-flash-container\"><\/div><a href=\"https:\/\/sentou.fr\/en\/produit\/bahut-bergerac\/\" class=\"woocommerce-LoopProduct-link woocommerce-loop-product__link\"><img decoding=\"async\" width=\"300\" height=\"300\" src=\"https:\/\/sentou.fr\/wp-content\/uploads\/2023\/10\/bahut-bergerac-sentou-edition-jaune-perspective-300x300.jpg\" class=\"attachment-woocommerce_thumbnail size-woocommerce_thumbnail\" alt=\"Bahut Bergerac en ch\u00eane verni et portes laqu\u00e9es Sentou Edition\" \/><\/a><\/div><div class=\"uael-woo-products-summary-wrap uael-auto-align-disabled\">\t\t\t<span class=\"uael-woo-product-category\">\n\t\t\t\tSideboard\t\t\t<\/span> \n\t\t\t<a href=\"https:\/\/sentou.fr\/en\/produit\/bahut-bergerac\/\" class=\"uael-loop-product__link\"><h2 class=\"woocommerce-loop-product__title\">Bergerac sideboard<\/h2><\/a>\n\t<span class=\"price\" data-no-translation=\"\" data-trp-gettext=\"\"><span class=\"woocommerce-Price-amount amount\"><bdi>950,00<span class=\"woocommerce-Price-currencySymbol\">&euro;<\/span><\/bdi><\/span><\/span>\n<\/div>\t<\/div>\n<\/li>\n\n\n<li class=\"d\u00e9co cadeaux miroirs pierre romanet sentou \u00c9dition post-4897 product  instock featured taxable shipping-taxable purchasable product-type-variable has-default-attributes\">\n\t<div class=\"uael-woo-product-wrapper uael-prod-auto-align-disabled\">\n\t\t<div class=\"uael-woo-products-thumbnail-wrap\"><div class=\"uael-flash-container\"><\/div><a href=\"https:\/\/sentou.fr\/en\/produit\/miroirs-bombes-endora\/\" class=\"woocommerce-LoopProduct-link woocommerce-loop-product__link\"><img loading=\"lazy\" decoding=\"async\" width=\"300\" height=\"300\" src=\"https:\/\/sentou.fr\/wp-content\/uploads\/2021\/08\/01-miroir-bombe-endora-sentou-edition-serie-300x300.jpg\" class=\"attachment-woocommerce_thumbnail size-woocommerce_thumbnail\" alt=\"Collection de miroirs bomb\u00e9s Endora argent Sentou Edition\" \/><\/a><\/div><div class=\"uael-woo-products-summary-wrap uael-auto-align-disabled\">\t\t\t<span class=\"uael-woo-product-category\">\n\t\t\t\tHome Accessories\t\t\t<\/span> \n\t\t\t<a href=\"https:\/\/sentou.fr\/en\/produit\/miroirs-bombes-endora\/\" class=\"uael-loop-product__link\"><h2 class=\"woocommerce-loop-product__title\">Endora curved mirror<\/h2><\/a>\n\t<span class=\"price\" data-no-translation=\"\" data-trp-gettext=\"\">From <span class=\"woocommerce-Price-amount amount\"><bdi>45,00<span class=\"woocommerce-Price-currencySymbol\">&euro;<\/span><\/bdi><\/span><\/span>\n<\/div>\t<\/div>\n<\/li>\n\n\n<li class=\"d\u00e9co cadeaux collectors mobiles sentou \u00c9dition post-3706 product  instock taxable shipping-taxable purchasable product-type-simple\">\n\t<div class=\"uael-woo-product-wrapper uael-prod-auto-align-disabled\">\n\t\t<div class=\"uael-woo-products-thumbnail-wrap\"><div class=\"uael-flash-container\"><\/div><a href=\"https:\/\/sentou.fr\/en\/produit\/mobile-omi-grand-modele\/\" class=\"woocommerce-LoopProduct-link woocommerce-loop-product__link\"><img loading=\"lazy\" decoding=\"async\" width=\"300\" height=\"300\" src=\"https:\/\/sentou.fr\/wp-content\/uploads\/2023\/09\/mobile-omi-xl-sentou-edition-ambiance-4-300x300.jpg\" class=\"attachment-woocommerce_thumbnail size-woocommerce_thumbnail\" alt=\"OMI large mobile sculpture\" \/><\/a><\/div><div class=\"uael-woo-products-summary-wrap uael-auto-align-disabled\">\t\t\t<span class=\"uael-woo-product-category\">\n\t\t\t\tHome Accessories\t\t\t<\/span> \n\t\t\t<a href=\"https:\/\/sentou.fr\/en\/produit\/mobile-omi-grand-modele\/\" class=\"uael-loop-product__link\"><h2 class=\"woocommerce-loop-product__title\">OMI large mobile sculpture<\/h2><\/a>\n\t<span class=\"price\"><span class=\"woocommerce-Price-amount amount\"><bdi>380,00<span class=\"woocommerce-Price-currencySymbol\">&euro;<\/span><\/bdi><\/span><\/span>\n<\/div>\t<\/div>\n<\/li>\n<\/ul>\n<\/div><\/div>\t\t\t\t<\/div>\n\t\t\t\t<\/div>\n\t\t\t\t<div class=\"elementor-element elementor-element-8db31eb elementor-align-right elementor-widget elementor-widget-button\" data-id=\"8db31eb\" data-element_type=\"widget\" data-e-type=\"widget\" data-widget_type=\"button.default\">\n\t\t\t\t<div class=\"elementor-widget-container\">\n\t\t\t\t\t\t\t\t\t<div class=\"elementor-button-wrapper\">\n\t\t\t\t\t<a class=\"elementor-button elementor-button-link elementor-size-sm\" href=\"https:\/\/sentou.fr\/en\/category-product\/e-shop\/designers\/sentou\/pierre-romanet\/\">\n\t\t\t\t\t\t<span class=\"elementor-button-content-wrapper\">\n\t\t\t\t\t\t<span class=\"elementor-button-icon\">\n\t\t\t\t<i aria-hidden=\"true\" class=\"fas fa-long-arrow-alt-right\"><\/i>\t\t\t<\/span>\n\t\t\t\t\t\t\t\t\t<span class=\"elementor-button-text\">See collection <\/span>\n\t\t\t\t\t<\/span>\n\t\t\t\t\t<\/a>\n\t\t\t\t<\/div>\n\t\t\t\t\t\t\t\t<\/div>\n\t\t\t\t<\/div>\n\t\t\t\t<\/div>\n\t\t\t\t\t<\/div>\n\t\t\t\t<\/div>\n\t\t\t\t<\/div>","protected":false},"excerpt":{"rendered":"<p>Croiser tr\u00e8s jeune la route de cette belle maison qu&rsquo;est Sentou a \u00e9t\u00e9 une chance. C&rsquo;est avec un plaisir intense que je continue \u00e0 l\u2019accompagner depuis plus de 30 ans, et \u00e0 imaginer un Art de vivre dans l\u2019air du temps. Sentou \u00c9dition Pierre Romanet Voir la collection Apr\u00e8s une formation en design et architecture [&hellip;]<\/p>\n","protected":false},"author":2,"featured_media":1971,"parent":0,"menu_order":0,"comment_status":"closed","ping_status":"closed","template":"elementor_header_footer","meta":{"site-sidebar-layout":"no-sidebar","site-content-layout":"page-builder","ast-site-content-layout":"full-width-container","site-content-style":"unboxed","site-sidebar-style":"unboxed","ast-global-header-display":"","ast-banner-title-visibility":"","ast-main-header-display":"","ast-hfb-above-header-display":"","ast-hfb-below-header-display":"","ast-hfb-mobile-header-display":"","site-post-title":"disabled","ast-breadcrumbs-content":"","ast-featured-img":"disabled","footer-sml-layout":"","ast-disable-related-posts":"","theme-transparent-header-meta":"default","adv-header-id-meta":"","stick-header-meta":"default","header-above-stick-meta":"","header-main-stick-meta":"","header-below-stick-meta":"","astra-migrate-meta-layouts":"set","ast-page-background-enabled":"default","ast-page-background-meta":{"desktop":{"background-color":"","background-image":"","background-repeat":"repeat","background-position":"center center","background-size":"auto","background-attachment":"scroll","background-type":"","background-media":"","overlay-type":"","overlay-color":"","overlay-opacity":"","overlay-gradient":""},"tablet":{"background-color":"","background-image":"","background-repeat":"repeat","background-position":"center center","background-size":"auto","background-attachment":"scroll","background-type":"","background-media":"","overlay-type":"","overlay-color":"","overlay-opacity":"","overlay-gradient":""},"mobile":{"background-color":"","background-image":"","background-repeat":"repeat","background-position":"center center","background-size":"auto","background-attachment":"scroll","background-type":"","background-media":"","overlay-type":"","overlay-color":"","overlay-opacity":"","overlay-gradient":""}},"ast-content-background-meta":{"desktop":{"background-color":"var(--ast-global-color-5)","background-image":"","background-repeat":"repeat","background-position":"center center","background-size":"auto","background-attachment":"scroll","background-type":"","background-media":"","overlay-type":"","overlay-color":"","overlay-opacity":"","overlay-gradient":""},"tablet":{"background-color":"var(--ast-global-color-5)","background-image":"","background-repeat":"repeat","background-position":"center center","background-size":"auto","background-attachment":"scroll","background-type":"","background-media":"","overlay-type":"","overlay-color":"","overlay-opacity":"","overlay-gradient":""},"mobile":{"background-color":"var(--ast-global-color-5)","background-image":"","background-repeat":"repeat","background-position":"center center","background-size":"auto","background-attachment":"scroll","background-type":"","background-media":"","overlay-type":"","overlay-color":"","overlay-opacity":"","overlay-gradient":""}},"footnotes":""},"class_list":["post-1882","page","type-page","status-publish","has-post-thumbnail","hentry","desktop-align-left","tablet-align-left","mobile-align-left","ast-product-gallery-layout-horizontal","ast-qv-on-image"],"_links":{"self":[{"href":"https:\/\/sentou.fr\/en\/wp-json\/wp\/v2\/pages\/1882","targetHints":{"allow":["GET"]}}],"collection":[{"href":"https:\/\/sentou.fr\/en\/wp-json\/wp\/v2\/pages"}],"about":[{"href":"https:\/\/sentou.fr\/en\/wp-json\/wp\/v2\/types\/page"}],"author":[{"embeddable":true,"href":"https:\/\/sentou.fr\/en\/wp-json\/wp\/v2\/users\/2"}],"replies":[{"embeddable":true,"href":"https:\/\/sentou.fr\/en\/wp-json\/wp\/v2\/comments?post=1882"}],"version-history":[{"count":0,"href":"https:\/\/sentou.fr\/en\/wp-json\/wp\/v2\/pages\/1882\/revisions"}],"wp:featuredmedia":[{"embeddable":true,"href":"https:\/\/sentou.fr\/en\/wp-json\/wp\/v2\/media\/1971"}],"wp:attachment":[{"href":"https:\/\/sentou.fr\/en\/wp-json\/wp\/v2\/media?parent=1882"}],"curies":[{"name":"wp","href":"https:\/\/api.w.org\/{rel}","templated":true}]}}