{"id":6068,"date":"2021-09-03T16:59:38","date_gmt":"2021-09-03T14:59:38","guid":{"rendered":"https:\/\/www.sentou2021.malibellule.com\/?page_id=6068"},"modified":"2025-03-10T18:01:07","modified_gmt":"2025-03-10T16:01:07","slug":"mentions-legales","status":"publish","type":"page","link":"https:\/\/sentou.fr\/en\/mentions-legales\/","title":{"rendered":"Legal notices"},"content":{"rendered":"<div data-elementor-type=\"wp-page\" data-elementor-id=\"6068\" class=\"elementor elementor-6068\" data-elementor-post-type=\"page\">\n\t\t\t\t<div class=\"elementor-element elementor-element-9abbc8c e-flex e-con-boxed e-con e-parent\" data-id=\"9abbc8c\" data-element_type=\"container\" data-e-type=\"container\">\n\t\t\t\t\t<div class=\"e-con-inner\">\n\t\t<div class=\"elementor-element elementor-element-98cb883 e-con-full e-flex e-con e-child\" data-id=\"98cb883\" data-element_type=\"container\" data-e-type=\"container\">\n\t\t\t\t<div class=\"elementor-element elementor-element-7e54f52 elementor-widget-divider--view-line_text elementor-widget-divider--element-align-left elementor-widget elementor-widget-divider\" data-id=\"7e54f52\" data-element_type=\"widget\" data-e-type=\"widget\" data-widget_type=\"divider.default\">\n\t\t\t\t<div class=\"elementor-widget-container\">\n\t\t\t\t\t\t\t<div class=\"elementor-divider\">\n\t\t\t<span class=\"elementor-divider-separator\">\n\t\t\t\t\t\t\t<h1 class=\"elementor-divider__text elementor-divider__element\">\n\t\t\t\tLegal notices\t\t\t\t<\/h1>\n\t\t\t\t\t\t<\/span>\n\t\t<\/div>\n\t\t\t\t\t\t<\/div>\n\t\t\t\t<\/div>\n\t\t\t\t<\/div>\n\t\t\t\t\t<\/div>\n\t\t\t\t<\/div>\n\t\t<div class=\"elementor-element elementor-element-1a7ce8f e-flex e-con-boxed e-con e-parent\" data-id=\"1a7ce8f\" data-element_type=\"container\" data-e-type=\"container\">\n\t\t\t\t\t<div class=\"e-con-inner\">\n\t\t<div class=\"elementor-element elementor-element-a65106a e-con-full e-flex e-con e-child\" data-id=\"a65106a\" data-element_type=\"container\" data-e-type=\"container\">\n\t\t\t\t<div class=\"elementor-element elementor-element-05209fa elementor-widget elementor-widget-text-editor\" data-id=\"05209fa\" data-element_type=\"widget\" data-e-type=\"widget\" data-widget_type=\"text-editor.default\">\n\t\t\t\t<div class=\"elementor-widget-container\">\n\t\t\t\t\t\t\t\t\t<h4>Information<\/h4><p>The website www.sentou.fr is published by SENTOU SAS, a simplified limited  company with a capital of 5,000 Euros, registered with the Paris Trade and Companies Register under number 902 412 022 - intra-community VAT number FR 902 412 022 and whose head office is located : 15 rue de la Forge Royale 75011 Paris, FRANCE<\/p><p>The contact details of the company SENTOU SAS are as follows:<\/p><ul><li>Phone : +33 (0)9 50 58 76 96<\/li><li>Email : sentou@sentou.fr<\/li><\/ul><h4>Director of the publication<\/h4><p>Pierre Romanet president of SENTOU SAS<\/p><h4>Hosting<\/h4><p>The website www.sentou.fr is hosted by Infomaniak whose head office is Infomaniak Network SA Rue Eug\u00e8ne-Marziano, 25 CH - 1227 Geneva - Switzerland<\/p><ul><li>Phone : +41 22 820 35 44<\/li><li>website : www.infomaniak.com<\/li><\/ul><h4>Creation of the site<\/h4><p>The website www.sentou.fr was developed and designed by Karine Touya and Laurence Fernando www.malibellule.fr <a href=\"https:\/\/www.malibellule.fr\/\" target=\"_blank\" rel=\"noopener\">https:\/\/www.malibellule.fr\/<\/a><\/p>\t\t\t\t\t\t\t\t<\/div>\n\t\t\t\t<\/div>\n\t\t\t\t<\/div>\n\t\t<div class=\"elementor-element elementor-element-2faa697 e-con-full e-flex e-con e-child\" data-id=\"2faa697\" data-element_type=\"container\" data-e-type=\"container\">\n\t\t\t\t<div class=\"elementor-element elementor-element-742d3bd elementor-widget elementor-widget-text-editor\" data-id=\"742d3bd\" data-element_type=\"widget\" data-e-type=\"widget\" data-widget_type=\"text-editor.default\">\n\t\t\t\t<div class=\"elementor-widget-container\">\n\t\t\t\t\t\t\t\t\t<h4>Intellectual property<\/h4><p>The general structure, as well as the content such as texts, graphics, databases, images and sounds and all other elements making up this site are the exclusive property of Sentou.<\/p><p>Any representation and\/or reproduction and\/or exploitation of these products, in whole or in part, is therefore prohibited.<\/p><p>Free access to the website does not give you the right to use, reproduce or represent any of the elements of the website, and in particular the brands represented on it.<\/p><p>Any representation and\/or reproduction and\/or use of this site, in whole or in part, including any of its components, and the trademarks represented therein, by any means whatsoever, without the express prior authorization of Sentou, is prohibited and constitutes an infringement within the meaning of articles L335-2 and\/or L716-1 of the French Intellectual Property Code.\u00a0<\/p><h4>Hyperlinks<\/h4><p>Hyperlinks proposed from this website, and in particular hyperlinks pointing to partner websites, are implemented only with the agreement of the companies and organizations concerned. Any hyperlink to the Sentou website must be authorized by Sentou, which you can request via our <a href=\"https:\/\/sentou.fr\/en\/contact-us\/\"><span style=\"text-decoration: underline;\">contact form<\/span><\/a><\/p>\t\t\t\t\t\t\t\t<\/div>\n\t\t\t\t<\/div>\n\t\t\t\t<\/div>\n\t\t\t\t\t<\/div>\n\t\t\t\t<\/div>\n\t\t\t\t<\/div>","protected":false},"excerpt":{"rendered":"<p>Mentions l\u00e9gales Informations Le site internet www.sentou.fr est \u00e9dit\u00e9 par la soci\u00e9t\u00e9 SENTOU SAS soci\u00e9t\u00e9 par actions simplifi\u00e9e, au capital de 5.000euros, immatricul\u00e9e au Registre du Commerce et des Soci\u00e9t\u00e9s de Paris sous le n 902 412 022 &#8211; num\u00e9ro de TVA intracommunautaire FR 902 412 022 et dont le si\u00e8ge social est situ\u00e9 au [&hellip;]<\/p>\n","protected":false},"author":3,"featured_media":0,"parent":0,"menu_order":0,"comment_status":"closed","ping_status":"closed","template":"elementor_header_footer","meta":{"site-sidebar-layout":"no-sidebar","site-content-layout":"page-builder","ast-site-content-layout":"default","site-content-style":"default","site-sidebar-style":"default","ast-global-header-display":"","ast-banner-title-visibility":"","ast-main-header-display":"","ast-hfb-above-header-display":"","ast-hfb-below-header-display":"","ast-hfb-mobile-header-display":"","site-post-title":"disabled","ast-breadcrumbs-content":"","ast-featured-img":"disabled","footer-sml-layout":"","ast-disable-related-posts":"","theme-transparent-header-meta":"default","adv-header-id-meta":"","stick-header-meta":"default","header-above-stick-meta":"","header-main-stick-meta":"","header-below-stick-meta":"","astra-migrate-meta-layouts":"default","ast-page-background-enabled":"default","ast-page-background-meta":{"desktop":{"background-color":"","background-image":"","background-repeat":"repeat","background-position":"center center","background-size":"auto","background-attachment":"scroll","background-type":"","background-media":"","overlay-type":"","overlay-color":"","overlay-opacity":"","overlay-gradient":""},"tablet":{"background-color":"","background-image":"","background-repeat":"repeat","background-position":"center center","background-size":"auto","background-attachment":"scroll","background-type":"","background-media":"","overlay-type":"","overlay-color":"","overlay-opacity":"","overlay-gradient":""},"mobile":{"background-color":"","background-image":"","background-repeat":"repeat","background-position":"center center","background-size":"auto","background-attachment":"scroll","background-type":"","background-media":"","overlay-type":"","overlay-color":"","overlay-opacity":"","overlay-gradient":""}},"ast-content-background-meta":{"desktop":{"background-color":"var(--ast-global-color-5)","background-image":"","background-repeat":"repeat","background-position":"center center","background-size":"auto","background-attachment":"scroll","background-type":"","background-media":"","overlay-type":"","overlay-color":"","overlay-opacity":"","overlay-gradient":""},"tablet":{"background-color":"var(--ast-global-color-5)","background-image":"","background-repeat":"repeat","background-position":"center center","background-size":"auto","background-attachment":"scroll","background-type":"","background-media":"","overlay-type":"","overlay-color":"","overlay-opacity":"","overlay-gradient":""},"mobile":{"background-color":"var(--ast-global-color-5)","background-image":"","background-repeat":"repeat","background-position":"center center","background-size":"auto","background-attachment":"scroll","background-type":"","background-media":"","overlay-type":"","overlay-color":"","overlay-opacity":"","overlay-gradient":""}},"footnotes":""},"class_list":["post-6068","page","type-page","status-publish","hentry"],"_links":{"self":[{"href":"https:\/\/sentou.fr\/en\/wp-json\/wp\/v2\/pages\/6068","targetHints":{"allow":["GET"]}}],"collection":[{"href":"https:\/\/sentou.fr\/en\/wp-json\/wp\/v2\/pages"}],"about":[{"href":"https:\/\/sentou.fr\/en\/wp-json\/wp\/v2\/types\/page"}],"author":[{"embeddable":true,"href":"https:\/\/sentou.fr\/en\/wp-json\/wp\/v2\/users\/3"}],"replies":[{"embeddable":true,"href":"https:\/\/sentou.fr\/en\/wp-json\/wp\/v2\/comments?post=6068"}],"version-history":[{"count":0,"href":"https:\/\/sentou.fr\/en\/wp-json\/wp\/v2\/pages\/6068\/revisions"}],"wp:attachment":[{"href":"https:\/\/sentou.fr\/en\/wp-json\/wp\/v2\/media?parent=6068"}],"curies":[{"name":"wp","href":"https:\/\/api.w.org\/{rel}","templated":true}]}}