{"id":6240,"date":"2021-09-05T12:04:35","date_gmt":"2021-09-05T10:04:35","guid":{"rendered":"https:\/\/www.sentou2021.malibellule.com\/?page_id=6240"},"modified":"2025-03-10T18:05:15","modified_gmt":"2025-03-10T16:05:15","slug":"deliveries-returns","status":"publish","type":"page","link":"https:\/\/sentou.fr\/en\/livraisons-retours\/","title":{"rendered":"Livraisons &#038; retours"},"content":{"rendered":"<div data-elementor-type=\"wp-page\" data-elementor-id=\"6240\" class=\"elementor elementor-6240\" data-elementor-post-type=\"page\">\n\t\t\t\t<div class=\"elementor-element elementor-element-ae209c3 e-flex e-con-boxed e-con e-parent\" data-id=\"ae209c3\" data-element_type=\"container\" data-e-type=\"container\">\n\t\t\t\t\t<div class=\"e-con-inner\">\n\t\t<div class=\"elementor-element elementor-element-504c7d0 e-con-full e-flex e-con e-child\" data-id=\"504c7d0\" data-element_type=\"container\" data-e-type=\"container\">\n\t\t\t\t<div class=\"elementor-element elementor-element-c5b3240 elementor-widget-divider--view-line_text elementor-widget-divider--element-align-left elementor-widget elementor-widget-divider\" data-id=\"c5b3240\" data-element_type=\"widget\" data-e-type=\"widget\" data-widget_type=\"divider.default\">\n\t\t\t\t<div class=\"elementor-widget-container\">\n\t\t\t\t\t\t\t<div class=\"elementor-divider\">\n\t\t\t<span class=\"elementor-divider-separator\">\n\t\t\t\t\t\t\t<h1 class=\"elementor-divider__text elementor-divider__element\">\n\t\t\t\tDelivery and returns\t\t\t\t<\/h1>\n\t\t\t\t\t\t<\/span>\n\t\t<\/div>\n\t\t\t\t\t\t<\/div>\n\t\t\t\t<\/div>\n\t\t\t\t<\/div>\n\t\t\t\t\t<\/div>\n\t\t\t\t<\/div>\n\t\t<div class=\"elementor-element elementor-element-28b8d3c e-flex e-con-boxed e-con e-parent\" data-id=\"28b8d3c\" data-element_type=\"container\" data-e-type=\"container\">\n\t\t\t\t\t<div class=\"e-con-inner\">\n\t\t<div class=\"elementor-element elementor-element-63a97ae e-con-full e-flex e-con e-child\" data-id=\"63a97ae\" data-element_type=\"container\" data-e-type=\"container\">\n\t\t\t\t<div class=\"elementor-element elementor-element-1e79827 elementor-widget elementor-widget-heading\" data-id=\"1e79827\" data-element_type=\"widget\" data-e-type=\"widget\" data-widget_type=\"heading.default\">\n\t\t\t\t<div class=\"elementor-widget-container\">\n\t\t\t\t\t<h2 class=\"elementor-heading-title elementor-size-default\">Delivery<\/h2>\t\t\t\t<\/div>\n\t\t\t\t<\/div>\n\t\t\t\t<div class=\"elementor-element elementor-element-48344c3 elementor-widget elementor-widget-text-editor\" data-id=\"48344c3\" data-element_type=\"widget\" data-e-type=\"widget\" data-widget_type=\"text-editor.default\">\n\t\t\t\t<div class=\"elementor-widget-container\">\n\t\t\t\t\t\t\t\t\t<ul><li><strong>Preparation and delivery time of your order\u00a0<\/strong><\/li><\/ul><p>After validation of the order and confirmation of its payment, the order will be prepared within 3 to 4 working days. Once the package is shipped, it will be delivered within 3 to 5 days in France.<\/p><ul><li><strong>Delivery rates\u00a0<\/strong><\/li><\/ul><p>Our delivery charges are calculated according to the weight and volume of the package. The amount of the delivery charges is visible just before the confirmation of the order.\u00a0<\/p><p>For international shipping, prices in our e-shop are given in euros including VAT, but the customs charges are not included in the final price. The customs charges must be paid by the Customer directly to the carrier to validate the delivery of the parcels.\u00a0<\/p><ul><li><strong>Delivery zones\u00a0<\/strong><\/li><\/ul><p>We deliver in France and all around the world\u00a0<\/p><ul><li><strong>Track your order\u00a0<\/strong><\/li><\/ul><p>You will be able to track your package from the moment the order is handed over to the transport provider. An email will be sent to the email address provided with a link and tracking number that will allow you to follow your package.<\/p><ul><li><strong>Absence on the day of your delivery<\/strong><\/li><\/ul><p>In case of absence on the day of delivery, you will be notified by a notice of passage indicating the procedure to follow to agree on a new delivery or a withdrawal in a post office.<\/p>\t\t\t\t\t\t\t\t<\/div>\n\t\t\t\t<\/div>\n\t\t\t\t<\/div>\n\t\t<div class=\"elementor-element elementor-element-5f76c4a e-con-full e-flex e-con e-child\" data-id=\"5f76c4a\" data-element_type=\"container\" data-e-type=\"container\">\n\t\t\t\t<div class=\"elementor-element elementor-element-9fea588 elementor-widget elementor-widget-text-editor\" data-id=\"9fea588\" data-element_type=\"widget\" data-e-type=\"widget\" data-widget_type=\"text-editor.default\">\n\t\t\t\t<div class=\"elementor-widget-container\">\n\t\t\t\t\t\t\t\t\t<p>\u00a0<\/p><ul><li><strong>Problem of conformity of the  order during the delivery<\/strong><\/li><\/ul><p>If an error  or an inconsistency is noticed between the products ordered and those you have just received, please contact us  through the \"contact\" form and explain the exact reason for the claim. Our customer service will contact you as soon as possible.<\/p>\t\t\t\t\t\t\t\t<\/div>\n\t\t\t\t<\/div>\n\t\t\t\t<div class=\"elementor-element elementor-element-d56bbd6 elementor-widget elementor-widget-heading\" data-id=\"d56bbd6\" data-element_type=\"widget\" data-e-type=\"widget\" data-widget_type=\"heading.default\">\n\t\t\t\t<div class=\"elementor-widget-container\">\n\t\t\t\t\t<h2 class=\"elementor-heading-title elementor-size-default\">Returns &amp; Refunds<\/h2>\t\t\t\t<\/div>\n\t\t\t\t<\/div>\n\t\t\t\t<div class=\"elementor-element elementor-element-752a787 elementor-widget elementor-widget-text-editor\" data-id=\"752a787\" data-element_type=\"widget\" data-e-type=\"widget\" data-widget_type=\"text-editor.default\">\n\t\t\t\t<div class=\"elementor-widget-container\">\n\t\t\t\t\t\t\t\t\t<ul><li><strong>Return of an order\u00a0<\/strong><\/li><\/ul><p>If your order does not suit you: you can return one or more items for a refund or exchange within 14 days from the day you receive the order. Important: the returned items must be packaged in their original packaging, in perfect condition, with their labels.<\/p><ul><li><strong>Method of return\u00a0<\/strong><\/li><\/ul><p>We ask you to fill out the form included in your package listing each product you wish to return; then simply send it back with the item(s), in its (their) original packaging(s).<\/p><p>The return shipping costs are at your expense except if the return is due to an error on our part (only valid for France).<\/p><ul><li><strong>Method of refund\u00a0<\/strong><\/li><\/ul><p>Once the package is returned and the conformity is verified, \nwe will process the refund. directly to the  bank account or PayPal account.<\/p>\t\t\t\t\t\t\t\t<\/div>\n\t\t\t\t<\/div>\n\t\t\t\t<\/div>\n\t\t\t\t\t<\/div>\n\t\t\t\t<\/div>\n\t\t\t\t<\/div>","protected":false},"excerpt":{"rendered":"<p>Livraisons et retours Livraisons D\u00e9lai de pr\u00e9paration et de livraison de votre commande\u00a0 Apr\u00e8s validation de votre commande et confirmation de son paiement, votre commande sera pr\u00e9par\u00e9e dans un d\u00e9lai de 3 \u00e0 4\u00a0jours ouvr\u00e9s. Une fois votre colis exp\u00e9di\u00e9, celui-ci vous sera livr\u00e9 entre 3 \u00e0 5 jours en France m\u00e9tropolitaine. Tarifs de livraison\u00a0 [&hellip;]<\/p>\n","protected":false},"author":3,"featured_media":0,"parent":0,"menu_order":0,"comment_status":"closed","ping_status":"closed","template":"elementor_header_footer","meta":{"site-sidebar-layout":"no-sidebar","site-content-layout":"page-builder","ast-site-content-layout":"full-width-container","site-content-style":"unboxed","site-sidebar-style":"unboxed","ast-global-header-display":"","ast-banner-title-visibility":"","ast-main-header-display":"","ast-hfb-above-header-display":"","ast-hfb-below-header-display":"","ast-hfb-mobile-header-display":"","site-post-title":"disabled","ast-breadcrumbs-content":"","ast-featured-img":"disabled","footer-sml-layout":"","ast-disable-related-posts":"","theme-transparent-header-meta":"default","adv-header-id-meta":"","stick-header-meta":"default","header-above-stick-meta":"","header-main-stick-meta":"","header-below-stick-meta":"","astra-migrate-meta-layouts":"set","ast-page-background-enabled":"default","ast-page-background-meta":{"desktop":{"background-color":"","background-image":"","background-repeat":"repeat","background-position":"center center","background-size":"auto","background-attachment":"scroll","background-type":"","background-media":"","overlay-type":"","overlay-color":"","overlay-opacity":"","overlay-gradient":""},"tablet":{"background-color":"","background-image":"","background-repeat":"repeat","background-position":"center center","background-size":"auto","background-attachment":"scroll","background-type":"","background-media":"","overlay-type":"","overlay-color":"","overlay-opacity":"","overlay-gradient":""},"mobile":{"background-color":"","background-image":"","background-repeat":"repeat","background-position":"center center","background-size":"auto","background-attachment":"scroll","background-type":"","background-media":"","overlay-type":"","overlay-color":"","overlay-opacity":"","overlay-gradient":""}},"ast-content-background-meta":{"desktop":{"background-color":"var(--ast-global-color-5)","background-image":"","background-repeat":"repeat","background-position":"center center","background-size":"auto","background-attachment":"scroll","background-type":"","background-media":"","overlay-type":"","overlay-color":"","overlay-opacity":"","overlay-gradient":""},"tablet":{"background-color":"var(--ast-global-color-5)","background-image":"","background-repeat":"repeat","background-position":"center center","background-size":"auto","background-attachment":"scroll","background-type":"","background-media":"","overlay-type":"","overlay-color":"","overlay-opacity":"","overlay-gradient":""},"mobile":{"background-color":"var(--ast-global-color-5)","background-image":"","background-repeat":"repeat","background-position":"center center","background-size":"auto","background-attachment":"scroll","background-type":"","background-media":"","overlay-type":"","overlay-color":"","overlay-opacity":"","overlay-gradient":""}},"footnotes":""},"class_list":["post-6240","page","type-page","status-publish","hentry"],"_links":{"self":[{"href":"https:\/\/sentou.fr\/en\/wp-json\/wp\/v2\/pages\/6240","targetHints":{"allow":["GET"]}}],"collection":[{"href":"https:\/\/sentou.fr\/en\/wp-json\/wp\/v2\/pages"}],"about":[{"href":"https:\/\/sentou.fr\/en\/wp-json\/wp\/v2\/types\/page"}],"author":[{"embeddable":true,"href":"https:\/\/sentou.fr\/en\/wp-json\/wp\/v2\/users\/3"}],"replies":[{"embeddable":true,"href":"https:\/\/sentou.fr\/en\/wp-json\/wp\/v2\/comments?post=6240"}],"version-history":[{"count":0,"href":"https:\/\/sentou.fr\/en\/wp-json\/wp\/v2\/pages\/6240\/revisions"}],"wp:attachment":[{"href":"https:\/\/sentou.fr\/en\/wp-json\/wp\/v2\/media?parent=6240"}],"curies":[{"name":"wp","href":"https:\/\/api.w.org\/{rel}","templated":true}]}}