{"id":10819,"date":"2022-09-26T11:37:55","date_gmt":"2022-09-26T09:37:55","guid":{"rendered":"https:\/\/sentou.fr\/?post_type=product&#038;p=10819"},"modified":"2026-01-12T18:14:49","modified_gmt":"2026-01-12T16:14:49","slug":"mach-2000-mini-square-watch-red-leather","status":"publish","type":"product","link":"https:\/\/sentou.fr\/en\/produit\/montre-mach-2000-mini-square-bracelet-cuir-lisse-rouge\/","title":{"rendered":"Montre MACH 2000 Mini square bracelet cuir brillant rouge"},"content":{"rendered":"<p><strong>MACH 2000 Mini square\u00a0<\/strong><strong>WOMENS' MODEL<\/strong><\/p>\n<ul>\n<li><strong>Case:\u00a0<\/strong>steel 316 L chrome polished, dimensions 30 mm x 28 mm, steel back case<\/li>\n<li><strong>Dial:\u00a0<\/strong>argent\u00e9, lunette int\u00e9rieure blanche avec graduations noires, aiguille heures noire, aiguille minute et trotteuse blanches, couronne argent\u00e9e<\/li>\n<li><strong>Glass:\u00a0<\/strong>mineral<\/li>\n<li><strong>Strap:\u00a0<\/strong>cuir rouge 14 mm verni ultra brillant<\/li>\n<li class=\"translation-block\"><strong>Buckle :\u00a0<\/strong>steel barb<\/li>\n<li><strong>Movement:\u00a0<\/strong>analogue quartz Ronda 763<\/li>\n<li class=\"translation-block\"><strong>Battery :\u00a0<\/strong>type 364<\/li>\n<li class=\"translation-block\"><strong>Waterproof :\u00a0<\/strong>30m<\/li>\n<li><strong>2 years warranty<\/strong><\/li>\n<li><strong>Made in France, Besan\u00e7on<\/strong><\/li>\n<\/ul>\n<hr \/>\n<p><strong>The 7 designers' adventure:<\/strong><\/p>\n<p>Claude Neuschwander, former Publicis and new general manager of Lip, called upon 7 designers: Roger Tallon, Rudolf Meyer, Marc Held, Michel Boyer, Isabelle Hebey, Michel Kinn and Jean Dinh Van, coming from different backgrounds and considered as the best of their time.<\/p>\n<p>They all participated in the 1975 collection, whose creations remain, even today, at the forefront of 20th century watch design.<\/p>","protected":false},"excerpt":{"rendered":"<p><strong>MONTRE FEMME MACH 2000 Mini square bracelet cuir lisse rouge<\/strong><\/p>\n<p>A true icon for all connoisseurs and design enthusiasts, the Mach 2000 watch created by Roger TALLON is striking in its shape and design.<\/p>\n<p>Called upon, along with six other designers, to revive the LIP brand after the social events of 1973, Roger Tallon imagined in 1975 a collection centred around ergonomics.<\/p>\n<p>MACH 2000 Mini square stainless steel case and shiny patent red leather strap<\/p>","protected":false},"featured_media":10834,"template":"","meta":{"site-sidebar-layout":"default","site-content-layout":"default","ast-site-content-layout":"default","site-content-style":"default","site-sidebar-style":"default","ast-global-header-display":"","ast-banner-title-visibility":"","ast-main-header-display":"","ast-hfb-above-header-display":"","ast-hfb-below-header-display":"","ast-hfb-mobile-header-display":"","site-post-title":"","ast-breadcrumbs-content":"","ast-featured-img":"","footer-sml-layout":"","ast-disable-related-posts":"","theme-transparent-header-meta":"default","adv-header-id-meta":"","stick-header-meta":"default","header-above-stick-meta":"","header-main-stick-meta":"","header-below-stick-meta":"","astra-migrate-meta-layouts":"set","ast-page-background-enabled":"default","ast-page-background-meta":{"desktop":{"background-color":"","background-image":"","background-repeat":"repeat","background-position":"center center","background-size":"auto","background-attachment":"scroll","background-type":"","background-media":"","overlay-type":"","overlay-color":"","overlay-opacity":"","overlay-gradient":""},"tablet":{"background-color":"","background-image":"","background-repeat":"repeat","background-position":"center center","background-size":"auto","background-attachment":"scroll","background-type":"","background-media":"","overlay-type":"","overlay-color":"","overlay-opacity":"","overlay-gradient":""},"mobile":{"background-color":"","background-image":"","background-repeat":"repeat","background-position":"center center","background-size":"auto","background-attachment":"scroll","background-type":"","background-media":"","overlay-type":"","overlay-color":"","overlay-opacity":"","overlay-gradient":""}},"ast-content-background-meta":{"desktop":{"background-color":"var(--ast-global-color-5)","background-image":"","background-repeat":"repeat","background-position":"center center","background-size":"auto","background-attachment":"scroll","background-type":"","background-media":"","overlay-type":"","overlay-color":"","overlay-opacity":"","overlay-gradient":""},"tablet":{"background-color":"var(--ast-global-color-5)","background-image":"","background-repeat":"repeat","background-position":"center center","background-size":"auto","background-attachment":"scroll","background-type":"","background-media":"","overlay-type":"","overlay-color":"","overlay-opacity":"","overlay-gradient":""},"mobile":{"background-color":"var(--ast-global-color-5)","background-image":"","background-repeat":"repeat","background-position":"center center","background-size":"auto","background-attachment":"scroll","background-type":"","background-media":"","overlay-type":"","overlay-color":"","overlay-opacity":"","overlay-gradient":""}}},"product_brand":[],"product_cat":[74,199,234],"product_tag":[209,57,221],"class_list":{"0":"post-10819","1":"product","2":"type-product","3":"status-publish","4":"has-post-thumbnail","6":"product_cat-roger-tallon","7":"product_cat-art-de-vivre","8":"product_cat-montres","9":"product_tag-lip","10":"product_tag-mach-2000","11":"product_tag-roger-tallon","12":"desktop-align-left","13":"tablet-align-left","14":"mobile-align-left","15":"ast-product-gallery-layout-horizontal","16":"ast-qv-on-image","18":"first","19":"instock","20":"taxable","21":"shipping-taxable","22":"purchasable","23":"product-type-simple"},"_links":{"self":[{"href":"https:\/\/sentou.fr\/en\/wp-json\/wp\/v2\/product\/10819","targetHints":{"allow":["GET"]}}],"collection":[{"href":"https:\/\/sentou.fr\/en\/wp-json\/wp\/v2\/product"}],"about":[{"href":"https:\/\/sentou.fr\/en\/wp-json\/wp\/v2\/types\/product"}],"wp:featuredmedia":[{"embeddable":true,"href":"https:\/\/sentou.fr\/en\/wp-json\/wp\/v2\/media\/10834"}],"wp:attachment":[{"href":"https:\/\/sentou.fr\/en\/wp-json\/wp\/v2\/media?parent=10819"}],"wp:term":[{"taxonomy":"product_brand","embeddable":true,"href":"https:\/\/sentou.fr\/en\/wp-json\/wp\/v2\/product_brand?post=10819"},{"taxonomy":"product_cat","embeddable":true,"href":"https:\/\/sentou.fr\/en\/wp-json\/wp\/v2\/product_cat?post=10819"},{"taxonomy":"product_tag","embeddable":true,"href":"https:\/\/sentou.fr\/en\/wp-json\/wp\/v2\/product_tag?post=10819"}],"curies":[{"name":"wp","href":"https:\/\/api.w.org\/{rel}","templated":true}]}}