{"id":138437,"date":"2023-09-11T17:20:50","date_gmt":"2023-09-11T15:20:50","guid":{"rendered":"https:\/\/sentou.fr\/?post_type=product&#038;p=138437"},"modified":"2026-01-17T15:42:44","modified_gmt":"2026-01-17T13:42:44","slug":"terra-cups","status":"publish","type":"product","link":"https:\/\/sentou.fr\/en\/produit\/tasses-terra\/","title":{"rendered":"TERRA cups"},"content":{"rendered":"<p>Dishwasher-safe glazed terracotta cups, handcrafted in France<\/p>\n<ul>\n<li><strong>Expresso cup<\/strong> height 6cm \/ diameter 6,5cm<br \/>\nSold as a unit<\/li>\n<li><strong>Coffee cup <\/strong> height 8cm diameter 7,5cm<br \/>\nSold as a unit<\/li>\n<li><strong>Tasse MUG \u00a0Th\u00e9 <\/strong>height 10,5cm diameter 8,2cm<br \/>\nSold as a unit<\/li>\n<\/ul>\n<p>Available in 11 assorted colours: jaune (yellow) \/ rouge (red) \/ orange \/ bleu turquoise (turquoise blue) \/ bleu p\u00e9trole  (petrol blue) \/ bleu cobalt (cobalt blue) \/ vert mousse (moss green) \/ vert \u00e9pinard (spinach green) \/ noir (black) \/ taupe \/ am\u00e9thyste<\/p>","protected":false},"excerpt":{"rendered":"<p>TERRA cups are part of our collection of glazed terracotta design ceramics, handcrafted in France.<\/p>\n<p>Each piece is unique because it is handcrafted, and may vary slightly in colour and finish.<\/p>\n<p>Avec leur silhouette moderne et g\u00e9om\u00e9trique, les tasses TERRA sont disponibles en 10 coloris pop et lumineux, et 3 formats : tasse \u00e0 expresso , tasse \u00e0 caf\u00e9 \u00a0et tasse MUG Th\u00e9.<\/p>\n<p>2 sizes of <a href=\"https:\/\/sentou.fr\/en\/product-2\/terra-vase\/\">vases<\/a> are also available in this collection<\/p>","protected":false},"featured_media":138371,"template":"","meta":{"site-sidebar-layout":"default","site-content-layout":"default","ast-site-content-layout":"default","site-content-style":"default","site-sidebar-style":"default","ast-global-header-display":"","ast-banner-title-visibility":"","ast-main-header-display":"","ast-hfb-above-header-display":"","ast-hfb-below-header-display":"","ast-hfb-mobile-header-display":"","site-post-title":"","ast-breadcrumbs-content":"","ast-featured-img":"","footer-sml-layout":"","ast-disable-related-posts":"","theme-transparent-header-meta":"default","adv-header-id-meta":"","stick-header-meta":"default","header-above-stick-meta":"","header-main-stick-meta":"","header-below-stick-meta":"","astra-migrate-meta-layouts":"set","ast-page-background-enabled":"default","ast-page-background-meta":{"desktop":{"background-color":"","background-image":"","background-repeat":"repeat","background-position":"center center","background-size":"auto","background-attachment":"scroll","background-type":"","background-media":"","overlay-type":"","overlay-color":"","overlay-opacity":"","overlay-gradient":""},"tablet":{"background-color":"","background-image":"","background-repeat":"repeat","background-position":"center center","background-size":"auto","background-attachment":"scroll","background-type":"","background-media":"","overlay-type":"","overlay-color":"","overlay-opacity":"","overlay-gradient":""},"mobile":{"background-color":"","background-image":"","background-repeat":"repeat","background-position":"center center","background-size":"auto","background-attachment":"scroll","background-type":"","background-media":"","overlay-type":"","overlay-color":"","overlay-opacity":"","overlay-gradient":""}},"ast-content-background-meta":{"desktop":{"background-color":"var(--ast-global-color-5)","background-image":"","background-repeat":"repeat","background-position":"center center","background-size":"auto","background-attachment":"scroll","background-type":"","background-media":"","overlay-type":"","overlay-color":"","overlay-opacity":"","overlay-gradient":""},"tablet":{"background-color":"var(--ast-global-color-5)","background-image":"","background-repeat":"repeat","background-position":"center center","background-size":"auto","background-attachment":"scroll","background-type":"","background-media":"","overlay-type":"","overlay-color":"","overlay-opacity":"","overlay-gradient":""},"mobile":{"background-color":"var(--ast-global-color-5)","background-image":"","background-repeat":"repeat","background-position":"center center","background-size":"auto","background-attachment":"scroll","background-type":"","background-media":"","overlay-type":"","overlay-color":"","overlay-opacity":"","overlay-gradient":""}}},"product_brand":[],"product_cat":[26,299,146,87],"product_tag":[],"class_list":{"0":"post-138437","1":"product","2":"type-product","3":"status-publish","4":"has-post-thumbnail","6":"product_cat-art-de-la-table","7":"product_cat-cadeaux","8":"product_cat-e-shop","9":"product_cat-vaisselle","10":"desktop-align-left","11":"tablet-align-left","12":"mobile-align-left","13":"ast-product-gallery-layout-horizontal","14":"ast-product-single-variable","15":"ast-qv-on-image","17":"first","18":"instock","19":"taxable","20":"shipping-taxable","21":"purchasable","22":"product-type-variable"},"_links":{"self":[{"href":"https:\/\/sentou.fr\/en\/wp-json\/wp\/v2\/product\/138437","targetHints":{"allow":["GET"]}}],"collection":[{"href":"https:\/\/sentou.fr\/en\/wp-json\/wp\/v2\/product"}],"about":[{"href":"https:\/\/sentou.fr\/en\/wp-json\/wp\/v2\/types\/product"}],"wp:featuredmedia":[{"embeddable":true,"href":"https:\/\/sentou.fr\/en\/wp-json\/wp\/v2\/media\/138371"}],"wp:attachment":[{"href":"https:\/\/sentou.fr\/en\/wp-json\/wp\/v2\/media?parent=138437"}],"wp:term":[{"taxonomy":"product_brand","embeddable":true,"href":"https:\/\/sentou.fr\/en\/wp-json\/wp\/v2\/product_brand?post=138437"},{"taxonomy":"product_cat","embeddable":true,"href":"https:\/\/sentou.fr\/en\/wp-json\/wp\/v2\/product_cat?post=138437"},{"taxonomy":"product_tag","embeddable":true,"href":"https:\/\/sentou.fr\/en\/wp-json\/wp\/v2\/product_tag?post=138437"}],"curies":[{"name":"wp","href":"https:\/\/api.w.org\/{rel}","templated":true}]}}