{"id":139931,"date":"2023-11-07T17:05:35","date_gmt":"2023-11-07T15:05:35","guid":{"rendered":"https:\/\/sentou.fr\/?post_type=product&#038;p=139931"},"modified":"2025-12-30T00:57:11","modified_gmt":"2025-12-29T22:57:11","slug":"bergerac-shelf-oak-16cm","status":"publish","type":"product","link":"https:\/\/sentou.fr\/en\/produit\/etagere-pm-16cm-bergerac-chene\/","title":{"rendered":"Etag\u00e8re PM 16cm BERGERAC ch\u00eane"},"content":{"rendered":"<p><strong>Dimensions: <\/strong>Profondeur 16 cm x largeur 74,5 cm x \u00e9paisseur 1,5 cm<\/p>\n<p><strong>Mat\u00e9riaux: <\/strong>natural varnished solid oak<\/p>\n<p><strong>Cr\u00e9ation:<\/strong> Pierre Romanet<\/p>\n<p><strong>Date de cr\u00e9ation :<\/strong> 2012<\/p>","protected":false},"excerpt":{"rendered":"<p style=\"font-weight: 400;\"><strong>Biblioth\u00e8que, espace bureau, rangement, le syst\u00e8me Bergerac est composable sur mesures.<\/strong><\/p>\n<p style=\"font-weight: 400;\">Concevez votre propre biblioth\u00e8que gr\u00e2ce aux \u00e9l\u00e9ments suivants :<\/p>\n<p style=\"font-weight: 400;\">. \u00e9tag\u00e8res dans 2 profondeurs PM 16 cm et GM, 26 cm<\/p>\n<p style=\"font-weight: 400;\">. montants dans 3 hauteurs 1m, 1,5m et 2m<\/p>\n<p style=\"font-weight: 400;\">. set d\u2019\u00e9querres m\u00e9talliques dans 2 profondeurs PM 16cm et GM 26cm<\/p>\n<p style=\"font-weight: 400;\">. caissons dans 2 formats PM et GM<\/p>\n<p><strong>Notre \u00e9quipe commerciale est \u00e0 votre disposition pour vous accompagner dans la composition qui correspond \u00e0 vos besoins.<\/strong><\/p>\n<p><a href=\"https:\/\/sentou.fr\/en\/contact-us\/\">Contact us<\/a> pour nous envoyer les dimensions de votre mur support et le d\u00e9tails des sp\u00e9cificit\u00e9s recherch\u00e9es (nombre de trav\u00e9es, d&rsquo;\u00e9tag\u00e8res et profondeurs des \u00e9tag\u00e8res d\u00e9sir\u00e9es)<\/p>","protected":false},"featured_media":139848,"template":"","meta":{"site-sidebar-layout":"default","site-content-layout":"","ast-site-content-layout":"default","site-content-style":"default","site-sidebar-style":"default","ast-global-header-display":"","ast-banner-title-visibility":"","ast-main-header-display":"","ast-hfb-above-header-display":"","ast-hfb-below-header-display":"","ast-hfb-mobile-header-display":"","site-post-title":"","ast-breadcrumbs-content":"","ast-featured-img":"","footer-sml-layout":"","ast-disable-related-posts":"","theme-transparent-header-meta":"default","adv-header-id-meta":"","stick-header-meta":"default","header-above-stick-meta":"","header-main-stick-meta":"","header-below-stick-meta":"","astra-migrate-meta-layouts":"set","ast-page-background-enabled":"default","ast-page-background-meta":{"desktop":{"background-color":"","background-image":"","background-repeat":"repeat","background-position":"center center","background-size":"auto","background-attachment":"scroll","background-type":"","background-media":"","overlay-type":"","overlay-color":"","overlay-opacity":"","overlay-gradient":""},"tablet":{"background-color":"","background-image":"","background-repeat":"repeat","background-position":"center center","background-size":"auto","background-attachment":"scroll","background-type":"","background-media":"","overlay-type":"","overlay-color":"","overlay-opacity":"","overlay-gradient":""},"mobile":{"background-color":"","background-image":"","background-repeat":"repeat","background-position":"center center","background-size":"auto","background-attachment":"scroll","background-type":"","background-media":"","overlay-type":"","overlay-color":"","overlay-opacity":"","overlay-gradient":""}},"ast-content-background-meta":{"desktop":{"background-color":"var(--ast-global-color-5)","background-image":"","background-repeat":"repeat","background-position":"center center","background-size":"auto","background-attachment":"scroll","background-type":"","background-media":"","overlay-type":"","overlay-color":"","overlay-opacity":"","overlay-gradient":""},"tablet":{"background-color":"var(--ast-global-color-5)","background-image":"","background-repeat":"repeat","background-position":"center center","background-size":"auto","background-attachment":"scroll","background-type":"","background-media":"","overlay-type":"","overlay-color":"","overlay-opacity":"","overlay-gradient":""},"mobile":{"background-color":"var(--ast-global-color-5)","background-image":"","background-repeat":"repeat","background-position":"center center","background-size":"auto","background-attachment":"scroll","background-type":"","background-media":"","overlay-type":"","overlay-color":"","overlay-opacity":"","overlay-gradient":""}}},"product_brand":[],"product_cat":[67,146,412,18,73,72],"product_tag":[],"class_list":{"0":"post-139931","1":"product","2":"type-product","3":"status-publish","4":"has-post-thumbnail","6":"product_cat-designers","7":"product_cat-e-shop","8":"product_cat-etagere","9":"product_cat-mobilier","10":"product_cat-pierre-romanet","11":"product_cat-sentou","12":"desktop-align-left","13":"tablet-align-left","14":"mobile-align-left","15":"ast-product-gallery-layout-horizontal","16":"ast-qv-on-image","18":"first","19":"instock","20":"taxable","21":"shipping-taxable","22":"purchasable","23":"product-type-simple"},"_links":{"self":[{"href":"https:\/\/sentou.fr\/en\/wp-json\/wp\/v2\/product\/139931","targetHints":{"allow":["GET"]}}],"collection":[{"href":"https:\/\/sentou.fr\/en\/wp-json\/wp\/v2\/product"}],"about":[{"href":"https:\/\/sentou.fr\/en\/wp-json\/wp\/v2\/types\/product"}],"wp:featuredmedia":[{"embeddable":true,"href":"https:\/\/sentou.fr\/en\/wp-json\/wp\/v2\/media\/139848"}],"wp:attachment":[{"href":"https:\/\/sentou.fr\/en\/wp-json\/wp\/v2\/media?parent=139931"}],"wp:term":[{"taxonomy":"product_brand","embeddable":true,"href":"https:\/\/sentou.fr\/en\/wp-json\/wp\/v2\/product_brand?post=139931"},{"taxonomy":"product_cat","embeddable":true,"href":"https:\/\/sentou.fr\/en\/wp-json\/wp\/v2\/product_cat?post=139931"},{"taxonomy":"product_tag","embeddable":true,"href":"https:\/\/sentou.fr\/en\/wp-json\/wp\/v2\/product_tag?post=139931"}],"curies":[{"name":"wp","href":"https:\/\/api.w.org\/{rel}","templated":true}]}}