{"id":140118,"date":"2023-11-20T17:40:47","date_gmt":"2023-11-20T15:40:47","guid":{"rendered":"https:\/\/sentou.fr\/?post_type=product&#038;p=140118"},"modified":"2025-01-28T18:22:37","modified_gmt":"2025-01-28T16:22:37","slug":"chess-set-isamu-noguchi","status":"publish","type":"product","link":"https:\/\/sentou.fr\/en\/produit\/jeu-dechecs-par-isamu-noguchi\/","title":{"rendered":"Jeu d&rsquo;Echecs par Isamu Noguchi"},"content":{"rendered":"<p><strong>Size: <\/strong>Plateau pliable L 58 cm x l 56 cm<\/p>\n<p>les figurines ont des dimensions de 6 cm \u00e0 9cm<\/p>\n<p><strong>Material: <\/strong>Figurines en Plexiglass translucide et plateau en Perspex noir<\/p>\n<p><strong>Further information:<\/strong> :<\/p>\n<p>le plateau est pliable = dimensions ouvert L 58 cm x l 56 cm &#8211; \u00a0dimensions pli\u00e9: L 58 cm x l 28 cm<\/p>\n<p>&nbsp;<\/p>","protected":false},"excerpt":{"rendered":"<p><strong>Cr\u00e9\u00e9 par Isamu Noguchi en 1944 pour la Julien Levy Gallery \u00e0 New York<\/strong><\/p>\n<p style=\"font-weight: 400;\">Nombreux ont \u00e9t\u00e9 les artistes modernes du XXe si\u00e8cle qui se sont pli\u00e9s \u00e0 l\u2019exercice de cr\u00e9ation d\u2019un jeu d\u2019\u00e9checs, mais rares sont ceux qui ont \u00e9t\u00e9 aussi novateurs que l\u2019a \u00e9t\u00e9 Isamu Noguchi pour imaginer cet \u00e9chiquier et ses figurines.<\/p>\n<p style=\"font-weight: 400;\">Ce projet a \u00e9t\u00e9 concu pour l&rsquo;exposition \u00ab\u00a0Imagery of Chess\u00a0\u00bb en 1944 \u00e0 la <strong>Julien Levy Gallery de New York<\/strong>, organis\u00e9e par Julien Levy et les artistes Marcel Duchamp et Max Ernst.<\/p>\n<p style=\"font-weight: 400;\">Dans son jeu d&rsquo;\u00e9checs, qui est devenu le prototype d\u2019un grand nombre de ses sculptures de l&rsquo;\u00e9poque, Noguchi a mis au point un syst\u00e8me simple mais ing\u00e9nieux consistant \u00e0 entailler et assembler des plans de mati\u00e8re pour cr\u00e9er des objets en trois dimensions, tout en utilisant un minimum de mat\u00e9riaux.<\/p>\n<p style=\"font-weight: 400;\">L\u2019histoire dit qu\u2019il a imagin\u00e9 ce jeu d\u2019\u00e9checs en puisant dans le registre des formes historiques des \u00e9checs indiens et persans, fortement influenc\u00e9 par sa relation amoureuse (1943-1947) avec une jeune Indienne, Tara Pandit, ni\u00e8ce du Premier ministre indien Jawaharlal Nehru.<\/p>\n<p style=\"font-weight: 400;\">Au lieu de pi\u00e8ces occidentales classiques en noir et blanc, Noguchi a fabriqu\u00e9 ses figurines en plexiglas translucide rouge et vert pour faire \u00e9cho aux rubis et aux \u00e9meraudes que l&rsquo;on trouve dans les bijoux Moghols. \u00c0 l&rsquo;exception de la tour, toutes les autres pi\u00e8ces ont des formes humaines. Le roi et la reine, pour montrer leur pouvoir de procr\u00e9ation et leur puissance royale, ont des organes g\u00e9nitaux prononc\u00e9s.<\/p>\n<p style=\"font-weight: 400;\">Le plateau a \u00e9t\u00e9 trait\u00e9 en noir parsem\u00e9 de points blancs et rouges, rappelant les plateaux laqu\u00e9s noirs indiens et persans incrust\u00e9s de nacre ou d&rsquo;ivoire, et non de traditionnels carr\u00e9s.<\/p>\n<p style=\"font-weight: 400;\">Fabriqu\u00e9 \u00e0 la main en Suisse.<\/p>","protected":false},"featured_media":140078,"template":"","meta":{"site-sidebar-layout":"default","site-content-layout":"default","ast-site-content-layout":"default","site-content-style":"default","site-sidebar-style":"default","ast-global-header-display":"","ast-banner-title-visibility":"","ast-main-header-display":"","ast-hfb-above-header-display":"","ast-hfb-below-header-display":"","ast-hfb-mobile-header-display":"","site-post-title":"","ast-breadcrumbs-content":"","ast-featured-img":"","footer-sml-layout":"","ast-disable-related-posts":"","theme-transparent-header-meta":"default","adv-header-id-meta":"","stick-header-meta":"default","header-above-stick-meta":"","header-main-stick-meta":"","header-below-stick-meta":"","astra-migrate-meta-layouts":"set","ast-page-background-enabled":"default","ast-page-background-meta":{"desktop":{"background-color":"","background-image":"","background-repeat":"repeat","background-position":"center center","background-size":"auto","background-attachment":"scroll","background-type":"","background-media":"","overlay-type":"","overlay-color":"","overlay-opacity":"","overlay-gradient":""},"tablet":{"background-color":"","background-image":"","background-repeat":"repeat","background-position":"center center","background-size":"auto","background-attachment":"scroll","background-type":"","background-media":"","overlay-type":"","overlay-color":"","overlay-opacity":"","overlay-gradient":""},"mobile":{"background-color":"","background-image":"","background-repeat":"repeat","background-position":"center center","background-size":"auto","background-attachment":"scroll","background-type":"","background-media":"","overlay-type":"","overlay-color":"","overlay-opacity":"","overlay-gradient":""}},"ast-content-background-meta":{"desktop":{"background-color":"var(--ast-global-color-5)","background-image":"","background-repeat":"repeat","background-position":"center center","background-size":"auto","background-attachment":"scroll","background-type":"","background-media":"","overlay-type":"","overlay-color":"","overlay-opacity":"","overlay-gradient":""},"tablet":{"background-color":"var(--ast-global-color-5)","background-image":"","background-repeat":"repeat","background-position":"center center","background-size":"auto","background-attachment":"scroll","background-type":"","background-media":"","overlay-type":"","overlay-color":"","overlay-opacity":"","overlay-gradient":""},"mobile":{"background-color":"var(--ast-global-color-5)","background-image":"","background-repeat":"repeat","background-position":"center center","background-size":"auto","background-attachment":"scroll","background-type":"","background-media":"","overlay-type":"","overlay-color":"","overlay-opacity":"","overlay-gradient":""}}},"product_brand":[],"product_cat":[146,201,199,299,570,573,75,420],"product_tag":[222],"class_list":{"0":"post-140118","1":"product","2":"type-product","3":"status-publish","4":"has-post-thumbnail","6":"product_cat-e-shop","7":"product_cat-accessoires","8":"product_cat-art-de-vivre","9":"product_cat-cadeaux","10":"product_cat-collectors","11":"product_cat-design","12":"product_cat-isamu-noguchi","13":"product_cat-jeux","14":"product_tag-sentou-edition","15":"desktop-align-left","16":"tablet-align-left","17":"mobile-align-left","18":"ast-product-gallery-layout-horizontal","19":"ast-qv-on-image","21":"first","22":"instock","23":"taxable","24":"shipping-taxable","25":"purchasable","26":"product-type-simple"},"_links":{"self":[{"href":"https:\/\/sentou.fr\/en\/wp-json\/wp\/v2\/product\/140118","targetHints":{"allow":["GET"]}}],"collection":[{"href":"https:\/\/sentou.fr\/en\/wp-json\/wp\/v2\/product"}],"about":[{"href":"https:\/\/sentou.fr\/en\/wp-json\/wp\/v2\/types\/product"}],"wp:featuredmedia":[{"embeddable":true,"href":"https:\/\/sentou.fr\/en\/wp-json\/wp\/v2\/media\/140078"}],"wp:attachment":[{"href":"https:\/\/sentou.fr\/en\/wp-json\/wp\/v2\/media?parent=140118"}],"wp:term":[{"taxonomy":"product_brand","embeddable":true,"href":"https:\/\/sentou.fr\/en\/wp-json\/wp\/v2\/product_brand?post=140118"},{"taxonomy":"product_cat","embeddable":true,"href":"https:\/\/sentou.fr\/en\/wp-json\/wp\/v2\/product_cat?post=140118"},{"taxonomy":"product_tag","embeddable":true,"href":"https:\/\/sentou.fr\/en\/wp-json\/wp\/v2\/product_tag?post=140118"}],"curies":[{"name":"wp","href":"https:\/\/api.w.org\/{rel}","templated":true}]}}