{"id":140153,"date":"2023-11-22T13:15:29","date_gmt":"2023-11-22T11:15:29","guid":{"rendered":"https:\/\/sentou.fr\/?post_type=product&#038;p=140153"},"modified":"2024-12-14T14:22:20","modified_gmt":"2024-12-14T12:22:20","slug":"alexander-girard-coffeetable-book","status":"publish","type":"product","link":"https:\/\/sentou.fr\/en\/produit\/livre-alexander-girard-grand-format\/","title":{"rendered":"Livre Alexander GIRARD Grand Format"},"content":{"rendered":"<p><strong>Textes: Todd Oldham &amp; Kiera Coffee<\/strong><\/p>\n<ul>\n<li><strong>Published in:<\/strong> 2011<\/li>\n<li><strong>Publisher: \u00a0<\/strong>AMMO Books Usa<\/li>\n<li><strong>Language:<\/strong> English<\/li>\n<li><strong>Total pages:<\/strong> 630<\/li>\n<li><strong>Poids:<\/strong> 9kg<\/li>\n<li><strong>Size: \u00a0<\/strong>31 x 41 x 6 cm<\/li>\n<li><strong>Reliure:<\/strong> neuf sous film &#8211; couverture rigide<\/li>\n<li><strong>ISBN:<\/strong> 9781934429846<\/li>\n<\/ul>","protected":false},"excerpt":{"rendered":"<p style=\"font-weight: 400;\"><strong>Textes: Todd Oldham &amp; Kiera Coffee<\/strong><\/p>\n<p style=\"font-weight: 400;\">Cette monographie nous plonge dans l&rsquo;univers d&rsquo;Alexander Girard (1907-1993), personnalit\u00e9 marquante de l&rsquo;histoire du design am\u00e9ricain de l&rsquo;apr\u00e8s-guerre. Son ouvre, d&rsquo;une grande diversit\u00e9, couvre tout le spectre de la discipline, du design graphique au design d&rsquo;objets, sans oublier le textile dont les couleurs vives, les motifs g\u00e9om\u00e9triques et les textures illumin\u00e8rent les int\u00e9rieurs des classes moyennes.<\/p>\n<p><strong>LIVRE COLLECTOR\u00a0<\/strong><\/p>\n<p>livre neuf sous blister<\/p>","protected":false},"featured_media":140159,"template":"","meta":{"site-sidebar-layout":"default","site-content-layout":"default","ast-site-content-layout":"default","site-content-style":"default","site-sidebar-style":"default","ast-global-header-display":"","ast-banner-title-visibility":"","ast-main-header-display":"","ast-hfb-above-header-display":"","ast-hfb-below-header-display":"","ast-hfb-mobile-header-display":"","site-post-title":"","ast-breadcrumbs-content":"","ast-featured-img":"","footer-sml-layout":"","ast-disable-related-posts":"","theme-transparent-header-meta":"default","adv-header-id-meta":"","stick-header-meta":"default","header-above-stick-meta":"","header-main-stick-meta":"","header-below-stick-meta":"","astra-migrate-meta-layouts":"set","ast-page-background-enabled":"default","ast-page-background-meta":{"desktop":{"background-color":"","background-image":"","background-repeat":"repeat","background-position":"center center","background-size":"auto","background-attachment":"scroll","background-type":"","background-media":"","overlay-type":"","overlay-color":"","overlay-opacity":"","overlay-gradient":""},"tablet":{"background-color":"","background-image":"","background-repeat":"repeat","background-position":"center center","background-size":"auto","background-attachment":"scroll","background-type":"","background-media":"","overlay-type":"","overlay-color":"","overlay-opacity":"","overlay-gradient":""},"mobile":{"background-color":"","background-image":"","background-repeat":"repeat","background-position":"center center","background-size":"auto","background-attachment":"scroll","background-type":"","background-media":"","overlay-type":"","overlay-color":"","overlay-opacity":"","overlay-gradient":""}},"ast-content-background-meta":{"desktop":{"background-color":"var(--ast-global-color-5)","background-image":"","background-repeat":"repeat","background-position":"center center","background-size":"auto","background-attachment":"scroll","background-type":"","background-media":"","overlay-type":"","overlay-color":"","overlay-opacity":"","overlay-gradient":""},"tablet":{"background-color":"var(--ast-global-color-5)","background-image":"","background-repeat":"repeat","background-position":"center center","background-size":"auto","background-attachment":"scroll","background-type":"","background-media":"","overlay-type":"","overlay-color":"","overlay-opacity":"","overlay-gradient":""},"mobile":{"background-color":"var(--ast-global-color-5)","background-image":"","background-repeat":"repeat","background-position":"center center","background-size":"auto","background-attachment":"scroll","background-type":"","background-media":"","overlay-type":"","overlay-color":"","overlay-opacity":"","overlay-gradient":""}}},"product_brand":[],"product_cat":[199,436,299,570,146,200],"product_tag":[221],"class_list":{"0":"post-140153","1":"product","2":"type-product","3":"status-publish","4":"has-post-thumbnail","6":"product_cat-art-de-vivre","7":"product_cat-alexander-girard","8":"product_cat-cadeaux","9":"product_cat-collectors","10":"product_cat-e-shop","11":"product_cat-livres","12":"product_tag-roger-tallon","13":"desktop-align-left","14":"tablet-align-left","15":"mobile-align-left","16":"ast-product-gallery-layout-horizontal","17":"ast-qv-on-image","19":"first","20":"instock","21":"taxable","22":"shipping-taxable","23":"purchasable","24":"product-type-simple"},"_links":{"self":[{"href":"https:\/\/sentou.fr\/en\/wp-json\/wp\/v2\/product\/140153","targetHints":{"allow":["GET"]}}],"collection":[{"href":"https:\/\/sentou.fr\/en\/wp-json\/wp\/v2\/product"}],"about":[{"href":"https:\/\/sentou.fr\/en\/wp-json\/wp\/v2\/types\/product"}],"wp:featuredmedia":[{"embeddable":true,"href":"https:\/\/sentou.fr\/en\/wp-json\/wp\/v2\/media\/140159"}],"wp:attachment":[{"href":"https:\/\/sentou.fr\/en\/wp-json\/wp\/v2\/media?parent=140153"}],"wp:term":[{"taxonomy":"product_brand","embeddable":true,"href":"https:\/\/sentou.fr\/en\/wp-json\/wp\/v2\/product_brand?post=140153"},{"taxonomy":"product_cat","embeddable":true,"href":"https:\/\/sentou.fr\/en\/wp-json\/wp\/v2\/product_cat?post=140153"},{"taxonomy":"product_tag","embeddable":true,"href":"https:\/\/sentou.fr\/en\/wp-json\/wp\/v2\/product_tag?post=140153"}],"curies":[{"name":"wp","href":"https:\/\/api.w.org\/{rel}","templated":true}]}}