{"id":141337,"date":"2024-07-18T10:43:07","date_gmt":"2024-07-18T08:43:07","guid":{"rendered":"https:\/\/sentou.fr\/?post_type=product&#038;p=141337"},"modified":"2024-07-22T15:52:39","modified_gmt":"2024-07-22T13:52:39","slug":"jean-prouve-book-3","status":"publish","type":"product","link":"https:\/\/sentou.fr\/en\/produit\/charlotte-perriand-livre\/","title":{"rendered":"CHARLOTTE PERRIAND livre"},"content":{"rendered":"<ul>\n<li><strong>Ouvrage faisant partie de la collection Biblioth\u00e8que de l&rsquo;Amateur\/ \u00e9ditions les Ar\u00e8nes<\/strong><\/li>\n<li><strong>Couverture: <\/strong>souple broch\u00e9<\/li>\n<li><strong>Size:<\/strong> 14,4 <span style=\"font-size: 16px;\">cm \u00a0x 19,4 cm x \u00e9pais. 1,4cm<\/span><\/li>\n<li><strong>Publisher:\u00a0<\/strong> Les ARENES France<\/li>\n<li><strong>Ann\u00e9e de parution<\/strong> : Octobre 2023<\/li>\n<li><strong>Language:<\/strong> Francais<\/li>\n<li><strong>Total pages:<\/strong> 166<\/li>\n<\/ul>\n<p>&nbsp;<\/p>\n<p>&nbsp;<\/p>","protected":false},"excerpt":{"rendered":"<div>\n<p>Architecte et cr\u00e9atrice de mobilier, figure majeure de l&rsquo;histoire de la modernit\u00e9, Charlotte Perriand (1903\u20131999) a consacr\u00e9 sa vie \u00e0 l&rsquo;art d&rsquo;habiter. Partageant les id\u00e9es de Le Corbusier, avec lequel elle a longtemps collabor\u00e9, elle a n\u00e9anmoins d\u00e9velopp\u00e9 sa propre vision, affirmant son statut de cr\u00e9atrice dans un monde de cr\u00e9ateurs. Sensible \u00e0 la cause des femmes et au sort des plus d\u00e9munis, elle s&rsquo;est attach\u00e9e \u00e0 rendre accessibles au plus grand nombre des objets beaux, utiles et fonctionnels qui sont devenus des ic\u00f4nes du design du xxe si\u00e8cle. Ce livre donne \u00e0 voir, en images et \u00e0 travers une courte introduction, l&rsquo;oeuvre et le parcours extraordinaires de cette femme libre et ind\u00e9pendante, dont la d\u00e9marche engag\u00e9e est plus que jamais d&rsquo;actualit\u00e9.<\/p>\n<\/div>","protected":false},"featured_media":141366,"template":"","meta":{"site-sidebar-layout":"default","site-content-layout":"default","ast-site-content-layout":"default","site-content-style":"default","site-sidebar-style":"default","ast-global-header-display":"","ast-banner-title-visibility":"","ast-main-header-display":"","ast-hfb-above-header-display":"","ast-hfb-below-header-display":"","ast-hfb-mobile-header-display":"","site-post-title":"","ast-breadcrumbs-content":"","ast-featured-img":"","footer-sml-layout":"","ast-disable-related-posts":"","theme-transparent-header-meta":"default","adv-header-id-meta":"","stick-header-meta":"default","header-above-stick-meta":"","header-main-stick-meta":"","header-below-stick-meta":"","astra-migrate-meta-layouts":"set","ast-page-background-enabled":"default","ast-page-background-meta":{"desktop":{"background-color":"","background-image":"","background-repeat":"repeat","background-position":"center center","background-size":"auto","background-attachment":"scroll","background-type":"","background-media":"","overlay-type":"","overlay-color":"","overlay-opacity":"","overlay-gradient":""},"tablet":{"background-color":"","background-image":"","background-repeat":"repeat","background-position":"center center","background-size":"auto","background-attachment":"scroll","background-type":"","background-media":"","overlay-type":"","overlay-color":"","overlay-opacity":"","overlay-gradient":""},"mobile":{"background-color":"","background-image":"","background-repeat":"repeat","background-position":"center center","background-size":"auto","background-attachment":"scroll","background-type":"","background-media":"","overlay-type":"","overlay-color":"","overlay-opacity":"","overlay-gradient":""}},"ast-content-background-meta":{"desktop":{"background-color":"var(--ast-global-color-5)","background-image":"","background-repeat":"repeat","background-position":"center center","background-size":"auto","background-attachment":"scroll","background-type":"","background-media":"","overlay-type":"","overlay-color":"","overlay-opacity":"","overlay-gradient":""},"tablet":{"background-color":"var(--ast-global-color-5)","background-image":"","background-repeat":"repeat","background-position":"center center","background-size":"auto","background-attachment":"scroll","background-type":"","background-media":"","overlay-type":"","overlay-color":"","overlay-opacity":"","overlay-gradient":""},"mobile":{"background-color":"var(--ast-global-color-5)","background-image":"","background-repeat":"repeat","background-position":"center center","background-size":"auto","background-attachment":"scroll","background-type":"","background-media":"","overlay-type":"","overlay-color":"","overlay-opacity":"","overlay-gradient":""}}},"product_brand":[],"product_cat":[199,299,67,200],"product_tag":[473],"class_list":{"0":"post-141337","1":"product","2":"type-product","3":"status-publish","4":"has-post-thumbnail","6":"product_cat-art-de-vivre","7":"product_cat-cadeaux","8":"product_cat-designers","9":"product_cat-livres","10":"product_tag-charlotte-perriand","11":"desktop-align-left","12":"tablet-align-left","13":"mobile-align-left","14":"ast-product-gallery-layout-horizontal","15":"ast-qv-on-image","17":"first","18":"instock","19":"taxable","20":"shipping-taxable","21":"purchasable","22":"product-type-simple"},"_links":{"self":[{"href":"https:\/\/sentou.fr\/en\/wp-json\/wp\/v2\/product\/141337","targetHints":{"allow":["GET"]}}],"collection":[{"href":"https:\/\/sentou.fr\/en\/wp-json\/wp\/v2\/product"}],"about":[{"href":"https:\/\/sentou.fr\/en\/wp-json\/wp\/v2\/types\/product"}],"wp:featuredmedia":[{"embeddable":true,"href":"https:\/\/sentou.fr\/en\/wp-json\/wp\/v2\/media\/141366"}],"wp:attachment":[{"href":"https:\/\/sentou.fr\/en\/wp-json\/wp\/v2\/media?parent=141337"}],"wp:term":[{"taxonomy":"product_brand","embeddable":true,"href":"https:\/\/sentou.fr\/en\/wp-json\/wp\/v2\/product_brand?post=141337"},{"taxonomy":"product_cat","embeddable":true,"href":"https:\/\/sentou.fr\/en\/wp-json\/wp\/v2\/product_cat?post=141337"},{"taxonomy":"product_tag","embeddable":true,"href":"https:\/\/sentou.fr\/en\/wp-json\/wp\/v2\/product_tag?post=141337"}],"curies":[{"name":"wp","href":"https:\/\/api.w.org\/{rel}","templated":true}]}}