{"id":141341,"date":"2024-07-18T10:57:56","date_gmt":"2024-07-18T08:57:56","guid":{"rendered":"https:\/\/sentou.fr\/?post_type=product&#038;p=141341"},"modified":"2024-07-22T15:53:46","modified_gmt":"2024-07-22T13:53:46","slug":"jean-prouve-book-5","status":"publish","type":"product","link":"https:\/\/sentou.fr\/en\/produit\/alvar-aalto-livre\/","title":{"rendered":"ALVAR AALTO  livre"},"content":{"rendered":"<ul>\n<li><strong>Ouvrage faisant partie de la collection Biblioth\u00e8que de l&rsquo;Amateur\/ \u00e9ditions les Ar\u00e8nes<\/strong><\/li>\n<li><strong>Couverture: <\/strong>souple broch\u00e9<\/li>\n<li><strong>Size:<\/strong> 14,4 <span style=\"font-size: 16px;\">cm \u00a0x 19,4 cm x \u00e9pais. 1,4cm<\/span><\/li>\n<li><strong>Publisher:\u00a0<\/strong> Les ARENES France<\/li>\n<li><strong>Ann\u00e9e de parution<\/strong> : Avril 2024<\/li>\n<li><strong>Language:<\/strong> Francais<\/li>\n<li><strong>Total pages:<\/strong> 168<\/li>\n<li><strong>Auteur<\/strong> : Philippe Tr\u00e9tiack<\/li>\n<\/ul>\n<p>&nbsp;<\/p>\n<p>&nbsp;<\/p>","protected":false},"excerpt":{"rendered":"<p>Alvar Aalto (1989\u20131976) est \u00e0 la Finlande ce que Picasso est \u00e0 l&rsquo;Espagne ou James Joyce \u00e0 l&rsquo;Irlande. Architecte, il a dessin\u00e9 et construit des b\u00e2timents, des luminaires, de la vaisselle et des meubles, autant de cr\u00e9ations qui d\u00e9sormais symbolisent le pays des 180 000 lacs. Plus que tout, il a fait de la courbe sa signature, puisant son inspiration dans la nature, jouant de la lumi\u00e8re rasante du soleil de minuit, magnifiant la neige et les for\u00eats de bouleaux. N\u00e9 \u00e0 une \u00e9poque o\u00f9 l&rsquo;\u00e9clectisme r\u00e9gnait en ma\u00eetre, il a au fil des ann\u00e9es parcouru les styles, du romantisme national au modernisme pur et dur, avant d&rsquo;assouplir son oeuvre en s&rsquo;ouvrant \u00e0 l&rsquo;humanisme. Alvar Aalto, ou l&rsquo;architecture r\u00e9enchant\u00e9e.<\/p>","protected":false},"featured_media":141357,"template":"","meta":{"site-sidebar-layout":"default","site-content-layout":"default","ast-site-content-layout":"default","site-content-style":"default","site-sidebar-style":"default","ast-global-header-display":"","ast-banner-title-visibility":"","ast-main-header-display":"","ast-hfb-above-header-display":"","ast-hfb-below-header-display":"","ast-hfb-mobile-header-display":"","site-post-title":"","ast-breadcrumbs-content":"","ast-featured-img":"","footer-sml-layout":"","ast-disable-related-posts":"","theme-transparent-header-meta":"default","adv-header-id-meta":"","stick-header-meta":"default","header-above-stick-meta":"","header-main-stick-meta":"","header-below-stick-meta":"","astra-migrate-meta-layouts":"set","ast-page-background-enabled":"default","ast-page-background-meta":{"desktop":{"background-color":"","background-image":"","background-repeat":"repeat","background-position":"center center","background-size":"auto","background-attachment":"scroll","background-type":"","background-media":"","overlay-type":"","overlay-color":"","overlay-opacity":"","overlay-gradient":""},"tablet":{"background-color":"","background-image":"","background-repeat":"repeat","background-position":"center center","background-size":"auto","background-attachment":"scroll","background-type":"","background-media":"","overlay-type":"","overlay-color":"","overlay-opacity":"","overlay-gradient":""},"mobile":{"background-color":"","background-image":"","background-repeat":"repeat","background-position":"center center","background-size":"auto","background-attachment":"scroll","background-type":"","background-media":"","overlay-type":"","overlay-color":"","overlay-opacity":"","overlay-gradient":""}},"ast-content-background-meta":{"desktop":{"background-color":"var(--ast-global-color-5)","background-image":"","background-repeat":"repeat","background-position":"center center","background-size":"auto","background-attachment":"scroll","background-type":"","background-media":"","overlay-type":"","overlay-color":"","overlay-opacity":"","overlay-gradient":""},"tablet":{"background-color":"var(--ast-global-color-5)","background-image":"","background-repeat":"repeat","background-position":"center center","background-size":"auto","background-attachment":"scroll","background-type":"","background-media":"","overlay-type":"","overlay-color":"","overlay-opacity":"","overlay-gradient":""},"mobile":{"background-color":"var(--ast-global-color-5)","background-image":"","background-repeat":"repeat","background-position":"center center","background-size":"auto","background-attachment":"scroll","background-type":"","background-media":"","overlay-type":"","overlay-color":"","overlay-opacity":"","overlay-gradient":""}}},"product_brand":[],"product_cat":[199,299,67,200],"product_tag":[471],"class_list":{"0":"post-141341","1":"product","2":"type-product","3":"status-publish","4":"has-post-thumbnail","6":"product_cat-art-de-vivre","7":"product_cat-cadeaux","8":"product_cat-designers","9":"product_cat-livres","10":"product_tag-alvar-aalto","11":"desktop-align-left","12":"tablet-align-left","13":"mobile-align-left","14":"ast-product-gallery-layout-horizontal","15":"ast-qv-on-image","17":"first","18":"instock","19":"taxable","20":"shipping-taxable","21":"purchasable","22":"product-type-simple"},"_links":{"self":[{"href":"https:\/\/sentou.fr\/en\/wp-json\/wp\/v2\/product\/141341","targetHints":{"allow":["GET"]}}],"collection":[{"href":"https:\/\/sentou.fr\/en\/wp-json\/wp\/v2\/product"}],"about":[{"href":"https:\/\/sentou.fr\/en\/wp-json\/wp\/v2\/types\/product"}],"wp:featuredmedia":[{"embeddable":true,"href":"https:\/\/sentou.fr\/en\/wp-json\/wp\/v2\/media\/141357"}],"wp:attachment":[{"href":"https:\/\/sentou.fr\/en\/wp-json\/wp\/v2\/media?parent=141341"}],"wp:term":[{"taxonomy":"product_brand","embeddable":true,"href":"https:\/\/sentou.fr\/en\/wp-json\/wp\/v2\/product_brand?post=141341"},{"taxonomy":"product_cat","embeddable":true,"href":"https:\/\/sentou.fr\/en\/wp-json\/wp\/v2\/product_cat?post=141341"},{"taxonomy":"product_tag","embeddable":true,"href":"https:\/\/sentou.fr\/en\/wp-json\/wp\/v2\/product_tag?post=141341"}],"curies":[{"name":"wp","href":"https:\/\/api.w.org\/{rel}","templated":true}]}}