{"id":141799,"date":"2024-10-18T10:00:30","date_gmt":"2024-10-18T08:00:30","guid":{"rendered":"https:\/\/sentou.fr\/?post_type=product&#038;p=141799"},"modified":"2025-12-16T13:17:48","modified_gmt":"2025-12-16T11:17:48","slug":"lampe-mushroom-mini","status":"publish","type":"product","link":"https:\/\/sentou.fr\/en\/produit\/lampe-mushroom-mini\/","title":{"rendered":"Lampe MUSHROOM mini"},"content":{"rendered":"<ul>\n<li><strong>Size: <\/strong>Diam\u00e8tre 20 cm x H 20 cm<\/li>\n<li><strong>Material:<\/strong> m\u00e9tal laqu\u00e9 brillant<\/li>\n<li><strong>Colour:<\/strong> 6 couleurs \u00a0Rose, vert, \u00a0Bleu, jaune, Orange, blanc<\/li>\n<li><strong>Caract\u00e9ristiques techniques\u00a0 :<\/strong> Ampoule E14 max 15w, \u00a0tension 220\/240v, longueur du c\u00e2ble 2ml<\/li>\n<\/ul>","protected":false},"excerpt":{"rendered":"<p style=\"font-weight: 400;\">La mini Mushroom est la parfaite petite lampe pour votre table de nuit comme lampe de chevet ou comme lampe de bureau\u2026 Elle est \u00e9galement tr\u00e8s belle sur une \u00e9tag\u00e8re ou sur un buffet. Les possibilit\u00e9s sont illimit\u00e9es car elle prend sa place dans votre int\u00e9rieur pas seulement comme luminaire mais aussi comme v\u00e9ritable objet design.<\/p>\n<p style=\"font-weight: 400;\">Elle existe en 6 coloris et aussi dans un autre format, plus grand, <a href=\"https:\/\/sentou.fr\/en\/product-2\/lampe-mushroom-grand-modele\/\">la version FAT<\/a>, d\u00e9clin\u00e9e dans d\u2019autres couleurs<\/p>","protected":false},"featured_media":141811,"template":"","meta":{"site-sidebar-layout":"default","site-content-layout":"","ast-site-content-layout":"default","site-content-style":"default","site-sidebar-style":"default","ast-global-header-display":"","ast-banner-title-visibility":"","ast-main-header-display":"","ast-hfb-above-header-display":"","ast-hfb-below-header-display":"","ast-hfb-mobile-header-display":"","site-post-title":"","ast-breadcrumbs-content":"","ast-featured-img":"","footer-sml-layout":"","ast-disable-related-posts":"","theme-transparent-header-meta":"default","adv-header-id-meta":"","stick-header-meta":"default","header-above-stick-meta":"","header-main-stick-meta":"","header-below-stick-meta":"","astra-migrate-meta-layouts":"set","ast-page-background-enabled":"default","ast-page-background-meta":{"desktop":{"background-color":"","background-image":"","background-repeat":"repeat","background-position":"center center","background-size":"auto","background-attachment":"scroll","background-type":"","background-media":"","overlay-type":"","overlay-color":"","overlay-opacity":"","overlay-gradient":""},"tablet":{"background-color":"","background-image":"","background-repeat":"repeat","background-position":"center center","background-size":"auto","background-attachment":"scroll","background-type":"","background-media":"","overlay-type":"","overlay-color":"","overlay-opacity":"","overlay-gradient":""},"mobile":{"background-color":"","background-image":"","background-repeat":"repeat","background-position":"center center","background-size":"auto","background-attachment":"scroll","background-type":"","background-media":"","overlay-type":"","overlay-color":"","overlay-opacity":"","overlay-gradient":""}},"ast-content-background-meta":{"desktop":{"background-color":"var(--ast-global-color-5)","background-image":"","background-repeat":"repeat","background-position":"center center","background-size":"auto","background-attachment":"scroll","background-type":"","background-media":"","overlay-type":"","overlay-color":"","overlay-opacity":"","overlay-gradient":""},"tablet":{"background-color":"var(--ast-global-color-5)","background-image":"","background-repeat":"repeat","background-position":"center center","background-size":"auto","background-attachment":"scroll","background-type":"","background-media":"","overlay-type":"","overlay-color":"","overlay-opacity":"","overlay-gradient":""},"mobile":{"background-color":"var(--ast-global-color-5)","background-image":"","background-repeat":"repeat","background-position":"center center","background-size":"auto","background-attachment":"scroll","background-type":"","background-media":"","overlay-type":"","overlay-color":"","overlay-opacity":"","overlay-gradient":""}}},"product_brand":[],"product_cat":[299,146,94,17,15],"product_tag":[],"class_list":{"0":"post-141799","1":"product","2":"type-product","3":"status-publish","4":"has-post-thumbnail","6":"product_cat-cadeaux","7":"product_cat-e-shop","8":"product_cat-lampes-a-poser","9":"product_cat-luminaires","10":"product_cat-non-classe","11":"desktop-align-left","12":"tablet-align-left","13":"mobile-align-left","14":"ast-product-gallery-layout-horizontal","15":"ast-product-single-variable","16":"ast-qv-on-image","18":"first","19":"instock","20":"taxable","21":"shipping-taxable","22":"purchasable","23":"product-type-variable"},"_links":{"self":[{"href":"https:\/\/sentou.fr\/en\/wp-json\/wp\/v2\/product\/141799","targetHints":{"allow":["GET"]}}],"collection":[{"href":"https:\/\/sentou.fr\/en\/wp-json\/wp\/v2\/product"}],"about":[{"href":"https:\/\/sentou.fr\/en\/wp-json\/wp\/v2\/types\/product"}],"wp:featuredmedia":[{"embeddable":true,"href":"https:\/\/sentou.fr\/en\/wp-json\/wp\/v2\/media\/141811"}],"wp:attachment":[{"href":"https:\/\/sentou.fr\/en\/wp-json\/wp\/v2\/media?parent=141799"}],"wp:term":[{"taxonomy":"product_brand","embeddable":true,"href":"https:\/\/sentou.fr\/en\/wp-json\/wp\/v2\/product_brand?post=141799"},{"taxonomy":"product_cat","embeddable":true,"href":"https:\/\/sentou.fr\/en\/wp-json\/wp\/v2\/product_cat?post=141799"},{"taxonomy":"product_tag","embeddable":true,"href":"https:\/\/sentou.fr\/en\/wp-json\/wp\/v2\/product_tag?post=141799"}],"curies":[{"name":"wp","href":"https:\/\/api.w.org\/{rel}","templated":true}]}}