{"id":141830,"date":"2024-11-12T17:09:19","date_gmt":"2024-11-12T15:09:19","guid":{"rendered":"https:\/\/sentou.fr\/?post_type=product&#038;p=141830"},"modified":"2025-12-12T15:43:50","modified_gmt":"2025-12-12T13:43:50","slug":"stylo-aldo-cibic","status":"publish","type":"product","link":"https:\/\/sentou.fr\/en\/produit\/stylo-aldo-cibic\/","title":{"rendered":"Stylo ALDO CIBIC"},"content":{"rendered":"<ul>\n<li><strong>Size: <\/strong>Diam\u00e8tre 1,5cm x Longueur 13,5 cm<\/li>\n<li><strong>Material: <\/strong>Laiton et m\u00e9tal d\u00e9cor\u00e9, avec garniture chrom\u00e9e<\/li>\n<li><strong>Colour:<\/strong> unique<\/li>\n<li><span style=\"font-size: 16px; font-style: normal;\"><strong>Type de stylo :<\/strong> Rollerball &#8211; Couleur de l&rsquo;encre : Noir<\/span><\/li>\n<li><strong>Design :<\/strong> Aldo Cibic &#8211; signature de l&rsquo;artiste \u00a0grav\u00e9e sur la bande du capuchon<\/li>\n<li><strong>Date d&rsquo;\u00e9dition: <\/strong>2005<\/li>\n<\/ul>\n<p>Fabriqu\u00e9 \u00e0 la main<br \/>\n\u00c9dition limit\u00e9e, id\u00e9ale pour les collectionneurs<\/p>\n<p>Le stylo est vendu dans une bo\u00eete m\u00e9tallique ACME<\/p>","protected":false},"excerpt":{"rendered":"<p style=\"font-weight: 400;\"><strong>PIECE COLLECTOR<\/strong><\/p>\n<p style=\"font-weight: 400;\">ACME Studio est une soci\u00e9t\u00e9 internationale de cr\u00e9ation qui produit et commercialise des instruments d&rsquo;\u00e9criture, des accessoires de papeterie, et d&rsquo;autres objets de design. Ses produits sont le fruit d&rsquo;une collaboration avec les plus grands architectes, designers, artistes du monde entier.<\/p>\n<p style=\"font-weight: 400;\">De nombreuses pi\u00e8ces de la collection ACME figurent dans les collections permanentes de mus\u00e9es de r\u00e9f\u00e9renc , notamment le mus\u00e9e des beaux-arts de Houston, le mus\u00e9e de Brooklyn, le mus\u00e9e des arts d\u00e9coratifs de Francfort, et l&rsquo;ensemble de la s\u00e9rie fait partie de la collection permanente du mus\u00e9e Groninger aux Pays-Bas.<\/p>\n<p style=\"font-weight: 400;\">ALDO CIBIC est n\u00e9 en 1955 \u00e0 Schio (Vicence). Il s&rsquo;installe \u00e0 Milan en 1979 pour travailler avec Ettore Sottsass, dont il devient l&rsquo;associ\u00e9 l&rsquo;ann\u00e9e suivante, avec Matteo Thun et Marco Zanini. En 1989, il s&rsquo;installe \u00e0 son compte et fonde, avec Antonella Spiezio, Cibic &amp; Partners, offrant ses services personnels de conception pour ses propres projets et pour d&rsquo;autres entreprises, tout en se d\u00e9veloppant dans le domaine de la d\u00e9coration d&rsquo;int\u00e9rieur et des projets d&rsquo;architecture en Italie et \u00e0 l&rsquo;\u00e9tranger. Il enseigne \u00e9galement \u00e0 la Domus Academy, dans le cadre du dipl\u00f4me de design industriel de la facult\u00e9 d&rsquo;architecture de l&rsquo;\u00c9cole polytechnique de Milan et dans le cadre du dipl\u00f4me de design industriel de la facult\u00e9 de design de l&rsquo;Universit\u00e9 d&rsquo;architecture de Venise, tout en menant des recherches sur la relation entre le design et la soci\u00e9t\u00e9.<\/p>","protected":false},"featured_media":141834,"template":"","meta":{"site-sidebar-layout":"default","site-content-layout":"","ast-site-content-layout":"default","site-content-style":"default","site-sidebar-style":"default","ast-global-header-display":"","ast-banner-title-visibility":"","ast-main-header-display":"","ast-hfb-above-header-display":"","ast-hfb-below-header-display":"","ast-hfb-mobile-header-display":"","site-post-title":"","ast-breadcrumbs-content":"","ast-featured-img":"","footer-sml-layout":"","ast-disable-related-posts":"","theme-transparent-header-meta":"default","adv-header-id-meta":"","stick-header-meta":"default","header-above-stick-meta":"","header-main-stick-meta":"","header-below-stick-meta":"","astra-migrate-meta-layouts":"set","ast-page-background-enabled":"default","ast-page-background-meta":{"desktop":{"background-color":"","background-image":"","background-repeat":"repeat","background-position":"center center","background-size":"auto","background-attachment":"scroll","background-type":"","background-media":"","overlay-type":"","overlay-color":"","overlay-opacity":"","overlay-gradient":""},"tablet":{"background-color":"","background-image":"","background-repeat":"repeat","background-position":"center center","background-size":"auto","background-attachment":"scroll","background-type":"","background-media":"","overlay-type":"","overlay-color":"","overlay-opacity":"","overlay-gradient":""},"mobile":{"background-color":"","background-image":"","background-repeat":"repeat","background-position":"center center","background-size":"auto","background-attachment":"scroll","background-type":"","background-media":"","overlay-type":"","overlay-color":"","overlay-opacity":"","overlay-gradient":""}},"ast-content-background-meta":{"desktop":{"background-color":"var(--ast-global-color-5)","background-image":"","background-repeat":"repeat","background-position":"center center","background-size":"auto","background-attachment":"scroll","background-type":"","background-media":"","overlay-type":"","overlay-color":"","overlay-opacity":"","overlay-gradient":""},"tablet":{"background-color":"var(--ast-global-color-5)","background-image":"","background-repeat":"repeat","background-position":"center center","background-size":"auto","background-attachment":"scroll","background-type":"","background-media":"","overlay-type":"","overlay-color":"","overlay-opacity":"","overlay-gradient":""},"mobile":{"background-color":"var(--ast-global-color-5)","background-image":"","background-repeat":"repeat","background-position":"center center","background-size":"auto","background-attachment":"scroll","background-type":"","background-media":"","overlay-type":"","overlay-color":"","overlay-opacity":"","overlay-gradient":""}}},"product_brand":[],"product_cat":[146,201,199,299,493,494],"product_tag":[],"class_list":{"0":"post-141830","1":"product","2":"type-product","3":"status-publish","4":"has-post-thumbnail","6":"product_cat-e-shop","7":"product_cat-accessoires","8":"product_cat-art-de-vivre","9":"product_cat-cadeaux","10":"product_cat-stylos","11":"product_cat-stylos-art-de-vivre","12":"desktop-align-left","13":"tablet-align-left","14":"mobile-align-left","15":"ast-product-gallery-layout-horizontal","16":"ast-qv-on-image","18":"first","19":"instock","20":"taxable","21":"shipping-taxable","22":"purchasable","23":"product-type-simple"},"_links":{"self":[{"href":"https:\/\/sentou.fr\/en\/wp-json\/wp\/v2\/product\/141830","targetHints":{"allow":["GET"]}}],"collection":[{"href":"https:\/\/sentou.fr\/en\/wp-json\/wp\/v2\/product"}],"about":[{"href":"https:\/\/sentou.fr\/en\/wp-json\/wp\/v2\/types\/product"}],"wp:featuredmedia":[{"embeddable":true,"href":"https:\/\/sentou.fr\/en\/wp-json\/wp\/v2\/media\/141834"}],"wp:attachment":[{"href":"https:\/\/sentou.fr\/en\/wp-json\/wp\/v2\/media?parent=141830"}],"wp:term":[{"taxonomy":"product_brand","embeddable":true,"href":"https:\/\/sentou.fr\/en\/wp-json\/wp\/v2\/product_brand?post=141830"},{"taxonomy":"product_cat","embeddable":true,"href":"https:\/\/sentou.fr\/en\/wp-json\/wp\/v2\/product_cat?post=141830"},{"taxonomy":"product_tag","embeddable":true,"href":"https:\/\/sentou.fr\/en\/wp-json\/wp\/v2\/product_tag?post=141830"}],"curies":[{"name":"wp","href":"https:\/\/api.w.org\/{rel}","templated":true}]}}