{"id":142033,"date":"2024-10-23T16:27:51","date_gmt":"2024-10-23T14:27:51","guid":{"rendered":"https:\/\/sentou.fr\/?post_type=product&#038;p=142033"},"modified":"2025-11-21T18:02:58","modified_gmt":"2025-11-21T16:02:58","slug":"lampe-mushroom-grand-modele","status":"publish","type":"product","link":"https:\/\/sentou.fr\/en\/produit\/lampe-mushroom-grand-modele\/","title":{"rendered":"Lampe MUSHROOM Grand Mod\u00e8le"},"content":{"rendered":"<ul>\n<li><strong>Size: <\/strong>Diam\u00e8tre 29 cm x H 25 cm<\/li>\n<li><strong>Material:<\/strong> m\u00e9tal laqu\u00e9 brillant<\/li>\n<li><strong>Colour:<\/strong> 8 couleurs \u00a0Noir, \u00a0Blanc, \u00a0Bleu gris, \u00a0 Gris chaud, \u00a0Jaune Moutarde, \u00a0Vert, \u00a0Beige, \u00a0Rouge<\/li>\n<li><strong>Caract\u00e9ristiques techniques\u00a0 :<\/strong> Ampoule E14 max 15w, \u00a0tension 220\/240v, longueur du c\u00e2ble 1m80<\/li>\n<\/ul>","protected":false},"excerpt":{"rendered":"<p style=\"font-weight: 400;\">La lampe Mushroom Grand mod\u00e8le, en m\u00e9tal \u00e9maill\u00e9 brillant, est d\u00e9clin\u00e9e dans 8 couleurs chaudes.<\/p>\n<p style=\"font-weight: 400;\">Elle peut \u00eatre s&rsquo;int\u00e9grer \u00a0partout dans la maison, les possibilit\u00e9s sont illimit\u00e9es car elle prend facilement sa place pas seulement comme luminaire mais aussi comme v\u00e9ritable objet design.<\/p>\n<p style=\"font-weight: 400;\">Elle existe \u00a0dans un autre format, plus petit, <a href=\"https:\/\/sentou.fr\/en\/product-2\/lampe-mushroom-mini\/\">la version Mini<\/a>, d\u00e9clin\u00e9e dans une autre gamme de couleurs<\/p>","protected":false},"featured_media":142066,"template":"","meta":{"site-sidebar-layout":"default","site-content-layout":"","ast-site-content-layout":"default","site-content-style":"default","site-sidebar-style":"default","ast-global-header-display":"","ast-banner-title-visibility":"","ast-main-header-display":"","ast-hfb-above-header-display":"","ast-hfb-below-header-display":"","ast-hfb-mobile-header-display":"","site-post-title":"","ast-breadcrumbs-content":"","ast-featured-img":"","footer-sml-layout":"","ast-disable-related-posts":"","theme-transparent-header-meta":"default","adv-header-id-meta":"","stick-header-meta":"default","header-above-stick-meta":"","header-main-stick-meta":"","header-below-stick-meta":"","astra-migrate-meta-layouts":"set","ast-page-background-enabled":"default","ast-page-background-meta":{"desktop":{"background-color":"","background-image":"","background-repeat":"repeat","background-position":"center center","background-size":"auto","background-attachment":"scroll","background-type":"","background-media":"","overlay-type":"","overlay-color":"","overlay-opacity":"","overlay-gradient":""},"tablet":{"background-color":"","background-image":"","background-repeat":"repeat","background-position":"center center","background-size":"auto","background-attachment":"scroll","background-type":"","background-media":"","overlay-type":"","overlay-color":"","overlay-opacity":"","overlay-gradient":""},"mobile":{"background-color":"","background-image":"","background-repeat":"repeat","background-position":"center center","background-size":"auto","background-attachment":"scroll","background-type":"","background-media":"","overlay-type":"","overlay-color":"","overlay-opacity":"","overlay-gradient":""}},"ast-content-background-meta":{"desktop":{"background-color":"var(--ast-global-color-5)","background-image":"","background-repeat":"repeat","background-position":"center center","background-size":"auto","background-attachment":"scroll","background-type":"","background-media":"","overlay-type":"","overlay-color":"","overlay-opacity":"","overlay-gradient":""},"tablet":{"background-color":"var(--ast-global-color-5)","background-image":"","background-repeat":"repeat","background-position":"center center","background-size":"auto","background-attachment":"scroll","background-type":"","background-media":"","overlay-type":"","overlay-color":"","overlay-opacity":"","overlay-gradient":""},"mobile":{"background-color":"var(--ast-global-color-5)","background-image":"","background-repeat":"repeat","background-position":"center center","background-size":"auto","background-attachment":"scroll","background-type":"","background-media":"","overlay-type":"","overlay-color":"","overlay-opacity":"","overlay-gradient":""}}},"product_brand":[],"product_cat":[299,146,94,17,15],"product_tag":[],"class_list":{"0":"post-142033","1":"product","2":"type-product","3":"status-publish","4":"has-post-thumbnail","6":"product_cat-cadeaux","7":"product_cat-e-shop","8":"product_cat-lampes-a-poser","9":"product_cat-luminaires","10":"product_cat-non-classe","11":"desktop-align-left","12":"tablet-align-left","13":"mobile-align-left","14":"ast-product-gallery-layout-horizontal","15":"ast-product-single-variable","16":"ast-qv-on-image","18":"first","19":"instock","20":"taxable","21":"shipping-taxable","22":"purchasable","23":"product-type-variable"},"_links":{"self":[{"href":"https:\/\/sentou.fr\/en\/wp-json\/wp\/v2\/product\/142033","targetHints":{"allow":["GET"]}}],"collection":[{"href":"https:\/\/sentou.fr\/en\/wp-json\/wp\/v2\/product"}],"about":[{"href":"https:\/\/sentou.fr\/en\/wp-json\/wp\/v2\/types\/product"}],"wp:featuredmedia":[{"embeddable":true,"href":"https:\/\/sentou.fr\/en\/wp-json\/wp\/v2\/media\/142066"}],"wp:attachment":[{"href":"https:\/\/sentou.fr\/en\/wp-json\/wp\/v2\/media?parent=142033"}],"wp:term":[{"taxonomy":"product_brand","embeddable":true,"href":"https:\/\/sentou.fr\/en\/wp-json\/wp\/v2\/product_brand?post=142033"},{"taxonomy":"product_cat","embeddable":true,"href":"https:\/\/sentou.fr\/en\/wp-json\/wp\/v2\/product_cat?post=142033"},{"taxonomy":"product_tag","embeddable":true,"href":"https:\/\/sentou.fr\/en\/wp-json\/wp\/v2\/product_tag?post=142033"}],"curies":[{"name":"wp","href":"https:\/\/api.w.org\/{rel}","templated":true}]}}