{"id":142237,"date":"2024-11-04T13:12:06","date_gmt":"2024-11-04T11:12:06","guid":{"rendered":"https:\/\/sentou.fr\/?post_type=product&#038;p=142237"},"modified":"2024-11-09T22:48:35","modified_gmt":"2024-11-09T20:48:35","slug":"boite-allumettes-xxl","status":"publish","type":"product","link":"https:\/\/sentou.fr\/en\/produit\/boite-allumettes-xxl\/","title":{"rendered":"BOITE ALLUMETTES XXL"},"content":{"rendered":"<ul>\n<li><strong>boite allumettes XXL<\/strong><\/li>\n<li><strong>Size: <\/strong>Longueur 30cm x Largeur 19cm x Hauteur 6cm<\/li>\n<li><strong>Contenance :<\/strong> 150 allumettes<\/li>\n<li><strong>Material: <\/strong>carton imprim\u00e9 en UK et allumettes bois<\/li>\n<li><strong>Colour:<\/strong> 3 d\u00e9cors diff\u00e9rents<\/li>\n<li><strong>A faire br\u00fbler ou \u00e0 utiliser comme objet de d\u00e9coration<\/strong><\/li>\n<\/ul>","protected":false},"excerpt":{"rendered":"<p>Les boites d&rsquo;allumettes XXL collector et ses allumettes de pr\u00e8s de 30cm sont parfaites pour la chemin\u00e9e, pour allumer les bougies mais \u00e9galement comme objet de d\u00e9coration.<\/p>\n<p style=\"font-weight: 400;\">Les boites d&rsquo;allumettes Archivist mesurent 30cm x 19cm, un format hors du commun, et sont con\u00e7ues, imprim\u00e9es et assembl\u00e9es au Royaume Uni.<\/p>\n<p style=\"font-weight: 400;\">Chaque motif est un dessin original r\u00e9alis\u00e9 par la marque.<\/p>","protected":false},"featured_media":142242,"template":"","meta":{"site-sidebar-layout":"default","site-content-layout":"","ast-site-content-layout":"default","site-content-style":"default","site-sidebar-style":"default","ast-global-header-display":"","ast-banner-title-visibility":"","ast-main-header-display":"","ast-hfb-above-header-display":"","ast-hfb-below-header-display":"","ast-hfb-mobile-header-display":"","site-post-title":"","ast-breadcrumbs-content":"","ast-featured-img":"","footer-sml-layout":"","ast-disable-related-posts":"","theme-transparent-header-meta":"default","adv-header-id-meta":"","stick-header-meta":"default","header-above-stick-meta":"","header-main-stick-meta":"","header-below-stick-meta":"","astra-migrate-meta-layouts":"set","ast-page-background-enabled":"default","ast-page-background-meta":{"desktop":{"background-color":"","background-image":"","background-repeat":"repeat","background-position":"center center","background-size":"auto","background-attachment":"scroll","background-type":"","background-media":"","overlay-type":"","overlay-color":"","overlay-opacity":"","overlay-gradient":""},"tablet":{"background-color":"","background-image":"","background-repeat":"repeat","background-position":"center center","background-size":"auto","background-attachment":"scroll","background-type":"","background-media":"","overlay-type":"","overlay-color":"","overlay-opacity":"","overlay-gradient":""},"mobile":{"background-color":"","background-image":"","background-repeat":"repeat","background-position":"center center","background-size":"auto","background-attachment":"scroll","background-type":"","background-media":"","overlay-type":"","overlay-color":"","overlay-opacity":"","overlay-gradient":""}},"ast-content-background-meta":{"desktop":{"background-color":"var(--ast-global-color-5)","background-image":"","background-repeat":"repeat","background-position":"center center","background-size":"auto","background-attachment":"scroll","background-type":"","background-media":"","overlay-type":"","overlay-color":"","overlay-opacity":"","overlay-gradient":""},"tablet":{"background-color":"var(--ast-global-color-5)","background-image":"","background-repeat":"repeat","background-position":"center center","background-size":"auto","background-attachment":"scroll","background-type":"","background-media":"","overlay-type":"","overlay-color":"","overlay-opacity":"","overlay-gradient":""},"mobile":{"background-color":"var(--ast-global-color-5)","background-image":"","background-repeat":"repeat","background-position":"center center","background-size":"auto","background-attachment":"scroll","background-type":"","background-media":"","overlay-type":"","overlay-color":"","overlay-opacity":"","overlay-gradient":""}}},"product_brand":[],"product_cat":[199,299,146,15],"product_tag":[],"class_list":{"0":"post-142237","1":"product","2":"type-product","3":"status-publish","4":"has-post-thumbnail","6":"product_cat-art-de-vivre","7":"product_cat-cadeaux","8":"product_cat-e-shop","9":"product_cat-non-classe","10":"desktop-align-left","11":"tablet-align-left","12":"mobile-align-left","13":"ast-product-gallery-layout-horizontal","14":"ast-product-gallery-with-no-image","15":"ast-product-single-variable","16":"ast-qv-on-image","18":"first","19":"instock","20":"taxable","21":"shipping-taxable","22":"purchasable","23":"product-type-variable"},"_links":{"self":[{"href":"https:\/\/sentou.fr\/en\/wp-json\/wp\/v2\/product\/142237","targetHints":{"allow":["GET"]}}],"collection":[{"href":"https:\/\/sentou.fr\/en\/wp-json\/wp\/v2\/product"}],"about":[{"href":"https:\/\/sentou.fr\/en\/wp-json\/wp\/v2\/types\/product"}],"wp:featuredmedia":[{"embeddable":true,"href":"https:\/\/sentou.fr\/en\/wp-json\/wp\/v2\/media\/142242"}],"wp:attachment":[{"href":"https:\/\/sentou.fr\/en\/wp-json\/wp\/v2\/media?parent=142237"}],"wp:term":[{"taxonomy":"product_brand","embeddable":true,"href":"https:\/\/sentou.fr\/en\/wp-json\/wp\/v2\/product_brand?post=142237"},{"taxonomy":"product_cat","embeddable":true,"href":"https:\/\/sentou.fr\/en\/wp-json\/wp\/v2\/product_cat?post=142237"},{"taxonomy":"product_tag","embeddable":true,"href":"https:\/\/sentou.fr\/en\/wp-json\/wp\/v2\/product_tag?post=142237"}],"curies":[{"name":"wp","href":"https:\/\/api.w.org\/{rel}","templated":true}]}}