{"id":142263,"date":"2024-11-04T14:00:29","date_gmt":"2024-11-04T12:00:29","guid":{"rendered":"https:\/\/sentou.fr\/?post_type=product&#038;p=142263"},"modified":"2025-11-11T13:39:05","modified_gmt":"2025-11-11T11:39:05","slug":"savons-superior","status":"publish","type":"product","link":"https:\/\/sentou.fr\/en\/produit\/savons-superior\/","title":{"rendered":"SAVONS SUPERIOR"},"content":{"rendered":"<p><strong>Savons\u00a0<\/strong><\/p>\n<ul>\n<li>\u00a0<strong>6 parfums :<\/strong> Figue, Rose, Citron, Orange\/cannelle, M\u00e9diterran\u00e9e et Seaweed<\/li>\n<li><strong>Emballage:<\/strong> boite en carton imprim\u00e9e individuelle<\/li>\n<li><strong>Size: <\/strong>Longueur 9cm x Largeur 5,5cm x Epaisseur 3,5cm<\/li>\n<li><strong>Poids:<\/strong> 150gr<\/li>\n<li><strong>Composition : <\/strong>Sodium Palmate, Sodium Palm Kernelate, Aqua, Parfum, Butyrospermum parkii butter, Glycerin, Palm Kernel Acid, Sodium Chloride, Tetrasodium EDTA, Tetrasodium Etidronate, CI 77891, CI 11680, Citral, Limonene.<\/li>\n<\/ul>","protected":false},"excerpt":{"rendered":"<div>\n<p>Fabriqu\u00e9 par un savonnier en Provence, des senteurs de Sud pour cette collection \u00a0de savons intens\u00e9ment parfum\u00e9s et merveilleusement emball\u00e9s de motifs charmants et amusants.<\/p>\n<p>Parfait comme petit cadeau qui saura faire et vous faire plaisir. A poser dans un porte-savon pour des mains d\u00e9licieusement parfum\u00e9es<\/p>\n<\/div>\n<div>\n<p><strong>Existe dans 6 parfums : Figue, Rose, Citron, Orange\/cannelle, M\u00e9diterran\u00e9e et Seaweed<\/strong><\/p>\n<\/div>","protected":false},"featured_media":142274,"template":"","meta":{"site-sidebar-layout":"default","site-content-layout":"","ast-site-content-layout":"default","site-content-style":"default","site-sidebar-style":"default","ast-global-header-display":"","ast-banner-title-visibility":"","ast-main-header-display":"","ast-hfb-above-header-display":"","ast-hfb-below-header-display":"","ast-hfb-mobile-header-display":"","site-post-title":"","ast-breadcrumbs-content":"","ast-featured-img":"","footer-sml-layout":"","ast-disable-related-posts":"","theme-transparent-header-meta":"default","adv-header-id-meta":"","stick-header-meta":"default","header-above-stick-meta":"","header-main-stick-meta":"","header-below-stick-meta":"","astra-migrate-meta-layouts":"set","ast-page-background-enabled":"default","ast-page-background-meta":{"desktop":{"background-color":"","background-image":"","background-repeat":"repeat","background-position":"center center","background-size":"auto","background-attachment":"scroll","background-type":"","background-media":"","overlay-type":"","overlay-color":"","overlay-opacity":"","overlay-gradient":""},"tablet":{"background-color":"","background-image":"","background-repeat":"repeat","background-position":"center center","background-size":"auto","background-attachment":"scroll","background-type":"","background-media":"","overlay-type":"","overlay-color":"","overlay-opacity":"","overlay-gradient":""},"mobile":{"background-color":"","background-image":"","background-repeat":"repeat","background-position":"center center","background-size":"auto","background-attachment":"scroll","background-type":"","background-media":"","overlay-type":"","overlay-color":"","overlay-opacity":"","overlay-gradient":""}},"ast-content-background-meta":{"desktop":{"background-color":"var(--ast-global-color-5)","background-image":"","background-repeat":"repeat","background-position":"center center","background-size":"auto","background-attachment":"scroll","background-type":"","background-media":"","overlay-type":"","overlay-color":"","overlay-opacity":"","overlay-gradient":""},"tablet":{"background-color":"var(--ast-global-color-5)","background-image":"","background-repeat":"repeat","background-position":"center center","background-size":"auto","background-attachment":"scroll","background-type":"","background-media":"","overlay-type":"","overlay-color":"","overlay-opacity":"","overlay-gradient":""},"mobile":{"background-color":"var(--ast-global-color-5)","background-image":"","background-repeat":"repeat","background-position":"center center","background-size":"auto","background-attachment":"scroll","background-type":"","background-media":"","overlay-type":"","overlay-color":"","overlay-opacity":"","overlay-gradient":""}}},"product_brand":[],"product_cat":[199,545,299,146,15,569],"product_tag":[],"class_list":{"0":"post-142263","1":"product","2":"type-product","3":"status-publish","4":"has-post-thumbnail","6":"product_cat-art-de-vivre","7":"product_cat-bien-etre","8":"product_cat-cadeaux","9":"product_cat-e-shop","10":"product_cat-non-classe","11":"product_cat-senteurs","12":"desktop-align-left","13":"tablet-align-left","14":"mobile-align-left","15":"ast-product-gallery-layout-horizontal","16":"ast-product-gallery-with-no-image","17":"ast-product-single-variable","18":"ast-qv-on-image","20":"first","21":"instock","22":"taxable","23":"shipping-taxable","24":"purchasable","25":"product-type-variable"},"_links":{"self":[{"href":"https:\/\/sentou.fr\/en\/wp-json\/wp\/v2\/product\/142263","targetHints":{"allow":["GET"]}}],"collection":[{"href":"https:\/\/sentou.fr\/en\/wp-json\/wp\/v2\/product"}],"about":[{"href":"https:\/\/sentou.fr\/en\/wp-json\/wp\/v2\/types\/product"}],"wp:featuredmedia":[{"embeddable":true,"href":"https:\/\/sentou.fr\/en\/wp-json\/wp\/v2\/media\/142274"}],"wp:attachment":[{"href":"https:\/\/sentou.fr\/en\/wp-json\/wp\/v2\/media?parent=142263"}],"wp:term":[{"taxonomy":"product_brand","embeddable":true,"href":"https:\/\/sentou.fr\/en\/wp-json\/wp\/v2\/product_brand?post=142263"},{"taxonomy":"product_cat","embeddable":true,"href":"https:\/\/sentou.fr\/en\/wp-json\/wp\/v2\/product_cat?post=142263"},{"taxonomy":"product_tag","embeddable":true,"href":"https:\/\/sentou.fr\/en\/wp-json\/wp\/v2\/product_tag?post=142263"}],"curies":[{"name":"wp","href":"https:\/\/api.w.org\/{rel}","templated":true}]}}