{"id":142334,"date":"2024-11-08T21:49:34","date_gmt":"2024-11-08T19:49:34","guid":{"rendered":"https:\/\/sentou.fr\/?post_type=product&#038;p=142334"},"modified":"2025-03-13T11:26:30","modified_gmt":"2025-03-13T09:26:30","slug":"tapis-kilim-n3","status":"publish","type":"product","link":"https:\/\/sentou.fr\/en\/produit\/tapis-kilim-n3\/","title":{"rendered":"Tapis Kilim N\u00b03"},"content":{"rendered":"<p><strong>Material :<\/strong><\/p>\n<ul>\n<li>100% Pure laine<\/li>\n<li>tiss\u00e9 main en Turquie<\/li>\n<\/ul>\n<p><strong>Size:<\/strong><\/p>\n<ul>\n<li>Largeur 166 cm<\/li>\n<li>Longueur \u00a0246 cm<\/li>\n<li>Surface 4,08 m2<\/li>\n<li>Pi\u00e8ce unique<\/li>\n<\/ul>","protected":false},"excerpt":{"rendered":"<div>\n<p>100% laine, tiss\u00e9 \u00e0 la main par des artisans turques<\/p>\n<\/div>\n<div>\n<p><strong>Dimensions : 246 x 166 cm<\/strong><\/p>\n<p><strong>Surface: 4,08 m2<\/strong><\/p>\n<\/div>\n<div>\n<p>Chaque tapis est une \u00a0pi\u00e8ce unique<\/p>\n<\/div>\n<div>\n<p style=\"font-weight: 400;\">Kilim est un mot Turc d\u00e9signant la technique du tissage \u00e0 plat. Cette technique de fabrication de tapis est diff\u00e9rente de celle des tapis \u00e0 points nou\u00e9s (aspect velours), le rendu est plus souple et l\u00e9ger. \u00a0C&rsquo;est l&rsquo;un des modes de tissage le plus simple, le plus r\u00e9pandu et le plus ancien. Cette technique est \u00e0 base de fils de cha\u00eenes (fils verticaux, dispos\u00e9s sur toute la longueur du kilim) et fils de trames color\u00e9s (fils horizontaux, en passant dessus et dessous des trames forment les motifs). Tr\u00e8s r\u00e9sistants, les Kilims sont des tapis faits pour \u00eatre mis au sol.<\/p>\n<p><strong>Conseil d&rsquo;entretien :<\/strong> Entretien r\u00e9gulier avec une brosse \u00e0 sec et aspirateur, vous frottez d\u00e9licatement pour enlever poussi\u00e8res et salet\u00e9s. \u00a0N&rsquo;h\u00e9sitez pas \u00e0 le retourner et \u00e0 le secouer r\u00e9guli\u00e8rement. En cas de t\u00e2che, nettoyez imm\u00e9diatement avec de l&rsquo;eau et du savon de Marseille. Vous pouvez \u00e9galement le confier \u00e0 votre pressing<\/p>\n<\/div>","protected":false},"featured_media":142018,"template":"","meta":{"site-sidebar-layout":"default","site-content-layout":"","ast-site-content-layout":"default","site-content-style":"default","site-sidebar-style":"default","ast-global-header-display":"","ast-banner-title-visibility":"","ast-main-header-display":"","ast-hfb-above-header-display":"","ast-hfb-below-header-display":"","ast-hfb-mobile-header-display":"","site-post-title":"","ast-breadcrumbs-content":"","ast-featured-img":"","footer-sml-layout":"","ast-disable-related-posts":"","theme-transparent-header-meta":"default","adv-header-id-meta":"","stick-header-meta":"default","header-above-stick-meta":"","header-main-stick-meta":"","header-below-stick-meta":"","astra-migrate-meta-layouts":"set","ast-page-background-enabled":"default","ast-page-background-meta":{"desktop":{"background-color":"","background-image":"","background-repeat":"repeat","background-position":"center center","background-size":"auto","background-attachment":"scroll","background-type":"","background-media":"","overlay-type":"","overlay-color":"","overlay-opacity":"","overlay-gradient":""},"tablet":{"background-color":"","background-image":"","background-repeat":"repeat","background-position":"center center","background-size":"auto","background-attachment":"scroll","background-type":"","background-media":"","overlay-type":"","overlay-color":"","overlay-opacity":"","overlay-gradient":""},"mobile":{"background-color":"","background-image":"","background-repeat":"repeat","background-position":"center center","background-size":"auto","background-attachment":"scroll","background-type":"","background-media":"","overlay-type":"","overlay-color":"","overlay-opacity":"","overlay-gradient":""}},"ast-content-background-meta":{"desktop":{"background-color":"var(--ast-global-color-5)","background-image":"","background-repeat":"repeat","background-position":"center center","background-size":"auto","background-attachment":"scroll","background-type":"","background-media":"","overlay-type":"","overlay-color":"","overlay-opacity":"","overlay-gradient":""},"tablet":{"background-color":"var(--ast-global-color-5)","background-image":"","background-repeat":"repeat","background-position":"center center","background-size":"auto","background-attachment":"scroll","background-type":"","background-media":"","overlay-type":"","overlay-color":"","overlay-opacity":"","overlay-gradient":""},"mobile":{"background-color":"var(--ast-global-color-5)","background-image":"","background-repeat":"repeat","background-position":"center center","background-size":"auto","background-attachment":"scroll","background-type":"","background-media":"","overlay-type":"","overlay-color":"","overlay-opacity":"","overlay-gradient":""}}},"product_brand":[],"product_cat":[299,19,146,15,514,572],"product_tag":[],"class_list":{"0":"post-142334","1":"product","2":"type-product","3":"status-publish","4":"has-post-thumbnail","6":"product_cat-cadeaux","7":"product_cat-deco","8":"product_cat-e-shop","9":"product_cat-non-classe","10":"product_cat-tapis","11":"product_cat-textiles","12":"desktop-align-left","13":"tablet-align-left","14":"mobile-align-left","15":"ast-product-gallery-layout-horizontal","16":"ast-qv-on-image","18":"first","19":"outofstock","20":"taxable","21":"shipping-taxable","22":"purchasable","23":"product-type-simple"},"_links":{"self":[{"href":"https:\/\/sentou.fr\/en\/wp-json\/wp\/v2\/product\/142334","targetHints":{"allow":["GET"]}}],"collection":[{"href":"https:\/\/sentou.fr\/en\/wp-json\/wp\/v2\/product"}],"about":[{"href":"https:\/\/sentou.fr\/en\/wp-json\/wp\/v2\/types\/product"}],"wp:featuredmedia":[{"embeddable":true,"href":"https:\/\/sentou.fr\/en\/wp-json\/wp\/v2\/media\/142018"}],"wp:attachment":[{"href":"https:\/\/sentou.fr\/en\/wp-json\/wp\/v2\/media?parent=142334"}],"wp:term":[{"taxonomy":"product_brand","embeddable":true,"href":"https:\/\/sentou.fr\/en\/wp-json\/wp\/v2\/product_brand?post=142334"},{"taxonomy":"product_cat","embeddable":true,"href":"https:\/\/sentou.fr\/en\/wp-json\/wp\/v2\/product_cat?post=142334"},{"taxonomy":"product_tag","embeddable":true,"href":"https:\/\/sentou.fr\/en\/wp-json\/wp\/v2\/product_tag?post=142334"}],"curies":[{"name":"wp","href":"https:\/\/api.w.org\/{rel}","templated":true}]}}