{"id":142788,"date":"2024-12-13T16:55:19","date_gmt":"2024-12-13T14:55:19","guid":{"rendered":"https:\/\/sentou.fr\/?post_type=product&#038;p=142788"},"modified":"2024-12-13T19:35:28","modified_gmt":"2024-12-13T17:35:28","slug":"bougies-parfumees-sentou","status":"publish","type":"product","link":"https:\/\/sentou.fr\/en\/produit\/bougies-parfumees-sentou\/","title":{"rendered":"BOUGIES PARFUMEES SENTOU"},"content":{"rendered":"<ul style=\"font-weight: 400;\">\n<li>Bo\u00eete en aluminium brut. avec un couvercle, qui une fois pos\u00e9 sous la bougie, permet d&rsquo;isoler les meubles de la chaleur<\/li>\n<li>Fabrication 100% fran\u00e7aise selon les normes en vigueur<\/li>\n<li><strong>Dur\u00e9e :<\/strong> 40h environ.<\/li>\n<li><strong>Contenance :<\/strong> 200gr<\/li>\n<li><strong>Size<\/strong> : Aluminum \u00a0bross\u00e9 Hauteur 8 cm \u00a0x \u00a0diam\u00e8tre 7cm \u00a0&#8211; Boite carton: largeur 8 cm \u00a0x profondeur 8cm x hauteur \u00a09,5cm<\/li>\n<li><strong>Material:<\/strong> Cire min\u00e9rale enrichie de cire v\u00e9g\u00e9tale. M\u00e8che coton sans plomb. et boite en aluminium bross\u00e9 avec couvercle<\/li>\n<\/ul>","protected":false},"excerpt":{"rendered":"<p style=\"font-weight: 400;\">Les bougies parfum\u00e9es Sentou, exclusivit\u00e9 sur notre eshop, <strong>4 senteurs<\/strong> pour parfumer subtilement sa maison, son bureau, \u00e0 offrir et surtout \u00e0 s\u2019offrir\u2026<\/p>\n<p style=\"font-weight: 400;\"><strong>ALHAMBRA<\/strong>\u00a0: Alliance exquise : la force de l&rsquo;ambre associ\u00e9e \u00e0 la d\u00e9licatesse de la fleur d&rsquo;oranger. Des notes puissantes qui ne tarderont pas \u00e0 vous envahir.\u00a0 Composition : Ambre, Fleur d&rsquo;Oranger<\/p>\n<p style=\"font-weight: 400;\"><strong>TOSCANE<\/strong>\u00a0: L&rsquo;air est vert ! Laissez-vous porter dans un jardin joyeux : une exhalaison de feuilles de cassis, tomates et basilic. Composition: Feuille de tomate, Cassis, Basilic<\/p>\n<p style=\"font-weight: 400;\"><strong>ASPEN<\/strong>\u00a0: un immense bouquet de lys fra\u00eechement coup\u00e9s se compose de p\u00e9tales noirs. \u00c0 l\u2019aube, les lys viennent d\u2019ouvrir leur corolle et apporte un parfum \u00e0 la fois bois\u00e9 et \u00e9pic\u00e9&#8230; Autorisez-vous une immersion en pleine nature et ressentez le bien-\u00eatre vous envahir. Composition : Lys, Santal, C\u00e8dre<\/p>\n<p style=\"font-weight: 400;\"><strong>METEORES<\/strong>\u00a0: 3 bois sophistiqu\u00e9s emportent litt\u00e9ralement vos sens. Un parfum tr\u00e8s ambr\u00e9, appuy\u00e9 par l&rsquo;action du v\u00e9tiver : le chic sublim\u00e9. Composition : Bois de V\u00e9tiver, Bois d&rsquo;Ambre, Bois de Santal<\/p>\n<p style=\"font-weight: 400;\">\u00a0La bougie parfum\u00e9e dans sa bo\u00eete m\u00e9tal \u00a0avec son conditionnement refermable et sa combustion longue dur\u00e9e.<\/p>\n<p style=\"font-weight: 400;\">\u00a0La fabrication fran\u00e7aise de la bougie et du parfum assure une qualit\u00e9 de br\u00fblage et de diffusion de senteur optimale.<\/p>","protected":false},"featured_media":142821,"template":"","meta":{"site-sidebar-layout":"default","site-content-layout":"","ast-site-content-layout":"default","site-content-style":"default","site-sidebar-style":"default","ast-global-header-display":"","ast-banner-title-visibility":"","ast-main-header-display":"","ast-hfb-above-header-display":"","ast-hfb-below-header-display":"","ast-hfb-mobile-header-display":"","site-post-title":"","ast-breadcrumbs-content":"","ast-featured-img":"","footer-sml-layout":"","ast-disable-related-posts":"","theme-transparent-header-meta":"default","adv-header-id-meta":"","stick-header-meta":"default","header-above-stick-meta":"","header-main-stick-meta":"","header-below-stick-meta":"","astra-migrate-meta-layouts":"set","ast-page-background-enabled":"default","ast-page-background-meta":{"desktop":{"background-color":"","background-image":"","background-repeat":"repeat","background-position":"center center","background-size":"auto","background-attachment":"scroll","background-type":"","background-media":"","overlay-type":"","overlay-color":"","overlay-opacity":"","overlay-gradient":""},"tablet":{"background-color":"","background-image":"","background-repeat":"repeat","background-position":"center center","background-size":"auto","background-attachment":"scroll","background-type":"","background-media":"","overlay-type":"","overlay-color":"","overlay-opacity":"","overlay-gradient":""},"mobile":{"background-color":"","background-image":"","background-repeat":"repeat","background-position":"center center","background-size":"auto","background-attachment":"scroll","background-type":"","background-media":"","overlay-type":"","overlay-color":"","overlay-opacity":"","overlay-gradient":""}},"ast-content-background-meta":{"desktop":{"background-color":"var(--ast-global-color-5)","background-image":"","background-repeat":"repeat","background-position":"center center","background-size":"auto","background-attachment":"scroll","background-type":"","background-media":"","overlay-type":"","overlay-color":"","overlay-opacity":"","overlay-gradient":""},"tablet":{"background-color":"var(--ast-global-color-5)","background-image":"","background-repeat":"repeat","background-position":"center center","background-size":"auto","background-attachment":"scroll","background-type":"","background-media":"","overlay-type":"","overlay-color":"","overlay-opacity":"","overlay-gradient":""},"mobile":{"background-color":"var(--ast-global-color-5)","background-image":"","background-repeat":"repeat","background-position":"center center","background-size":"auto","background-attachment":"scroll","background-type":"","background-media":"","overlay-type":"","overlay-color":"","overlay-opacity":"","overlay-gradient":""}}},"product_brand":[],"product_cat":[199,545,561,299,146,15,569,72],"product_tag":[],"class_list":{"0":"post-142788","1":"product","2":"type-product","3":"status-publish","4":"has-post-thumbnail","6":"product_cat-art-de-vivre","7":"product_cat-bien-etre","8":"product_cat-bougie-parfumee","9":"product_cat-cadeaux","10":"product_cat-e-shop","11":"product_cat-non-classe","12":"product_cat-senteurs","13":"product_cat-sentou","14":"desktop-align-left","15":"tablet-align-left","16":"mobile-align-left","17":"ast-product-gallery-layout-horizontal","18":"ast-product-single-variable","19":"ast-qv-on-image","21":"first","22":"instock","23":"taxable","24":"shipping-taxable","25":"purchasable","26":"product-type-variable"},"_links":{"self":[{"href":"https:\/\/sentou.fr\/en\/wp-json\/wp\/v2\/product\/142788","targetHints":{"allow":["GET"]}}],"collection":[{"href":"https:\/\/sentou.fr\/en\/wp-json\/wp\/v2\/product"}],"about":[{"href":"https:\/\/sentou.fr\/en\/wp-json\/wp\/v2\/types\/product"}],"wp:featuredmedia":[{"embeddable":true,"href":"https:\/\/sentou.fr\/en\/wp-json\/wp\/v2\/media\/142821"}],"wp:attachment":[{"href":"https:\/\/sentou.fr\/en\/wp-json\/wp\/v2\/media?parent=142788"}],"wp:term":[{"taxonomy":"product_brand","embeddable":true,"href":"https:\/\/sentou.fr\/en\/wp-json\/wp\/v2\/product_brand?post=142788"},{"taxonomy":"product_cat","embeddable":true,"href":"https:\/\/sentou.fr\/en\/wp-json\/wp\/v2\/product_cat?post=142788"},{"taxonomy":"product_tag","embeddable":true,"href":"https:\/\/sentou.fr\/en\/wp-json\/wp\/v2\/product_tag?post=142788"}],"curies":[{"name":"wp","href":"https:\/\/api.w.org\/{rel}","templated":true}]}}