{"id":142833,"date":"2024-12-13T19:39:33","date_gmt":"2024-12-13T17:39:33","guid":{"rendered":"https:\/\/sentou.fr\/?post_type=product&#038;p=142833"},"modified":"2025-12-13T12:15:36","modified_gmt":"2025-12-13T10:15:36","slug":"echarpe-laine-yak","status":"publish","type":"product","link":"https:\/\/sentou.fr\/en\/produit\/echarpe-laine-yak\/","title":{"rendered":"ECHARPE LAINE YAK"},"content":{"rendered":"<ul>\n<li><strong>Mat\u00e9riau: <\/strong>Fine laine de Yak \u00a0tissage artisanal des plateaux de l&rsquo;Himalaya<\/li>\n<li><strong><span style=\"font-size: 16px;\">Dimensions: <\/span><\/strong><span style=\"font-size: 16px;\">environ largeur 80cm x 2m00 les dimensions peuvent varier car le tissage est artisanal<\/span><\/li>\n<\/ul>\n<ul>\n<li><strong>Entretien: \u00a0<\/strong><span style=\"font-size: 16px;\">Nettoyage \u00e0 sec \/ <\/span><span style=\"font-size: 16px;\">Lavage \u00e0 froid \u00e0 la main \/ <\/span><span style=\"font-size: 16px;\">Laver seul ou avec des couleurs similaires \/ <\/span><span style=\"font-size: 16px;\">S\u00e9chage \u00e0 plat \u00e0 l&rsquo;air libre\/ S\u00e9chage en tambour interdit<\/span><\/li>\n<\/ul>","protected":false},"excerpt":{"rendered":"<p>Nos trouvailles lors de l&rsquo;un de nos derniers voyages en Inde&#8230; un petit atelier artisanal et familial des contreforts de l&rsquo;Himalaya<\/p>\n<p>Des couleurs incroyables comme Sentou les aime, fortes, puissantes, fruits de teintures naturelles et ancestrales. Ces \u00e9charpes sont des produits d&rsquo;artosaba<\/p>\n<p>Faite d&rsquo;une laine douce et chaude d&rsquo;exception, cette \u00e9charpe au dimensions g\u00e9n\u00e9reuses est id\u00e9ale pour compl\u00e9ter votre protection durant l&rsquo;hiver et pour apporter une forte touche de couleurs \u00e0 vos tenues.<\/p>\n<p>La laine de yak est extraite du duvet de l&rsquo;animal, elle est compos\u00e9e de fibres tr\u00e8s fines et tr\u00e8s douces.<\/p>","protected":false},"featured_media":142844,"template":"","meta":{"site-sidebar-layout":"default","site-content-layout":"","ast-site-content-layout":"default","site-content-style":"default","site-sidebar-style":"default","ast-global-header-display":"","ast-banner-title-visibility":"","ast-main-header-display":"","ast-hfb-above-header-display":"","ast-hfb-below-header-display":"","ast-hfb-mobile-header-display":"","site-post-title":"","ast-breadcrumbs-content":"","ast-featured-img":"","footer-sml-layout":"","ast-disable-related-posts":"","theme-transparent-header-meta":"default","adv-header-id-meta":"","stick-header-meta":"default","header-above-stick-meta":"","header-main-stick-meta":"","header-below-stick-meta":"","astra-migrate-meta-layouts":"set","ast-page-background-enabled":"default","ast-page-background-meta":{"desktop":{"background-color":"","background-image":"","background-repeat":"repeat","background-position":"center center","background-size":"auto","background-attachment":"scroll","background-type":"","background-media":"","overlay-type":"","overlay-color":"","overlay-opacity":"","overlay-gradient":""},"tablet":{"background-color":"","background-image":"","background-repeat":"repeat","background-position":"center center","background-size":"auto","background-attachment":"scroll","background-type":"","background-media":"","overlay-type":"","overlay-color":"","overlay-opacity":"","overlay-gradient":""},"mobile":{"background-color":"","background-image":"","background-repeat":"repeat","background-position":"center center","background-size":"auto","background-attachment":"scroll","background-type":"","background-media":"","overlay-type":"","overlay-color":"","overlay-opacity":"","overlay-gradient":""}},"ast-content-background-meta":{"desktop":{"background-color":"var(--ast-global-color-5)","background-image":"","background-repeat":"repeat","background-position":"center center","background-size":"auto","background-attachment":"scroll","background-type":"","background-media":"","overlay-type":"","overlay-color":"","overlay-opacity":"","overlay-gradient":""},"tablet":{"background-color":"var(--ast-global-color-5)","background-image":"","background-repeat":"repeat","background-position":"center center","background-size":"auto","background-attachment":"scroll","background-type":"","background-media":"","overlay-type":"","overlay-color":"","overlay-opacity":"","overlay-gradient":""},"mobile":{"background-color":"var(--ast-global-color-5)","background-image":"","background-repeat":"repeat","background-position":"center center","background-size":"auto","background-attachment":"scroll","background-type":"","background-media":"","overlay-type":"","overlay-color":"","overlay-opacity":"","overlay-gradient":""}}},"product_brand":[],"product_cat":[146,201,199,545,299,572],"product_tag":[],"class_list":{"0":"post-142833","1":"product","2":"type-product","3":"status-publish","4":"has-post-thumbnail","6":"product_cat-e-shop","7":"product_cat-accessoires","8":"product_cat-art-de-vivre","9":"product_cat-bien-etre","10":"product_cat-cadeaux","11":"product_cat-textiles","12":"desktop-align-left","13":"tablet-align-left","14":"mobile-align-left","15":"ast-product-gallery-layout-horizontal","16":"ast-product-single-variable","17":"ast-qv-on-image","19":"first","20":"instock","21":"taxable","22":"shipping-taxable","23":"purchasable","24":"product-type-variable"},"_links":{"self":[{"href":"https:\/\/sentou.fr\/en\/wp-json\/wp\/v2\/product\/142833","targetHints":{"allow":["GET"]}}],"collection":[{"href":"https:\/\/sentou.fr\/en\/wp-json\/wp\/v2\/product"}],"about":[{"href":"https:\/\/sentou.fr\/en\/wp-json\/wp\/v2\/types\/product"}],"wp:featuredmedia":[{"embeddable":true,"href":"https:\/\/sentou.fr\/en\/wp-json\/wp\/v2\/media\/142844"}],"wp:attachment":[{"href":"https:\/\/sentou.fr\/en\/wp-json\/wp\/v2\/media?parent=142833"}],"wp:term":[{"taxonomy":"product_brand","embeddable":true,"href":"https:\/\/sentou.fr\/en\/wp-json\/wp\/v2\/product_brand?post=142833"},{"taxonomy":"product_cat","embeddable":true,"href":"https:\/\/sentou.fr\/en\/wp-json\/wp\/v2\/product_cat?post=142833"},{"taxonomy":"product_tag","embeddable":true,"href":"https:\/\/sentou.fr\/en\/wp-json\/wp\/v2\/product_tag?post=142833"}],"curies":[{"name":"wp","href":"https:\/\/api.w.org\/{rel}","templated":true}]}}