{"id":142868,"date":"2024-12-13T23:37:40","date_gmt":"2024-12-13T21:37:40","guid":{"rendered":"https:\/\/sentou.fr\/?post_type=product&#038;p=142868"},"modified":"2025-12-14T18:09:09","modified_gmt":"2025-12-14T16:09:09","slug":"boucles-oreilles-stone","status":"publish","type":"product","link":"https:\/\/sentou.fr\/en\/produit\/boucles-oreilles-stone\/","title":{"rendered":"BOUCLES OREILLES STONE"},"content":{"rendered":"<ul>\n<li>Paires de Boucles pour oreilles perc\u00e9es<\/li>\n<li><strong>Mat\u00e9riau: <\/strong>Pierres fines, pierres dures et perles<\/li>\n<li><strong><span style=\"font-size: 16px;\">Dimensions: <\/span><\/strong><span style=\"font-size: 16px;\">diverses longueurs et diam\u00e8tres\u00a0<\/span><\/li>\n<\/ul>","protected":false},"excerpt":{"rendered":"<p style=\"font-weight: 400;\">Les boucles d&rsquo;oreilles de notre collection STONE sont \u00a0r\u00e9alis\u00e9es artisanalement dans un atelier \u00e0 Ja\u00efpur en Inde.<\/p>\n<p>Lapis-lazuli, perles, agate Oeil du Tigre, agate rose, cornaline, am\u00e9thyste, jade, topaze, opale, algue-marine, cristal, tourmaline, grenat,&#8230; et une multitude d&rsquo;autres pierres \u00a0dures et semi pr\u00e9cieuses, toutes les pierres et les perles utilis\u00e9es sont naturelles<\/p>\n<p style=\"font-weight: 400;\">Les montures m\u00e9talliques sont en argent \u00a0pour certaines plaqu\u00e9s Or<\/p>","protected":false},"featured_media":142886,"template":"","meta":{"site-sidebar-layout":"default","site-content-layout":"","ast-site-content-layout":"default","site-content-style":"default","site-sidebar-style":"default","ast-global-header-display":"","ast-banner-title-visibility":"","ast-main-header-display":"","ast-hfb-above-header-display":"","ast-hfb-below-header-display":"","ast-hfb-mobile-header-display":"","site-post-title":"","ast-breadcrumbs-content":"","ast-featured-img":"","footer-sml-layout":"","ast-disable-related-posts":"","theme-transparent-header-meta":"default","adv-header-id-meta":"","stick-header-meta":"default","header-above-stick-meta":"","header-main-stick-meta":"","header-below-stick-meta":"","astra-migrate-meta-layouts":"set","ast-page-background-enabled":"default","ast-page-background-meta":{"desktop":{"background-color":"","background-image":"","background-repeat":"repeat","background-position":"center center","background-size":"auto","background-attachment":"scroll","background-type":"","background-media":"","overlay-type":"","overlay-color":"","overlay-opacity":"","overlay-gradient":""},"tablet":{"background-color":"","background-image":"","background-repeat":"repeat","background-position":"center center","background-size":"auto","background-attachment":"scroll","background-type":"","background-media":"","overlay-type":"","overlay-color":"","overlay-opacity":"","overlay-gradient":""},"mobile":{"background-color":"","background-image":"","background-repeat":"repeat","background-position":"center center","background-size":"auto","background-attachment":"scroll","background-type":"","background-media":"","overlay-type":"","overlay-color":"","overlay-opacity":"","overlay-gradient":""}},"ast-content-background-meta":{"desktop":{"background-color":"var(--ast-global-color-5)","background-image":"","background-repeat":"repeat","background-position":"center center","background-size":"auto","background-attachment":"scroll","background-type":"","background-media":"","overlay-type":"","overlay-color":"","overlay-opacity":"","overlay-gradient":""},"tablet":{"background-color":"var(--ast-global-color-5)","background-image":"","background-repeat":"repeat","background-position":"center center","background-size":"auto","background-attachment":"scroll","background-type":"","background-media":"","overlay-type":"","overlay-color":"","overlay-opacity":"","overlay-gradient":""},"mobile":{"background-color":"var(--ast-global-color-5)","background-image":"","background-repeat":"repeat","background-position":"center center","background-size":"auto","background-attachment":"scroll","background-type":"","background-media":"","overlay-type":"","overlay-color":"","overlay-opacity":"","overlay-gradient":""}}},"product_brand":[],"product_cat":[253,199,299,146],"product_tag":[],"class_list":{"0":"post-142868","1":"product","2":"type-product","3":"status-publish","4":"has-post-thumbnail","6":"product_cat-bijoux","7":"product_cat-art-de-vivre","8":"product_cat-cadeaux","9":"product_cat-e-shop","10":"desktop-align-left","11":"tablet-align-left","12":"mobile-align-left","13":"ast-product-gallery-layout-horizontal","14":"ast-product-gallery-with-no-image","15":"ast-product-single-variable","16":"ast-qv-on-image","18":"first","19":"instock","20":"taxable","21":"shipping-taxable","22":"purchasable","23":"product-type-variable"},"_links":{"self":[{"href":"https:\/\/sentou.fr\/en\/wp-json\/wp\/v2\/product\/142868","targetHints":{"allow":["GET"]}}],"collection":[{"href":"https:\/\/sentou.fr\/en\/wp-json\/wp\/v2\/product"}],"about":[{"href":"https:\/\/sentou.fr\/en\/wp-json\/wp\/v2\/types\/product"}],"wp:featuredmedia":[{"embeddable":true,"href":"https:\/\/sentou.fr\/en\/wp-json\/wp\/v2\/media\/142886"}],"wp:attachment":[{"href":"https:\/\/sentou.fr\/en\/wp-json\/wp\/v2\/media?parent=142868"}],"wp:term":[{"taxonomy":"product_brand","embeddable":true,"href":"https:\/\/sentou.fr\/en\/wp-json\/wp\/v2\/product_brand?post=142868"},{"taxonomy":"product_cat","embeddable":true,"href":"https:\/\/sentou.fr\/en\/wp-json\/wp\/v2\/product_cat?post=142868"},{"taxonomy":"product_tag","embeddable":true,"href":"https:\/\/sentou.fr\/en\/wp-json\/wp\/v2\/product_tag?post=142868"}],"curies":[{"name":"wp","href":"https:\/\/api.w.org\/{rel}","templated":true}]}}