{"id":143035,"date":"2024-12-14T14:25:36","date_gmt":"2024-12-14T12:25:36","guid":{"rendered":"https:\/\/sentou.fr\/?post_type=product&#038;p=143035"},"modified":"2025-01-17T16:51:10","modified_gmt":"2025-01-17T14:51:10","slug":"bain-moussant-superior","status":"publish","type":"product","link":"https:\/\/sentou.fr\/en\/produit\/bain-moussant-superior\/","title":{"rendered":"BAIN MOUSSANT SUPERIOR"},"content":{"rendered":"<p>&nbsp;<\/p>\n<ul>\n<li>\u00a0<strong>2\u00a0parfums :<\/strong> M\u00e9diterran\u00e9e et Seaweed<\/li>\n<li><strong>Emballage:<\/strong> Bouteille en verre pour le bain moussant<\/li>\n<li><strong>Dimensions \u00a0: <\/strong>Bain-moussant: contenance 480ml<\/li>\n<li><strong><strong>Composition : \u00a0<\/strong><\/strong>Bain-moussant : Aqua, Sodium Lauroyl Sarcosinate, Cocamidopropyl Betaine, Sodium Cocoamphoacetate, Sodium Lauryl Sulfoacetate, Glycerin, Hydroxyacetophenone, Aloe Barbadensis Leaf Juice, Parfum, Glyceryl Laurate, Sodium Chloride, Dehydroacetic Acid, Argania Spinosa (Argan) Kernel Oil, Benzyl Alcohol.<\/li>\n<li>Fabriqu\u00e9 au Royaume-Uni<\/li>\n<\/ul>","protected":false},"excerpt":{"rendered":"<div>\n<p style=\"font-weight: 400;\">Emball\u00e9s dans un joli flacon en verre bleu et d\u00e9cor\u00e9s d&rsquo;une \u00e9tiquette illustr\u00e9e par l&rsquo;artiste britannique Charlotte Farmer, pour des bains relaxants et parfum\u00e9s.<\/p>\n<p style=\"font-weight: 400;\">Une simple cuiller\u00e9e \u00a0de sels ou quelques gouttes de gel moussant dans un bain chaud suffisent \u00e0 faire fondre le stress.<\/p>\n<p style=\"font-weight: 400;\">Ils constituent \u00e9galement un excellent cadeau pour tous ceux qui veulent offrir des moments de d\u00e9tente.<\/p>\n<\/div>\n<div>\n<p><strong>Existe dans 2 parfums : M\u00e9diterran\u00e9e et Seaweed<\/strong><\/p>\n<\/div>","protected":false},"featured_media":142302,"template":"","meta":{"site-sidebar-layout":"default","site-content-layout":"","ast-site-content-layout":"default","site-content-style":"default","site-sidebar-style":"default","ast-global-header-display":"","ast-banner-title-visibility":"","ast-main-header-display":"","ast-hfb-above-header-display":"","ast-hfb-below-header-display":"","ast-hfb-mobile-header-display":"","site-post-title":"","ast-breadcrumbs-content":"","ast-featured-img":"","footer-sml-layout":"","ast-disable-related-posts":"","theme-transparent-header-meta":"default","adv-header-id-meta":"","stick-header-meta":"default","header-above-stick-meta":"","header-main-stick-meta":"","header-below-stick-meta":"","astra-migrate-meta-layouts":"set","ast-page-background-enabled":"default","ast-page-background-meta":{"desktop":{"background-color":"","background-image":"","background-repeat":"repeat","background-position":"center center","background-size":"auto","background-attachment":"scroll","background-type":"","background-media":"","overlay-type":"","overlay-color":"","overlay-opacity":"","overlay-gradient":""},"tablet":{"background-color":"","background-image":"","background-repeat":"repeat","background-position":"center center","background-size":"auto","background-attachment":"scroll","background-type":"","background-media":"","overlay-type":"","overlay-color":"","overlay-opacity":"","overlay-gradient":""},"mobile":{"background-color":"","background-image":"","background-repeat":"repeat","background-position":"center center","background-size":"auto","background-attachment":"scroll","background-type":"","background-media":"","overlay-type":"","overlay-color":"","overlay-opacity":"","overlay-gradient":""}},"ast-content-background-meta":{"desktop":{"background-color":"var(--ast-global-color-5)","background-image":"","background-repeat":"repeat","background-position":"center center","background-size":"auto","background-attachment":"scroll","background-type":"","background-media":"","overlay-type":"","overlay-color":"","overlay-opacity":"","overlay-gradient":""},"tablet":{"background-color":"var(--ast-global-color-5)","background-image":"","background-repeat":"repeat","background-position":"center center","background-size":"auto","background-attachment":"scroll","background-type":"","background-media":"","overlay-type":"","overlay-color":"","overlay-opacity":"","overlay-gradient":""},"mobile":{"background-color":"var(--ast-global-color-5)","background-image":"","background-repeat":"repeat","background-position":"center center","background-size":"auto","background-attachment":"scroll","background-type":"","background-media":"","overlay-type":"","overlay-color":"","overlay-opacity":"","overlay-gradient":""}}},"product_brand":[],"product_cat":[199,545,299,146,15,569],"product_tag":[],"class_list":{"0":"post-143035","1":"product","2":"type-product","3":"status-publish","4":"has-post-thumbnail","6":"product_cat-art-de-vivre","7":"product_cat-bien-etre","8":"product_cat-cadeaux","9":"product_cat-e-shop","10":"product_cat-non-classe","11":"product_cat-senteurs","12":"desktop-align-left","13":"tablet-align-left","14":"mobile-align-left","15":"ast-product-gallery-layout-horizontal","16":"ast-product-single-variable","17":"ast-qv-on-image","19":"first","20":"instock","21":"taxable","22":"shipping-taxable","23":"purchasable","24":"product-type-variable"},"_links":{"self":[{"href":"https:\/\/sentou.fr\/en\/wp-json\/wp\/v2\/product\/143035","targetHints":{"allow":["GET"]}}],"collection":[{"href":"https:\/\/sentou.fr\/en\/wp-json\/wp\/v2\/product"}],"about":[{"href":"https:\/\/sentou.fr\/en\/wp-json\/wp\/v2\/types\/product"}],"wp:featuredmedia":[{"embeddable":true,"href":"https:\/\/sentou.fr\/en\/wp-json\/wp\/v2\/media\/142302"}],"wp:attachment":[{"href":"https:\/\/sentou.fr\/en\/wp-json\/wp\/v2\/media?parent=143035"}],"wp:term":[{"taxonomy":"product_brand","embeddable":true,"href":"https:\/\/sentou.fr\/en\/wp-json\/wp\/v2\/product_brand?post=143035"},{"taxonomy":"product_cat","embeddable":true,"href":"https:\/\/sentou.fr\/en\/wp-json\/wp\/v2\/product_cat?post=143035"},{"taxonomy":"product_tag","embeddable":true,"href":"https:\/\/sentou.fr\/en\/wp-json\/wp\/v2\/product_tag?post=143035"}],"curies":[{"name":"wp","href":"https:\/\/api.w.org\/{rel}","templated":true}]}}