{"id":143548,"date":"2025-04-15T15:55:58","date_gmt":"2025-04-15T13:55:58","guid":{"rendered":"https:\/\/sentou.fr\/?post_type=product&#038;p=143548"},"modified":"2025-04-17T17:52:40","modified_gmt":"2025-04-17T15:52:40","slug":"fauteuil-butterfly-outdoor","status":"publish","type":"product","link":"https:\/\/sentou.fr\/en\/produit\/fauteuil-butterfly-outdoor\/","title":{"rendered":"FAUTEUIL BUTTERFLY OUTDOOR"},"content":{"rendered":"<ul>\n<li><strong>Toile:<\/strong> 100% Sunbrella Plus, amovible &#8211; 4 coloris Vert\/Bleu\/Gris Fonc\u00e9\/ Blanc Cass\u00e9<\/li>\n<li><span style=\"color: #000000;\"><strong>Structure <\/strong>:\u00a0 Acier massif diam\u00e8tre 12 mm &#8211; 2 coloris Noir\/Gris<\/span><\/li>\n<li><strong>Dimensions:<\/strong> Hauteur : 92cm \/ Largeur : 87cm \/ \u00a0Profondeur : 86cm<\/li>\n<li><strong>Weight:<\/strong> 12kg \/ tr\u00e8s bonne tenue au vent<\/li>\n<li><strong>Utilisation :<\/strong> OUTDOOR pour la structure et la housse tissu<\/li>\n<li><span style=\"font-size: 16px;\">Structure \u00e9quip\u00e9e de patins pour la prot\u00e9ger du sol<\/span><\/li>\n<li>Livr\u00e9 \u00e0 plat\/ \u00e0 monter avec notice<\/li>\n<\/ul>\n<p style=\"font-weight: 400;\">La structure est d\u2019une grande r\u00e9sistance, en acier trait\u00e9 de 12mm de diam\u00e8tre avec une finition zingu\u00e9e\/laqu\u00e9e, totalement adapt\u00e9e \u00e0 un usage ext\u00e9rieur. Vous pourrez laisser vos fauteuils \u00e0 l\u2019ext\u00e9rieur en toute s\u00e9r\u00e9nit\u00e9 tout l\u2019\u00e9t\u00e9, \u00e0 condition bien \u00e9videment de les rentrer en hiver. La structure est \u00e9quip\u00e9e d\u2019une housse en toile double couche 100% Sunbrella, ultra r\u00e9sistante aux UV et aux intemp\u00e9ries, ce tissu fabriqu\u00e9 en France, un mat\u00e9riau de grande qualit\u00e9 est garanti sur sa tenue de couleur pendant 5ans. Les housses sont faciles \u00e0 mettre et \u00e0 enlever, un syst\u00e8me de velcros cach\u00e9 dans les rabats garantit une bonne tenue notamment aux coups de vent. Un d\u00e9tail important : un \u0153illet m\u00e9tallique se trouve au milieu de l\u2019assise qui permet d\u2019\u00e9vacuer l&rsquo;eau de pluie ou la ros\u00e9e, ce qui acc\u00e9l\u00e8re le s\u00e9chage de la housse\u2026<\/p>\n<p style=\"font-weight: 400;\">Le poids total du fauteuil est de 12kg ce qui garantit une excellente tenue au vent.<\/p>","protected":false},"excerpt":{"rendered":"<p style=\"font-weight: 400;\">Il est temps de penser \u00e0 sa terrasse, \u00e0 son balcon, \u00e0 son jardin\u2026 et penser aux douces heures de farniente&#8230;<\/p>\n<p style=\"font-weight: 400;\">Alliant esth\u00e9tique et confort, l\u2019iconique Fauteuil Butterfly existe dans des dizaines de versions, des centaines de finitions et nous avons fait notre choix pour ce mod\u00e8le fabriqu\u00e9 en Su\u00e8de, de tr\u00e8s haute qualit\u00e9. Le studio de cr\u00e9ation CUERO a port\u00e9 une attention toute particuli\u00e8re au confort de leur version, principalement sur son assise et son dossier destin\u00e9s \u00e0 vous accueillir pour de longues heures de lectures, de siestes,\u2026mais aussi pour des moments de convivialit\u00e9\u2026<\/p>\n<p style=\"font-weight: 400;\">Fabriqu\u00e9 en Su\u00e8de &#8211; R\u00e9sistant \u00e0 l&rsquo;oxydation &#8211; Extra large &#8211; Grand confort &#8211; Tissu Sunbrella ultra r\u00e9sistant\/ Livr\u00e9 \u00e0 plat, \u00e0 monter tr\u00e8s facilement soi-m\u00eame avec notice<\/p>","protected":false},"featured_media":143591,"template":"","meta":{"site-sidebar-layout":"default","site-content-layout":"","ast-site-content-layout":"default","site-content-style":"default","site-sidebar-style":"default","ast-global-header-display":"","ast-banner-title-visibility":"","ast-main-header-display":"","ast-hfb-above-header-display":"","ast-hfb-below-header-display":"","ast-hfb-mobile-header-display":"","site-post-title":"","ast-breadcrumbs-content":"","ast-featured-img":"","footer-sml-layout":"","ast-disable-related-posts":"","theme-transparent-header-meta":"default","adv-header-id-meta":"","stick-header-meta":"default","header-above-stick-meta":"","header-main-stick-meta":"","header-below-stick-meta":"","astra-migrate-meta-layouts":"set","ast-page-background-enabled":"default","ast-page-background-meta":{"desktop":{"background-color":"","background-image":"","background-repeat":"repeat","background-position":"center center","background-size":"auto","background-attachment":"scroll","background-type":"","background-media":"","overlay-type":"","overlay-color":"","overlay-opacity":"","overlay-gradient":""},"tablet":{"background-color":"","background-image":"","background-repeat":"repeat","background-position":"center center","background-size":"auto","background-attachment":"scroll","background-type":"","background-media":"","overlay-type":"","overlay-color":"","overlay-opacity":"","overlay-gradient":""},"mobile":{"background-color":"","background-image":"","background-repeat":"repeat","background-position":"center center","background-size":"auto","background-attachment":"scroll","background-type":"","background-media":"","overlay-type":"","overlay-color":"","overlay-opacity":"","overlay-gradient":""}},"ast-content-background-meta":{"desktop":{"background-color":"var(--ast-global-color-5)","background-image":"","background-repeat":"repeat","background-position":"center center","background-size":"auto","background-attachment":"scroll","background-type":"","background-media":"","overlay-type":"","overlay-color":"","overlay-opacity":"","overlay-gradient":""},"tablet":{"background-color":"var(--ast-global-color-5)","background-image":"","background-repeat":"repeat","background-position":"center center","background-size":"auto","background-attachment":"scroll","background-type":"","background-media":"","overlay-type":"","overlay-color":"","overlay-opacity":"","overlay-gradient":""},"mobile":{"background-color":"var(--ast-global-color-5)","background-image":"","background-repeat":"repeat","background-position":"center center","background-size":"auto","background-attachment":"scroll","background-type":"","background-media":"","overlay-type":"","overlay-color":"","overlay-opacity":"","overlay-gradient":""}}},"product_brand":[],"product_cat":[299,573,146,18,15,89],"product_tag":[],"class_list":{"0":"post-143548","1":"product","2":"type-product","3":"status-publish","4":"has-post-thumbnail","6":"product_cat-cadeaux","7":"product_cat-design","8":"product_cat-e-shop","9":"product_cat-mobilier","10":"product_cat-non-classe","11":"product_cat-sieges","12":"desktop-align-left","13":"tablet-align-left","14":"mobile-align-left","15":"ast-product-gallery-layout-horizontal","16":"ast-product-single-variable","17":"ast-qv-on-image","19":"first","20":"instock","21":"taxable","22":"shipping-taxable","23":"purchasable","24":"product-type-variable"},"_links":{"self":[{"href":"https:\/\/sentou.fr\/en\/wp-json\/wp\/v2\/product\/143548","targetHints":{"allow":["GET"]}}],"collection":[{"href":"https:\/\/sentou.fr\/en\/wp-json\/wp\/v2\/product"}],"about":[{"href":"https:\/\/sentou.fr\/en\/wp-json\/wp\/v2\/types\/product"}],"wp:featuredmedia":[{"embeddable":true,"href":"https:\/\/sentou.fr\/en\/wp-json\/wp\/v2\/media\/143591"}],"wp:attachment":[{"href":"https:\/\/sentou.fr\/en\/wp-json\/wp\/v2\/media?parent=143548"}],"wp:term":[{"taxonomy":"product_brand","embeddable":true,"href":"https:\/\/sentou.fr\/en\/wp-json\/wp\/v2\/product_brand?post=143548"},{"taxonomy":"product_cat","embeddable":true,"href":"https:\/\/sentou.fr\/en\/wp-json\/wp\/v2\/product_cat?post=143548"},{"taxonomy":"product_tag","embeddable":true,"href":"https:\/\/sentou.fr\/en\/wp-json\/wp\/v2\/product_tag?post=143548"}],"curies":[{"name":"wp","href":"https:\/\/api.w.org\/{rel}","templated":true}]}}