{"id":144147,"date":"2025-12-01T17:06:25","date_gmt":"2025-12-01T15:06:25","guid":{"rendered":"https:\/\/sentou.fr\/?post_type=product&#038;p=144147"},"modified":"2025-12-01T18:30:28","modified_gmt":"2025-12-01T16:30:28","slug":"coral-abat-jour","status":"publish","type":"product","link":"https:\/\/sentou.fr\/en\/produit\/coral-abat-jour\/","title":{"rendered":"CORAL ABAT JOUR"},"content":{"rendered":"<p>Suspension vendue en kit \u00e0 assembler afin de r\u00e9duire l\u2019empreinte\u00a0carbone lors du transport. Bois de bambou issu de plantations\u00a0g\u00e9r\u00e9es durablement et rivets nylon.\u00a0Pour le grand mod\u00e8le, bois de pin et rivets inox, assemblage recommand\u00e9 par un professionnel (\u00d8 160 cm).<\/p>\n<p><strong>&gt; Cinq dimensions :<\/strong><\/p>\n<p>\u00d8 40 cm &#8211; \u00d8 60 cm &#8211; \u00d8 80 cm &#8211; \u00d8 100 cm<\/p>\n<p>\u00c9galement disponible en \u00d8 120 cm et\u00a0\u00d8 160 cm, nous contacter.<\/p>\n<p><strong>&gt; Couleurs :<\/strong><\/p>\n<p class=\"p4\">&#8211; Bois : Naturel sur les 2 faces<\/p>\n<p>&#8211; Bois naturel sur une face et couleur \u00a0sur l&rsquo;autre face: Rouge [Red], Vert citron, [Lime], Turquoise [Aqua], Orange [Orange], Blanc 1 face [White 1 side], Noir 1 face [Black 1 sides]. A l&rsquo;assemblage, la couleur peut \u00eatre plac\u00e9e \u00e0 l&rsquo;int\u00e9rieur ou \u00e0 l&rsquo;ext\u00e9rieur.<\/p>\n<p>&#8211; Bois naturel couleur teint\u00e9 sur les 2 faces \u00a0: Noir [Black 2 Sides] ou Blanc\u00a0\u00a0[White 2 Sides]<\/p>\n<p><strong>&gt; Syst\u00e8me \u00e9lectrique :<\/strong><\/p>\n<p>Douille E14 (\u00d8 40 cm) ou E27 (\u00d8 60 cm &#8211;\u00a0\u00d8 80 cm &#8211; \u00d8 100 cm &#8211; \u00d8 160 cm) et c\u00e2ble 2 m\u00e8tres.<\/p>\n<p>Ampoule max 100W non fournie.<\/p>\n","protected":false},"excerpt":{"rendered":"<p class=\"p1\">Suspension luminaire en bois de bambou aux finitions brut, color\u00e9 ou teint\u00e9. La lampe CORAL est con\u00e7ue et fabriqu\u00e9e dans les ateliers du designer en Nouvelle-Z\u00e9lande. L&rsquo;abat jour du lustre est vendu en kit \u00e0 assembler afin de r\u00e9duire l&#8217;empreinte carbone lors du transport.<\/p>\n<p><strong>Design David Trubridge<\/strong><\/p>","protected":false},"featured_media":144146,"template":"","meta":{"site-sidebar-layout":"default","site-content-layout":"","ast-site-content-layout":"default","site-content-style":"default","site-sidebar-style":"default","ast-global-header-display":"","ast-banner-title-visibility":"","ast-main-header-display":"","ast-hfb-above-header-display":"","ast-hfb-below-header-display":"","ast-hfb-mobile-header-display":"","site-post-title":"","ast-breadcrumbs-content":"","ast-featured-img":"","footer-sml-layout":"","ast-disable-related-posts":"","theme-transparent-header-meta":"default","adv-header-id-meta":"","stick-header-meta":"default","header-above-stick-meta":"","header-main-stick-meta":"","header-below-stick-meta":"","astra-migrate-meta-layouts":"set","ast-page-background-enabled":"default","ast-page-background-meta":{"desktop":{"background-color":"","background-image":"","background-repeat":"repeat","background-position":"center center","background-size":"auto","background-attachment":"scroll","background-type":"","background-media":"","overlay-type":"","overlay-color":"","overlay-opacity":"","overlay-gradient":""},"tablet":{"background-color":"","background-image":"","background-repeat":"repeat","background-position":"center center","background-size":"auto","background-attachment":"scroll","background-type":"","background-media":"","overlay-type":"","overlay-color":"","overlay-opacity":"","overlay-gradient":""},"mobile":{"background-color":"","background-image":"","background-repeat":"repeat","background-position":"center center","background-size":"auto","background-attachment":"scroll","background-type":"","background-media":"","overlay-type":"","overlay-color":"","overlay-opacity":"","overlay-gradient":""}},"ast-content-background-meta":{"desktop":{"background-color":"var(--ast-global-color-5)","background-image":"","background-repeat":"repeat","background-position":"center center","background-size":"auto","background-attachment":"scroll","background-type":"","background-media":"","overlay-type":"","overlay-color":"","overlay-opacity":"","overlay-gradient":""},"tablet":{"background-color":"var(--ast-global-color-5)","background-image":"","background-repeat":"repeat","background-position":"center center","background-size":"auto","background-attachment":"scroll","background-type":"","background-media":"","overlay-type":"","overlay-color":"","overlay-opacity":"","overlay-gradient":""},"mobile":{"background-color":"var(--ast-global-color-5)","background-image":"","background-repeat":"repeat","background-position":"center center","background-size":"auto","background-attachment":"scroll","background-type":"","background-media":"","overlay-type":"","overlay-color":"","overlay-opacity":"","overlay-gradient":""}}},"product_brand":[],"product_cat":[573,146,17,15,186],"product_tag":[],"class_list":{"0":"post-144147","1":"product","2":"type-product","3":"status-publish","4":"has-post-thumbnail","6":"product_cat-design","7":"product_cat-e-shop","8":"product_cat-luminaires","9":"product_cat-non-classe","10":"product_cat-suspensions","11":"desktop-align-left","12":"tablet-align-left","13":"mobile-align-left","14":"ast-product-gallery-layout-horizontal","15":"ast-product-single-variable","16":"ast-qv-on-image","18":"first","19":"instock","20":"taxable","21":"shipping-taxable","22":"purchasable","23":"product-type-variable"},"_links":{"self":[{"href":"https:\/\/sentou.fr\/en\/wp-json\/wp\/v2\/product\/144147","targetHints":{"allow":["GET"]}}],"collection":[{"href":"https:\/\/sentou.fr\/en\/wp-json\/wp\/v2\/product"}],"about":[{"href":"https:\/\/sentou.fr\/en\/wp-json\/wp\/v2\/types\/product"}],"wp:featuredmedia":[{"embeddable":true,"href":"https:\/\/sentou.fr\/en\/wp-json\/wp\/v2\/media\/144146"}],"wp:attachment":[{"href":"https:\/\/sentou.fr\/en\/wp-json\/wp\/v2\/media?parent=144147"}],"wp:term":[{"taxonomy":"product_brand","embeddable":true,"href":"https:\/\/sentou.fr\/en\/wp-json\/wp\/v2\/product_brand?post=144147"},{"taxonomy":"product_cat","embeddable":true,"href":"https:\/\/sentou.fr\/en\/wp-json\/wp\/v2\/product_cat?post=144147"},{"taxonomy":"product_tag","embeddable":true,"href":"https:\/\/sentou.fr\/en\/wp-json\/wp\/v2\/product_tag?post=144147"}],"curies":[{"name":"wp","href":"https:\/\/api.w.org\/{rel}","templated":true}]}}