{"id":144226,"date":"2025-12-03T15:21:43","date_gmt":"2025-12-03T13:21:43","guid":{"rendered":"https:\/\/sentou.fr\/?post_type=product&#038;p=144226"},"modified":"2025-12-14T14:24:09","modified_gmt":"2025-12-14T12:24:09","slug":"set-de-4-verres-shooter-topographic-yama","status":"publish","type":"product","link":"https:\/\/sentou.fr\/en\/produit\/set-de-4-verres-shooter-topographic-yama\/","title":{"rendered":"Set de 4 Verres shooter Topographic YAMA"},"content":{"rendered":"<div>\n<p><strong>Set de 4 verres assortis vendu dans un coffret carton<\/strong><\/p>\n<\/div>\n<div>\n<ul>\n<li><strong>Dimensions de chaque verre:<\/strong><span class=\"apple-converted-space\">\u00a0<\/span>Hauteur 6 cm x Diam\u00e8tre 5\/4 cm<\/li>\n<li><b style=\"font-style: inherit;\">Volume\u00a0:<\/b><span style=\"font-size: 16px;\"> 6,5 cl<\/span><\/li>\n<li><strong style=\"font-size: 16px;\">Finish\/material:<\/strong><span class=\"apple-converted-space\" style=\"font-size: 16px;\"><b>\u00a0<\/b><\/span><span style=\"font-size: 16px;\">100% verre cristallin \u2013 souffl\u00e9 artisanalement<\/span><\/li>\n<li><strong style=\"font-size: 16px;\">Colour:<\/strong><span class=\"apple-converted-space\" style=\"font-size: 16px;\">\u00a0<\/span><span style=\"font-size: 16px;\">clear glass<\/span><\/li>\n<\/ul>\n<\/div>","protected":false},"excerpt":{"rendered":"<p style=\"font-weight: 400;\">Au programme, 4 destinations dans un seul pack. Chaque verre \u00e0 shot a une capacit\u00e9 de 6.5 cl pour vous permettre de g\u00e9rer la quantit\u00e9 comme vous le voulez.<\/p>\n<p style=\"font-weight: 400;\">Succ\u00e8s garanti aupr\u00e8s des amateurs comme des \u00e9picuriens.<\/p>\n<p>Chaque fond de verre Yama est le moulage topographique en creux d&rsquo;un Mont prestigieux.<\/p>\n<p>Les verres \u00e0 shooter sont vendus par set de 4 Monts assortis<\/p>","protected":false},"featured_media":144231,"template":"","meta":{"site-sidebar-layout":"default","site-content-layout":"","ast-site-content-layout":"default","site-content-style":"default","site-sidebar-style":"default","ast-global-header-display":"","ast-banner-title-visibility":"","ast-main-header-display":"","ast-hfb-above-header-display":"","ast-hfb-below-header-display":"","ast-hfb-mobile-header-display":"","site-post-title":"","ast-breadcrumbs-content":"","ast-featured-img":"","footer-sml-layout":"","ast-disable-related-posts":"","theme-transparent-header-meta":"default","adv-header-id-meta":"","stick-header-meta":"default","header-above-stick-meta":"","header-main-stick-meta":"","header-below-stick-meta":"","astra-migrate-meta-layouts":"set","ast-page-background-enabled":"default","ast-page-background-meta":{"desktop":{"background-color":"","background-image":"","background-repeat":"repeat","background-position":"center center","background-size":"auto","background-attachment":"scroll","background-type":"","background-media":"","overlay-type":"","overlay-color":"","overlay-opacity":"","overlay-gradient":""},"tablet":{"background-color":"","background-image":"","background-repeat":"repeat","background-position":"center center","background-size":"auto","background-attachment":"scroll","background-type":"","background-media":"","overlay-type":"","overlay-color":"","overlay-opacity":"","overlay-gradient":""},"mobile":{"background-color":"","background-image":"","background-repeat":"repeat","background-position":"center center","background-size":"auto","background-attachment":"scroll","background-type":"","background-media":"","overlay-type":"","overlay-color":"","overlay-opacity":"","overlay-gradient":""}},"ast-content-background-meta":{"desktop":{"background-color":"var(--ast-global-color-5)","background-image":"","background-repeat":"repeat","background-position":"center center","background-size":"auto","background-attachment":"scroll","background-type":"","background-media":"","overlay-type":"","overlay-color":"","overlay-opacity":"","overlay-gradient":""},"tablet":{"background-color":"var(--ast-global-color-5)","background-image":"","background-repeat":"repeat","background-position":"center center","background-size":"auto","background-attachment":"scroll","background-type":"","background-media":"","overlay-type":"","overlay-color":"","overlay-opacity":"","overlay-gradient":""},"mobile":{"background-color":"var(--ast-global-color-5)","background-image":"","background-repeat":"repeat","background-position":"center center","background-size":"auto","background-attachment":"scroll","background-type":"","background-media":"","overlay-type":"","overlay-color":"","overlay-opacity":"","overlay-gradient":""}}},"product_brand":[],"product_cat":[26,299,146,15,87],"product_tag":[],"class_list":{"0":"post-144226","1":"product","2":"type-product","3":"status-publish","4":"has-post-thumbnail","6":"product_cat-art-de-la-table","7":"product_cat-cadeaux","8":"product_cat-e-shop","9":"product_cat-non-classe","10":"product_cat-vaisselle","11":"desktop-align-left","12":"tablet-align-left","13":"mobile-align-left","14":"ast-product-gallery-layout-horizontal","15":"ast-qv-on-image","17":"first","18":"instock","19":"taxable","20":"shipping-taxable","21":"purchasable","22":"product-type-simple"},"_links":{"self":[{"href":"https:\/\/sentou.fr\/en\/wp-json\/wp\/v2\/product\/144226","targetHints":{"allow":["GET"]}}],"collection":[{"href":"https:\/\/sentou.fr\/en\/wp-json\/wp\/v2\/product"}],"about":[{"href":"https:\/\/sentou.fr\/en\/wp-json\/wp\/v2\/types\/product"}],"wp:featuredmedia":[{"embeddable":true,"href":"https:\/\/sentou.fr\/en\/wp-json\/wp\/v2\/media\/144231"}],"wp:attachment":[{"href":"https:\/\/sentou.fr\/en\/wp-json\/wp\/v2\/media?parent=144226"}],"wp:term":[{"taxonomy":"product_brand","embeddable":true,"href":"https:\/\/sentou.fr\/en\/wp-json\/wp\/v2\/product_brand?post=144226"},{"taxonomy":"product_cat","embeddable":true,"href":"https:\/\/sentou.fr\/en\/wp-json\/wp\/v2\/product_cat?post=144226"},{"taxonomy":"product_tag","embeddable":true,"href":"https:\/\/sentou.fr\/en\/wp-json\/wp\/v2\/product_tag?post=144226"}],"curies":[{"name":"wp","href":"https:\/\/api.w.org\/{rel}","templated":true}]}}