{"id":144251,"date":"2025-12-04T18:53:49","date_gmt":"2025-12-04T16:53:49","guid":{"rendered":"https:\/\/sentou.fr\/?post_type=product&#038;p=144251"},"modified":"2025-12-13T11:05:59","modified_gmt":"2025-12-13T09:05:59","slug":"horloge-mach-2000","status":"publish","type":"product","link":"https:\/\/sentou.fr\/en\/produit\/horloge-mach-2000\/","title":{"rendered":"Horloge MACH 2000"},"content":{"rendered":"<h3>INFORMATIONS TECHNIQUES<\/h3>\n<ul>\n<li>Dimensions : largeur 31.5 cm x Hauteur 30 cm x Epaisseur 5.5 cm<\/li>\n<li>Poids : 900 grammes<\/li>\n<li>Mouvement \u00e0 quartz silencieux<\/li>\n<li>Affichage analogique<\/li>\n<li>3 aiguilles heures\/minutes\/secondes<\/li>\n<li>Deux aiguilles blanches &amp; trotteuse silencieuse jaune<\/li>\n<li>Cadran noir avec index b\u00e2tons<\/li>\n<li>2 sous-compteurs en marquage d\u00e9coratif<\/li>\n<li>Verre plat acrylique<\/li>\n<li>Mati\u00e8re de la bo\u00eete : polym\u00e8re thermoplastique \u201cABS\u201d (Acrylonitrile Butadi\u00e8ne Sytr\u00e8ne)<\/li>\n<li>Alimentation : 1 pile type AA (LR06) fournie<\/li>\n<li>2 years warranty<\/li>\n<\/ul>\n<hr \/>\n<p><strong>The 7 designers' adventure:<\/strong><\/p>\n<p>Claude Neuschwander, former Publicis and new general manager of Lip, called upon 7 designers: Roger Tallon, Rudolf Meyer, Marc Held, Michel Boyer, Isabelle Hebey, Michel Kinn and Jean Dinh Van, coming from different backgrounds and considered as the best of their time.<\/p>\n<p>They all participated in the 1975 collection, whose creations remain, even today, at the forefront of 20th century watch design.<\/p>","protected":false},"excerpt":{"rendered":"<h3>Quand le design r\u00e9invente le temps<\/h3>\n<p>En 1974, la maison LIP d\u00e9cide de r\u00e9volutionner son approche en confiant ses cr\u00e9ations \u00e0 sept designers issus d\u2019univers non horlogers.L\u2019objectif ? Insuffler un souffle nouveau \u00e0 ses collections, apr\u00e8s les bouleversements sociaux de 1973. C\u2019est ainsi qu\u2019en 1975, une collection audacieuse voit le jour, marquant un tournant d\u00e9cisif pour la marque. Parmi les mod\u00e8les visionnaires, une pi\u00e8ce devient iconique : le chronographe MACH 2000, sign\u00e9 par le c\u00e9l\u00e8bre designer Roger Tallon.<\/p>\n<p>Aujourd\u2019hui, en 2025, une nouvelle ic\u00f4ne voit le jour : une horloge murale inspir\u00e9e du design embl\u00e9matique de la t\u00eate de montre du chrono MACH 2000. Plus qu\u2019un simple instrument pour lire l\u2019heure, cette horloge transforme chaque espace en une galerie d\u2019art, offrant une touche d\u2019\u00e9l\u00e9gance et d\u2019originalit\u00e9 \u00e0 votre int\u00e9rieur.<\/p>\n<p>Laissez cette \u0153uvre unique apporter une dimension artistique \u00e0 votre quotidien. Avec LIP, le temps devient un v\u00e9ritable objet de design.<\/p>","protected":false},"featured_media":144254,"template":"","meta":{"site-sidebar-layout":"default","site-content-layout":"default","ast-site-content-layout":"default","site-content-style":"default","site-sidebar-style":"default","ast-global-header-display":"","ast-banner-title-visibility":"","ast-main-header-display":"","ast-hfb-above-header-display":"","ast-hfb-below-header-display":"","ast-hfb-mobile-header-display":"","site-post-title":"","ast-breadcrumbs-content":"","ast-featured-img":"","footer-sml-layout":"","ast-disable-related-posts":"","theme-transparent-header-meta":"default","adv-header-id-meta":"","stick-header-meta":"default","header-above-stick-meta":"","header-main-stick-meta":"","header-below-stick-meta":"","astra-migrate-meta-layouts":"set","ast-page-background-enabled":"default","ast-page-background-meta":{"desktop":{"background-color":"","background-image":"","background-repeat":"repeat","background-position":"center center","background-size":"auto","background-attachment":"scroll","background-type":"","background-media":"","overlay-type":"","overlay-color":"","overlay-opacity":"","overlay-gradient":""},"tablet":{"background-color":"","background-image":"","background-repeat":"repeat","background-position":"center center","background-size":"auto","background-attachment":"scroll","background-type":"","background-media":"","overlay-type":"","overlay-color":"","overlay-opacity":"","overlay-gradient":""},"mobile":{"background-color":"","background-image":"","background-repeat":"repeat","background-position":"center center","background-size":"auto","background-attachment":"scroll","background-type":"","background-media":"","overlay-type":"","overlay-color":"","overlay-opacity":"","overlay-gradient":""}},"ast-content-background-meta":{"desktop":{"background-color":"var(--ast-global-color-5)","background-image":"","background-repeat":"repeat","background-position":"center center","background-size":"auto","background-attachment":"scroll","background-type":"","background-media":"","overlay-type":"","overlay-color":"","overlay-opacity":"","overlay-gradient":""},"tablet":{"background-color":"var(--ast-global-color-5)","background-image":"","background-repeat":"repeat","background-position":"center center","background-size":"auto","background-attachment":"scroll","background-type":"","background-media":"","overlay-type":"","overlay-color":"","overlay-opacity":"","overlay-gradient":""},"mobile":{"background-color":"var(--ast-global-color-5)","background-image":"","background-repeat":"repeat","background-position":"center center","background-size":"auto","background-attachment":"scroll","background-type":"","background-media":"","overlay-type":"","overlay-color":"","overlay-opacity":"","overlay-gradient":""}}},"product_brand":[],"product_cat":[74,199,299,146,234],"product_tag":[209,57,221],"class_list":{"0":"post-144251","1":"product","2":"type-product","3":"status-publish","4":"has-post-thumbnail","6":"product_cat-roger-tallon","7":"product_cat-art-de-vivre","8":"product_cat-cadeaux","9":"product_cat-e-shop","10":"product_cat-montres","11":"product_tag-lip","12":"product_tag-mach-2000","13":"product_tag-roger-tallon","14":"desktop-align-left","15":"tablet-align-left","16":"mobile-align-left","17":"ast-product-gallery-layout-horizontal","18":"ast-qv-on-image","20":"first","21":"instock","22":"taxable","23":"shipping-taxable","24":"purchasable","25":"product-type-simple"},"_links":{"self":[{"href":"https:\/\/sentou.fr\/en\/wp-json\/wp\/v2\/product\/144251","targetHints":{"allow":["GET"]}}],"collection":[{"href":"https:\/\/sentou.fr\/en\/wp-json\/wp\/v2\/product"}],"about":[{"href":"https:\/\/sentou.fr\/en\/wp-json\/wp\/v2\/types\/product"}],"wp:featuredmedia":[{"embeddable":true,"href":"https:\/\/sentou.fr\/en\/wp-json\/wp\/v2\/media\/144254"}],"wp:attachment":[{"href":"https:\/\/sentou.fr\/en\/wp-json\/wp\/v2\/media?parent=144251"}],"wp:term":[{"taxonomy":"product_brand","embeddable":true,"href":"https:\/\/sentou.fr\/en\/wp-json\/wp\/v2\/product_brand?post=144251"},{"taxonomy":"product_cat","embeddable":true,"href":"https:\/\/sentou.fr\/en\/wp-json\/wp\/v2\/product_cat?post=144251"},{"taxonomy":"product_tag","embeddable":true,"href":"https:\/\/sentou.fr\/en\/wp-json\/wp\/v2\/product_tag?post=144251"}],"curies":[{"name":"wp","href":"https:\/\/api.w.org\/{rel}","templated":true}]}}