{"id":3688,"date":"2023-09-13T10:30:03","date_gmt":"2023-09-13T08:30:03","guid":{"rendered":"https:\/\/www.sentou2021.malibellule.com\/?post_type=product&#038;p=3688"},"modified":"2025-06-17T10:45:48","modified_gmt":"2025-06-17T08:45:48","slug":"cryptogamme-coffee-cup-set","status":"publish","type":"product","link":"https:\/\/sentou.fr\/en\/produit\/tasse-cryptogamme-set-de-2\/","title":{"rendered":"Cryptogamme coffee cup (set of 2)"},"content":{"rendered":"<ul>\n<li><span style=\"color: #000000;\"><strong style=\"font-weight: bold; color: #4f4f4f;\">Size:\u00a0<\/strong><\/span><span style=\"color: #000000;\">H 6,6 cm \/ \u00d8\u00a0<\/span><span style=\"color: #000000;\"> 6,4 cm<br style=\"color: #4f4f4f;\" \/><\/span><\/li>\n<li><span style=\"color: #000000;\"><strong style=\"font-weight: bold; color: #4f4f4f;\">Material :<\/strong><span style=\"color: #4f4f4f;\"> Porcelain, made in France.<\/span><\/span><\/li>\n<\/ul>","protected":false},"excerpt":{"rendered":"<p><span data-sheets-value=\"{&quot;1&quot;:2,&quot;2&quot;:&quot;La tasse Cryptogamme fait partie de la collection Art de la Table dessin\u00e9e par Roger Tallon en 1967, r\u00e9\u00e9dit\u00e9e par Sentou en 2016. \\nElle inspirera la collection de mobilier Cryptogamme imagin\u00e9e pour un projet de caf\u00e9t\u00e9ria du Grand Palais en 1969.\\nSign\u00e9e par Roger Tallon, cette tasse en porcelaine au format espresso est vendue \u00e0 l\\&quot;unit\u00e9.&quot;}\" data-sheets-userformat=\"{&quot;2&quot;:6723,&quot;3&quot;:{&quot;1&quot;:0},&quot;4&quot;:{&quot;1&quot;:2,&quot;2&quot;:16777215},&quot;9&quot;:0,&quot;12&quot;:0,&quot;14&quot;:{&quot;1&quot;:2,&quot;2&quot;:0},&quot;15&quot;:&quot;Roboto&quot;}\">Enjoy your espresso with style in this porcelain cup from the iconic Cryptogamme tableware collection designed by Roger Tallon in 1967 and reissued by Sentou in 2016 <\/span><\/p>\n<p><span data-sheets-value=\"{&quot;1&quot;:2,&quot;2&quot;:&quot;La tasse Cryptogamme fait partie de la collection Art de la Table dessin\u00e9e par Roger Tallon en 1967, r\u00e9\u00e9dit\u00e9e par Sentou en 2016. \\nElle inspirera la collection de mobilier Cryptogamme imagin\u00e9e pour un projet de caf\u00e9t\u00e9ria du Grand Palais en 1969.\\nSign\u00e9e par Roger Tallon, cette tasse en porcelaine au format espresso est vendue \u00e0 l\\&quot;unit\u00e9.&quot;}\" data-sheets-userformat=\"{&quot;2&quot;:6723,&quot;3&quot;:{&quot;1&quot;:0},&quot;4&quot;:{&quot;1&quot;:2,&quot;2&quot;:16777215},&quot;9&quot;:0,&quot;12&quot;:0,&quot;14&quot;:{&quot;1&quot;:2,&quot;2&quot;:0},&quot;15&quot;:&quot;Roboto&quot;}\">Its silhouette inspired the Cryptogamme furniture collection Roger Tallon designed for a cafeteria project at the Grand Palais in 1969, including the Cryptogamme Stool.<\/span><\/p>\n<p><span data-sheets-value=\"{&quot;1&quot;:2,&quot;2&quot;:&quot;La tasse Cryptogamme fait partie de la collection Art de la Table dessin\u00e9e par Roger Tallon en 1967, r\u00e9\u00e9dit\u00e9e par Sentou en 2016. \\nElle inspirera la collection de mobilier Cryptogamme imagin\u00e9e pour un projet de caf\u00e9t\u00e9ria du Grand Palais en 1969.\\nSign\u00e9e par Roger Tallon, cette tasse en porcelaine au format espresso est vendue \u00e0 l\\&quot;unit\u00e9.&quot;}\" data-sheets-userformat=\"{&quot;2&quot;:6723,&quot;3&quot;:{&quot;1&quot;:0},&quot;4&quot;:{&quot;1&quot;:2,&quot;2&quot;:16777215},&quot;9&quot;:0,&quot;12&quot;:0,&quot;14&quot;:{&quot;1&quot;:2,&quot;2&quot;:0},&quot;15&quot;:&quot;Roboto&quot;}\">Signed by Roger Tallon, the Cryptogamme coffee cup is sold in sets of 2.<\/span><\/p>","protected":false},"featured_media":138964,"template":"","meta":{"site-sidebar-layout":"default","site-content-layout":"default","ast-site-content-layout":"default","site-content-style":"default","site-sidebar-style":"default","ast-global-header-display":"","ast-banner-title-visibility":"","ast-main-header-display":"","ast-hfb-above-header-display":"","ast-hfb-below-header-display":"","ast-hfb-mobile-header-display":"","site-post-title":"","ast-breadcrumbs-content":"","ast-featured-img":"","footer-sml-layout":"","ast-disable-related-posts":"","theme-transparent-header-meta":"default","adv-header-id-meta":"","stick-header-meta":"default","header-above-stick-meta":"","header-main-stick-meta":"","header-below-stick-meta":"","astra-migrate-meta-layouts":"set","ast-page-background-enabled":"default","ast-page-background-meta":{"desktop":{"background-color":"","background-image":"","background-repeat":"repeat","background-position":"center center","background-size":"auto","background-attachment":"scroll","background-type":"","background-media":"","overlay-type":"","overlay-color":"","overlay-opacity":"","overlay-gradient":""},"tablet":{"background-color":"","background-image":"","background-repeat":"repeat","background-position":"center center","background-size":"auto","background-attachment":"scroll","background-type":"","background-media":"","overlay-type":"","overlay-color":"","overlay-opacity":"","overlay-gradient":""},"mobile":{"background-color":"","background-image":"","background-repeat":"repeat","background-position":"center center","background-size":"auto","background-attachment":"scroll","background-type":"","background-media":"","overlay-type":"","overlay-color":"","overlay-opacity":"","overlay-gradient":""}},"ast-content-background-meta":{"desktop":{"background-color":"var(--ast-global-color-5)","background-image":"","background-repeat":"repeat","background-position":"center center","background-size":"auto","background-attachment":"scroll","background-type":"","background-media":"","overlay-type":"","overlay-color":"","overlay-opacity":"","overlay-gradient":""},"tablet":{"background-color":"var(--ast-global-color-5)","background-image":"","background-repeat":"repeat","background-position":"center center","background-size":"auto","background-attachment":"scroll","background-type":"","background-media":"","overlay-type":"","overlay-color":"","overlay-opacity":"","overlay-gradient":""},"mobile":{"background-color":"var(--ast-global-color-5)","background-image":"","background-repeat":"repeat","background-position":"center center","background-size":"auto","background-attachment":"scroll","background-type":"","background-media":"","overlay-type":"","overlay-color":"","overlay-opacity":"","overlay-gradient":""}}},"product_brand":[],"product_cat":[26,299,570,146,74,87],"product_tag":[206,221],"class_list":{"0":"post-3688","1":"product","2":"type-product","3":"status-publish","4":"has-post-thumbnail","6":"product_cat-art-de-la-table","7":"product_cat-cadeaux","8":"product_cat-collectors","9":"product_cat-e-shop","10":"product_cat-roger-tallon","11":"product_cat-vaisselle","12":"product_tag-cryptogamme","13":"product_tag-roger-tallon","14":"desktop-align-left","15":"tablet-align-left","16":"mobile-align-left","17":"ast-product-gallery-layout-horizontal","18":"ast-qv-on-image","20":"first","21":"outofstock","22":"taxable","23":"shipping-taxable","24":"purchasable","25":"product-type-simple"},"_links":{"self":[{"href":"https:\/\/sentou.fr\/en\/wp-json\/wp\/v2\/product\/3688","targetHints":{"allow":["GET"]}}],"collection":[{"href":"https:\/\/sentou.fr\/en\/wp-json\/wp\/v2\/product"}],"about":[{"href":"https:\/\/sentou.fr\/en\/wp-json\/wp\/v2\/types\/product"}],"wp:featuredmedia":[{"embeddable":true,"href":"https:\/\/sentou.fr\/en\/wp-json\/wp\/v2\/media\/138964"}],"wp:attachment":[{"href":"https:\/\/sentou.fr\/en\/wp-json\/wp\/v2\/media?parent=3688"}],"wp:term":[{"taxonomy":"product_brand","embeddable":true,"href":"https:\/\/sentou.fr\/en\/wp-json\/wp\/v2\/product_brand?post=3688"},{"taxonomy":"product_cat","embeddable":true,"href":"https:\/\/sentou.fr\/en\/wp-json\/wp\/v2\/product_cat?post=3688"},{"taxonomy":"product_tag","embeddable":true,"href":"https:\/\/sentou.fr\/en\/wp-json\/wp\/v2\/product_tag?post=3688"}],"curies":[{"name":"wp","href":"https:\/\/api.w.org\/{rel}","templated":true}]}}