{"id":3708,"date":"2021-08-07T13:10:29","date_gmt":"2021-08-07T11:10:29","guid":{"rendered":"https:\/\/www.sentou2021.malibellule.com\/?post_type=product&#038;p=3708"},"modified":"2025-08-14T17:33:56","modified_gmt":"2025-08-14T15:33:56","slug":"akari-9ad","status":"publish","type":"product","link":"https:\/\/sentou.fr\/en\/produit\/akari-9ad\/","title":{"rendered":"Akari 9AD"},"content":{"rendered":"<ul>\n<li><strong style=\"font-weight: bold; color: #4f4f4f;\">Size:<\/strong> L 46 x H 69 cm<\/li>\n<li><strong style=\"font-weight: bold; color: #4f4f4f;\">Designed in: <\/strong>1952<\/li>\n<li><strong style=\"font-weight: bold; color: #4f4f4f;\">Material:<\/strong> Screen-printed washi paper, bamboo ribbing and structure, metal frame.<\/li>\n<li><strong style=\"font-weight: bold; color: #4f4f4f;\">Further information :<\/strong> The AKARI 9AD is sold with an electrical wire kit and Type C EU plug (French standard) - E 27 socket.<\/li>\n<\/ul>\n<hr \/>\n<p>AKARI, which means light in Japanese, diffuses a soft and solar light.<\/p>\n<p>Isamu Noguchi liked to say that \"to create a home, all you need is a room, a tatami mat and an AKARI\".<\/p>\n<p>La collection de luminaires AKARI, dessin\u00e9e par Isamu Noguchi \u00e0 partir de 1952, est le fruit d\u2019un v\u00e9ritable travail artisanal perp\u00e9tu\u00e9 depuis le VIIe si\u00e8cle.<\/p>\n<p>Each Akari is handcrafted, beginning with the making of washi paper from the inner bark of the mulberry tree. The paper is then glued and shaped on a supple frame of Higo bamboo ribbing, creating a delicate but powerful lighting sculpture.<\/p>\n<p>The soft and warm glow of light casting through the paper transforms \u201cthe harshness of electricity back to the light of our origins \u2013 the sun \u2013 so that its warmth may continue to fill our rooms at night\u201d as explained by Noguchi himself.<\/p>","protected":false},"excerpt":{"rendered":"<p>The Akari 9AD lamp is part of the A series, the first series of models designed by Isamu Noguchi in the 1950s. It is the blue screen-printed version of the <a href=\"https:\/\/sentou.fr\/en\/product-2\/akari-9a\/\">Akari 9A<\/a>, one of the most iconic silhouettes in the Akari collection. Its shape modernises the traditional Japanese lanterns that inspired it.<\/p>\n<p>These tripod lights differ from the other AKARI lights in their structure: two bamboo rings hold the screen-printed washi paper on either side, for a more traditional design.<\/p>","protected":false},"featured_media":4890,"template":"","meta":{"site-sidebar-layout":"default","site-content-layout":"default","ast-site-content-layout":"default","site-content-style":"default","site-sidebar-style":"default","ast-global-header-display":"","ast-banner-title-visibility":"","ast-main-header-display":"","ast-hfb-above-header-display":"","ast-hfb-below-header-display":"","ast-hfb-mobile-header-display":"","site-post-title":"","ast-breadcrumbs-content":"","ast-featured-img":"","footer-sml-layout":"","ast-disable-related-posts":"","theme-transparent-header-meta":"default","adv-header-id-meta":"","stick-header-meta":"default","header-above-stick-meta":"","header-main-stick-meta":"","header-below-stick-meta":"","astra-migrate-meta-layouts":"set","ast-page-background-enabled":"default","ast-page-background-meta":{"desktop":{"background-color":"","background-image":"","background-repeat":"repeat","background-position":"center center","background-size":"auto","background-attachment":"scroll","background-type":"","background-media":"","overlay-type":"","overlay-color":"","overlay-opacity":"","overlay-gradient":""},"tablet":{"background-color":"","background-image":"","background-repeat":"repeat","background-position":"center center","background-size":"auto","background-attachment":"scroll","background-type":"","background-media":"","overlay-type":"","overlay-color":"","overlay-opacity":"","overlay-gradient":""},"mobile":{"background-color":"","background-image":"","background-repeat":"repeat","background-position":"center center","background-size":"auto","background-attachment":"scroll","background-type":"","background-media":"","overlay-type":"","overlay-color":"","overlay-opacity":"","overlay-gradient":""}},"ast-content-background-meta":{"desktop":{"background-color":"var(--ast-global-color-5)","background-image":"","background-repeat":"repeat","background-position":"center center","background-size":"auto","background-attachment":"scroll","background-type":"","background-media":"","overlay-type":"","overlay-color":"","overlay-opacity":"","overlay-gradient":""},"tablet":{"background-color":"var(--ast-global-color-5)","background-image":"","background-repeat":"repeat","background-position":"center center","background-size":"auto","background-attachment":"scroll","background-type":"","background-media":"","overlay-type":"","overlay-color":"","overlay-opacity":"","overlay-gradient":""},"mobile":{"background-color":"var(--ast-global-color-5)","background-image":"","background-repeat":"repeat","background-position":"center center","background-size":"auto","background-attachment":"scroll","background-type":"","background-media":"","overlay-type":"","overlay-color":"","overlay-opacity":"","overlay-gradient":""}}},"product_brand":[],"product_cat":[17,299,75,94],"product_tag":[197,220],"class_list":{"0":"post-3708","1":"product","2":"type-product","3":"status-publish","4":"has-post-thumbnail","6":"product_cat-luminaires","7":"product_cat-cadeaux","8":"product_cat-isamu-noguchi","9":"product_cat-lampes-a-poser","10":"product_tag-akari","11":"product_tag-isamu-noguchi","12":"desktop-align-left","13":"tablet-align-left","14":"mobile-align-left","15":"ast-product-gallery-layout-horizontal","16":"ast-qv-on-image","18":"first","19":"instock","20":"taxable","21":"shipping-taxable","22":"purchasable","23":"product-type-simple"},"_links":{"self":[{"href":"https:\/\/sentou.fr\/en\/wp-json\/wp\/v2\/product\/3708","targetHints":{"allow":["GET"]}}],"collection":[{"href":"https:\/\/sentou.fr\/en\/wp-json\/wp\/v2\/product"}],"about":[{"href":"https:\/\/sentou.fr\/en\/wp-json\/wp\/v2\/types\/product"}],"wp:featuredmedia":[{"embeddable":true,"href":"https:\/\/sentou.fr\/en\/wp-json\/wp\/v2\/media\/4890"}],"wp:attachment":[{"href":"https:\/\/sentou.fr\/en\/wp-json\/wp\/v2\/media?parent=3708"}],"wp:term":[{"taxonomy":"product_brand","embeddable":true,"href":"https:\/\/sentou.fr\/en\/wp-json\/wp\/v2\/product_brand?post=3708"},{"taxonomy":"product_cat","embeddable":true,"href":"https:\/\/sentou.fr\/en\/wp-json\/wp\/v2\/product_cat?post=3708"},{"taxonomy":"product_tag","embeddable":true,"href":"https:\/\/sentou.fr\/en\/wp-json\/wp\/v2\/product_tag?post=3708"}],"curies":[{"name":"wp","href":"https:\/\/api.w.org\/{rel}","templated":true}]}}