{"id":8172,"date":"2023-09-12T18:41:01","date_gmt":"2023-09-12T16:41:01","guid":{"rendered":"https:\/\/www.sentou2021.malibellule.com\/?post_type=product&#038;p=8172"},"modified":"2026-02-14T19:35:46","modified_gmt":"2026-02-14T17:35:46","slug":"akari-xp1","status":"publish","type":"product","link":"https:\/\/sentou.fr\/en\/produit\/akari-xp1\/","title":{"rendered":"Akari XP1"},"content":{"rendered":"<ul>\n<li><strong style=\"font-weight: bold; color: #4f4f4f;\">Size:<\/strong> L 22 x H 38 cm<\/li>\n<li><strong style=\"font-weight: bold; color: #4f4f4f;\">Material:<\/strong><span style=\"color: #4f4f4f;\"> <span style=\"color: #000000;\">Washi paper, bamboo ribbing and structure, metal frame.<\/span><\/span><\/li>\n<li><span style=\"color: #4f4f4f;\"><span style=\"caret-color: #4f4f4f;\"><b>Designed in: <\/b>1981<\/span><\/span><\/li>\n<li><span style=\"color: #4f4f4f;\"><span style=\"caret-color: #4f4f4f;\"><b>Further information: <\/b><\/span><\/span>The AKARI XP1 is sold with an electrical wire kit and Type C EU plug (French standard) - E 27 socket.<\/li>\n<\/ul>\n<hr \/>\n<p><span data-sheets-value=\"{&quot;1&quot;:2,&quot;2&quot;:&quot;Les sculptures lumineuses AKARI, mot qui signifie lumi\u00e8re en japonais, diffusent une lumi\u00e8re douce et solaire. nnLa lampe 1A est le tout premier mod\u00e8le imagin\u00e9 par Isamu Noguchi en 1951. Devenu une ic\u00f4ne du design depuis sa cr\u00e9ation, ce luminaire tripode \u00e0 la forme organique et intemporelle s'adapte \u00e0 tous les styles, pos\u00e9 au sol ou sur un meuble. nnIsamu Noguchi aimait \u00e0 dire que \u00ab pour se cr\u00e9er un chez-\u00adsoi, il suffit d\u2019une pi\u00e8ce, d\u2019un tatami et d\u2019une AKARI \u00bb. nnLa collection de luminaires AKARI, dessin\u00e9e par Isamu Noguchi \u00e0 partir de 1951 et inspir\u00e9e par les lanternes traditionnelles japonaises, est le fruit d\u2019un v\u00e9ritable travail artisanal perp\u00e9tu\u00e9 depuis le VIIe si\u00e8cle. Fabriqu\u00e9e artisanalement au Japon, dans le m\u00eame atelier depuis les ann\u00e9es 50, la collection AKARI est r\u00e9alis\u00e9e \u00e0 la main en papier Washi, fabriqu\u00e9 de mani\u00e8re traditionnelle \u00e0 partir de l\u2019\u00e9corce interne du m\u00fbrier. Le papier est ensuite coll\u00e9 \u00e0 la main sur une armature flexible en lamelles de bambou, qui lui donne cette allure si l\u00e9g\u00e8re et d\u00e9licate. nnConsid\u00e9r\u00e9 comme un talent universel, Isamu Noguchi marqua son \u0153uvre d\u2019un style sculptural vou\u00e9 \u00e0 un langage formel organique qui influencera durablement le design. La lampe AKARI 5AD est livr\u00e9e avec un montage \u00e9lectrique fran\u00e7ais.&quot;}\" data-sheets-userformat=\"{&quot;2&quot;:6659,&quot;3&quot;:{&quot;1&quot;:0},&quot;4&quot;:{&quot;1&quot;:2,&quot;2&quot;:16777215},&quot;12&quot;:0,&quot;14&quot;:{&quot;1&quot;:2,&quot;2&quot;:0},&quot;15&quot;:&quot;Roboto, RobotoDraft, Helvetica, Arial, sans-serif&quot;}\">AKARI, which means light in Japanese, diffuses a soft and solar light.<\/span><\/p>\n<p>Isamu Noguchi liked to say that \"to create a home, all you need is a room, a tatami mat and an AKARI\".<\/p>\n<p>Akari is a Japanese term meaning clarity and light as well as suggesting the notion of lightness.<\/p>\n<p><span data-sheets-value=\"{&quot;1&quot;:2,&quot;2&quot;:&quot;Les sculptures lumineuses AKARI, mot qui signifie lumi\u00e8re en japonais, diffusent une lumi\u00e8re douce et solaire. nnLa lampe 1A est le tout premier mod\u00e8le imagin\u00e9 par Isamu Noguchi en 1951. Devenu une ic\u00f4ne du design depuis sa cr\u00e9ation, ce luminaire tripode \u00e0 la forme organique et intemporelle s'adapte \u00e0 tous les styles, pos\u00e9 au sol ou sur un meuble. nnIsamu Noguchi aimait \u00e0 dire que \u00ab pour se cr\u00e9er un chez-\u00adsoi, il suffit d\u2019une pi\u00e8ce, d\u2019un tatami et d\u2019une AKARI \u00bb. nnLa collection de luminaires AKARI, dessin\u00e9e par Isamu Noguchi \u00e0 partir de 1951 et inspir\u00e9e par les lanternes traditionnelles japonaises, est le fruit d\u2019un v\u00e9ritable travail artisanal perp\u00e9tu\u00e9 depuis le VIIe si\u00e8cle. Fabriqu\u00e9e artisanalement au Japon, dans le m\u00eame atelier depuis les ann\u00e9es 50, la collection AKARI est r\u00e9alis\u00e9e \u00e0 la main en papier Washi, fabriqu\u00e9 de mani\u00e8re traditionnelle \u00e0 partir de l\u2019\u00e9corce interne du m\u00fbrier. Le papier est ensuite coll\u00e9 \u00e0 la main sur une armature flexible en lamelles de bambou, qui lui donne cette allure si l\u00e9g\u00e8re et d\u00e9licate. nnConsid\u00e9r\u00e9 comme un talent universel, Isamu Noguchi marqua son \u0153uvre d\u2019un style sculptural vou\u00e9 \u00e0 un langage formel organique qui influencera durablement le design. La lampe AKARI 5AD est livr\u00e9e avec un montage \u00e9lectrique fran\u00e7ais.&quot;}\" data-sheets-userformat=\"{&quot;2&quot;:6659,&quot;3&quot;:{&quot;1&quot;:0},&quot;4&quot;:{&quot;1&quot;:2,&quot;2&quot;:16777215},&quot;12&quot;:0,&quot;14&quot;:{&quot;1&quot;:2,&quot;2&quot;:0},&quot;15&quot;:&quot;Roboto, RobotoDraft, Helvetica, Arial, sans-serif&quot;}\">Each Akari is handcrafted, beginning with the making of washi paper from the inner bark of the mulberry tree. The paper is then glued and shaped on a supple frame of Higo bamboo ribbing, creating a delicate but powerful lighting sculpture.<\/span><\/p>\n<p>The soft and warm glow of light casting through the paper transforms \u201cthe harshness of electricity back to the light of our origins \u2013 the sun \u2013 so that its warmth may continue to fill our rooms at night\u201d as explained by Noguchi himself.<\/p>","protected":false},"excerpt":{"rendered":"<p>Created in 1981, the Akari XP1 table lamp lamp is one of the last models designed by Isamu Noguchi before the UF series.<\/p>\n<p>This model is the most simple of all: a paper cube on a metal frame, quite simply...<\/p>\n<p>Isamu Noguchi's Akari light sculptures are considered icons of 20th century modern design. Designed by Noguchi from 1952 and handmade for half a century by the original manufacturer in Gifu, Japan, these paper lanterns are the perfect combination of Japanese craftsmanship and modernist forms.<\/p>\n<p>The lamps are made from washi paper glued to a bamboo wire ribbing, supported by a thin metal frame.<\/p>","protected":false},"featured_media":139635,"template":"","meta":{"site-sidebar-layout":"default","site-content-layout":"default","ast-site-content-layout":"default","site-content-style":"default","site-sidebar-style":"default","ast-global-header-display":"","ast-banner-title-visibility":"","ast-main-header-display":"","ast-hfb-above-header-display":"","ast-hfb-below-header-display":"","ast-hfb-mobile-header-display":"","site-post-title":"","ast-breadcrumbs-content":"","ast-featured-img":"","footer-sml-layout":"","ast-disable-related-posts":"","theme-transparent-header-meta":"default","adv-header-id-meta":"","stick-header-meta":"default","header-above-stick-meta":"","header-main-stick-meta":"","header-below-stick-meta":"","astra-migrate-meta-layouts":"set","ast-page-background-enabled":"default","ast-page-background-meta":{"desktop":{"background-color":"","background-image":"","background-repeat":"repeat","background-position":"center center","background-size":"auto","background-attachment":"scroll","background-type":"","background-media":"","overlay-type":"","overlay-color":"","overlay-opacity":"","overlay-gradient":""},"tablet":{"background-color":"","background-image":"","background-repeat":"repeat","background-position":"center center","background-size":"auto","background-attachment":"scroll","background-type":"","background-media":"","overlay-type":"","overlay-color":"","overlay-opacity":"","overlay-gradient":""},"mobile":{"background-color":"","background-image":"","background-repeat":"repeat","background-position":"center center","background-size":"auto","background-attachment":"scroll","background-type":"","background-media":"","overlay-type":"","overlay-color":"","overlay-opacity":"","overlay-gradient":""}},"ast-content-background-meta":{"desktop":{"background-color":"var(--ast-global-color-5)","background-image":"","background-repeat":"repeat","background-position":"center center","background-size":"auto","background-attachment":"scroll","background-type":"","background-media":"","overlay-type":"","overlay-color":"","overlay-opacity":"","overlay-gradient":""},"tablet":{"background-color":"var(--ast-global-color-5)","background-image":"","background-repeat":"repeat","background-position":"center center","background-size":"auto","background-attachment":"scroll","background-type":"","background-media":"","overlay-type":"","overlay-color":"","overlay-opacity":"","overlay-gradient":""},"mobile":{"background-color":"var(--ast-global-color-5)","background-image":"","background-repeat":"repeat","background-position":"center center","background-size":"auto","background-attachment":"scroll","background-type":"","background-media":"","overlay-type":"","overlay-color":"","overlay-opacity":"","overlay-gradient":""}}},"product_brand":[],"product_cat":[17,299,75,94],"product_tag":[197,220],"class_list":{"0":"post-8172","1":"product","2":"type-product","3":"status-publish","4":"has-post-thumbnail","6":"product_cat-luminaires","7":"product_cat-cadeaux","8":"product_cat-isamu-noguchi","9":"product_cat-lampes-a-poser","10":"product_tag-akari","11":"product_tag-isamu-noguchi","12":"desktop-align-left","13":"tablet-align-left","14":"mobile-align-left","15":"ast-product-gallery-layout-horizontal","16":"ast-qv-on-image","18":"first","19":"instock","20":"taxable","21":"shipping-taxable","22":"purchasable","23":"product-type-simple"},"_links":{"self":[{"href":"https:\/\/sentou.fr\/en\/wp-json\/wp\/v2\/product\/8172","targetHints":{"allow":["GET"]}}],"collection":[{"href":"https:\/\/sentou.fr\/en\/wp-json\/wp\/v2\/product"}],"about":[{"href":"https:\/\/sentou.fr\/en\/wp-json\/wp\/v2\/types\/product"}],"wp:featuredmedia":[{"embeddable":true,"href":"https:\/\/sentou.fr\/en\/wp-json\/wp\/v2\/media\/139635"}],"wp:attachment":[{"href":"https:\/\/sentou.fr\/en\/wp-json\/wp\/v2\/media?parent=8172"}],"wp:term":[{"taxonomy":"product_brand","embeddable":true,"href":"https:\/\/sentou.fr\/en\/wp-json\/wp\/v2\/product_brand?post=8172"},{"taxonomy":"product_cat","embeddable":true,"href":"https:\/\/sentou.fr\/en\/wp-json\/wp\/v2\/product_cat?post=8172"},{"taxonomy":"product_tag","embeddable":true,"href":"https:\/\/sentou.fr\/en\/wp-json\/wp\/v2\/product_tag?post=8172"}],"curies":[{"name":"wp","href":"https:\/\/api.w.org\/{rel}","templated":true}]}}