{"id":8311,"date":"2025-12-04T17:47:51","date_gmt":"2025-12-04T15:47:51","guid":{"rendered":"https:\/\/www.sentou2021.malibellule.com\/?post_type=product&#038;p=8311"},"modified":"2025-12-22T12:41:12","modified_gmt":"2025-12-22T10:41:12","slug":"mach-2000-chronograph-multicoloured-metal-roger-tallon-lip","status":"publish","type":"product","link":"https:\/\/sentou.fr\/en\/produit\/montre-mach-2000-tallon-lip-multico\/","title":{"rendered":"Montre MACH 2000 Chrono multicolore bracelet cuir"},"content":{"rendered":"<p><strong>MACH 2000 CHRONOGRAPH <\/strong><strong>MEN'S WATCH<\/strong><\/p>\n<ul>\n<li><strong>Case:\u00a0<\/strong>steel 316 L brushed black, dimensions 42 mm X 40 mm, steel back case<\/li>\n<li><strong>Dial:\u00a0<\/strong>black with 2 counters, white indexes, white hour and minute hands, yellow chrono second hand, inner bezel with minute, date at 6 o'clock<\/li>\n<li><strong>Glass:\u00a0<\/strong>mineral<\/li>\n<li><strong>Strap: \u00a0<\/strong>cuir noir 20 mm<\/li>\n<li><strong>Buckle:\u00a0<\/strong>black steel cursor<\/li>\n<li><strong>Movement:\u00a0<\/strong>analog quartz Miyota OS21<\/li>\n<li><strong>Battery:\u00a0<\/strong>type 399<\/li>\n<li><strong>Waterproof:\u00a0<\/strong>50m<\/li>\n<li><strong>2 years warranty<\/strong><\/li>\n<li><strong>Made in France, Besan\u00e7on<\/strong><\/li>\n<\/ul>\n<hr \/>\n<p><strong>The 7 designers' adventure:<\/strong><\/p>\n<p>Claude Neuschwander, former Publicis and new general manager of Lip, called upon 7 designers: Roger Tallon, Rudolf Meyer, Marc Held, Michel Boyer, Isabelle Hebey, Michel Kinn and Jean Dinh Van, coming from different backgrounds and considered as the best of their time.<\/p>\n<p>They all participated in the 1975 collection, whose creations remain, even today, at the forefront of 20th century watch design.<\/p>","protected":false},"excerpt":{"rendered":"<p><strong>MEN'S WATCH<\/strong><\/p>\n<p>A true icon for all connoisseurs and design enthusiasts, the Mach 2000 watch created by Roger TALLON is striking in its shape and design.<\/p>\n<p>Called upon, along with six other designers, to revive the LIP brand after the social events of 1973, Roger Tallon imagined in 1975 a collection centred around ergonomics.<\/p>\n<p>Le mod\u00e8le MACH 2000 Chrono, ici en version multicolore avec bracelet cuir, est d\u00e9sormais Collector et depuis toujours l&rsquo;ic\u00f4ne de la collection LIP.<\/p>","protected":false},"featured_media":144249,"template":"","meta":{"site-sidebar-layout":"default","site-content-layout":"default","ast-site-content-layout":"default","site-content-style":"default","site-sidebar-style":"default","ast-global-header-display":"","ast-banner-title-visibility":"","ast-main-header-display":"","ast-hfb-above-header-display":"","ast-hfb-below-header-display":"","ast-hfb-mobile-header-display":"","site-post-title":"","ast-breadcrumbs-content":"","ast-featured-img":"","footer-sml-layout":"","ast-disable-related-posts":"","theme-transparent-header-meta":"default","adv-header-id-meta":"","stick-header-meta":"default","header-above-stick-meta":"","header-main-stick-meta":"","header-below-stick-meta":"","astra-migrate-meta-layouts":"set","ast-page-background-enabled":"default","ast-page-background-meta":{"desktop":{"background-color":"","background-image":"","background-repeat":"repeat","background-position":"center center","background-size":"auto","background-attachment":"scroll","background-type":"","background-media":"","overlay-type":"","overlay-color":"","overlay-opacity":"","overlay-gradient":""},"tablet":{"background-color":"","background-image":"","background-repeat":"repeat","background-position":"center center","background-size":"auto","background-attachment":"scroll","background-type":"","background-media":"","overlay-type":"","overlay-color":"","overlay-opacity":"","overlay-gradient":""},"mobile":{"background-color":"","background-image":"","background-repeat":"repeat","background-position":"center center","background-size":"auto","background-attachment":"scroll","background-type":"","background-media":"","overlay-type":"","overlay-color":"","overlay-opacity":"","overlay-gradient":""}},"ast-content-background-meta":{"desktop":{"background-color":"var(--ast-global-color-5)","background-image":"","background-repeat":"repeat","background-position":"center center","background-size":"auto","background-attachment":"scroll","background-type":"","background-media":"","overlay-type":"","overlay-color":"","overlay-opacity":"","overlay-gradient":""},"tablet":{"background-color":"var(--ast-global-color-5)","background-image":"","background-repeat":"repeat","background-position":"center center","background-size":"auto","background-attachment":"scroll","background-type":"","background-media":"","overlay-type":"","overlay-color":"","overlay-opacity":"","overlay-gradient":""},"mobile":{"background-color":"var(--ast-global-color-5)","background-image":"","background-repeat":"repeat","background-position":"center center","background-size":"auto","background-attachment":"scroll","background-type":"","background-media":"","overlay-type":"","overlay-color":"","overlay-opacity":"","overlay-gradient":""}}},"product_brand":[],"product_cat":[74,199,299,146,234],"product_tag":[209,57,221],"class_list":{"0":"post-8311","1":"product","2":"type-product","3":"status-publish","4":"has-post-thumbnail","6":"product_cat-roger-tallon","7":"product_cat-art-de-vivre","8":"product_cat-cadeaux","9":"product_cat-e-shop","10":"product_cat-montres","11":"product_tag-lip","12":"product_tag-mach-2000","13":"product_tag-roger-tallon","14":"desktop-align-left","15":"tablet-align-left","16":"mobile-align-left","17":"ast-product-gallery-layout-horizontal","18":"ast-qv-on-image","20":"first","21":"outofstock","22":"taxable","23":"shipping-taxable","24":"purchasable","25":"product-type-simple"},"_links":{"self":[{"href":"https:\/\/sentou.fr\/en\/wp-json\/wp\/v2\/product\/8311","targetHints":{"allow":["GET"]}}],"collection":[{"href":"https:\/\/sentou.fr\/en\/wp-json\/wp\/v2\/product"}],"about":[{"href":"https:\/\/sentou.fr\/en\/wp-json\/wp\/v2\/types\/product"}],"wp:featuredmedia":[{"embeddable":true,"href":"https:\/\/sentou.fr\/en\/wp-json\/wp\/v2\/media\/144249"}],"wp:attachment":[{"href":"https:\/\/sentou.fr\/en\/wp-json\/wp\/v2\/media?parent=8311"}],"wp:term":[{"taxonomy":"product_brand","embeddable":true,"href":"https:\/\/sentou.fr\/en\/wp-json\/wp\/v2\/product_brand?post=8311"},{"taxonomy":"product_cat","embeddable":true,"href":"https:\/\/sentou.fr\/en\/wp-json\/wp\/v2\/product_cat?post=8311"},{"taxonomy":"product_tag","embeddable":true,"href":"https:\/\/sentou.fr\/en\/wp-json\/wp\/v2\/product_tag?post=8311"}],"curies":[{"name":"wp","href":"https:\/\/api.w.org\/{rel}","templated":true}]}}