{"id":8810,"date":"2023-06-06T19:15:03","date_gmt":"2023-06-06T17:15:03","guid":{"rendered":"https:\/\/sentou.fr\/?post_type=product&#038;p=8810"},"modified":"2024-06-17T09:12:59","modified_gmt":"2024-06-17T07:12:59","slug":"ray-mobile-sculpture","status":"publish","type":"product","link":"https:\/\/sentou.fr\/en\/produit\/mobile-ray\/","title":{"rendered":"RAY mobile sculpture"},"content":{"rendered":"<ul>\n<li><strong>Size: <\/strong>L 63cm \u00a0x H 88 cm<\/li>\n<li><strong>Material: <\/strong>Aluminium shapes, stainless steel stem. Hand-painted with a water-based ecological enamel.<\/li>\n<li><strong>Colour:<\/strong> Black<\/li>\n<li><strong>Further information:<\/strong> <span data-sheets-value=\"{&quot;1&quot;:2,&quot;2&quot;:&quot;Usage r\u00e9serv\u00e9 \u00e0 l'int\u00e9rieur&quot;}\" data-sheets-userformat=\"{&quot;2&quot;:6659,&quot;3&quot;:{&quot;1&quot;:0},&quot;4&quot;:{&quot;1&quot;:2,&quot;2&quot;:16777215},&quot;12&quot;:0,&quot;14&quot;:{&quot;1&quot;:2,&quot;2&quot;:0},&quot;15&quot;:&quot;Roboto, RobotoDraft, Helvetica, Arial, sans-serif&quot;}\">Suitable for indoor use only<\/span><\/li>\n<\/ul>\n<hr \/>\n<p>It all started with a passion for hanging mobiles, Judit Benach started to create them for her own pleasure, first for her home, then for some friends. Little by little, this led to the creation of SOLITO MOBILES.<\/p>\n<p>Judit handcrafts her mobiles in Mallorca, Spain, influenced by the light of this Mediterranean island that she loves more than anything else, but also by the artistic heritage of the great multidisciplinary artists of the 20th century such as Alexander Calder, Joan Mir\u00f3 and his dominant colours, Malevich and his unprecedented geometry or the inventive design of Bruno Munari.<\/p>\n<p>&nbsp;<\/p>","protected":false},"excerpt":{"rendered":"<p>The RAY mobile is a tribute to Ray Eames who, in 1947, created the \"Dot Pattern\", a textile pattern of brilliant elegance and simplicity.<\/p>\n<p>This mobile is a tribute to one of the most influential women designers of the 20th century.<\/p>\n<p>SOLITO mobiles are handmade and carefully balanced one by one.<\/p>\n<p><strong>Size:<\/strong> Total width 63cm - Total height 88cm - one size and colour.<\/p>\n<p><strong>Colour:<\/strong>\u00a0 Black<\/p>\n<p><strong>Material:<\/strong> Aluminium shapes and stainless steel stem. Hand-painted with a water-based ecological enamel.<\/p>","protected":false},"featured_media":8648,"template":"","meta":{"site-sidebar-layout":"default","site-content-layout":"default","ast-site-content-layout":"default","site-content-style":"default","site-sidebar-style":"default","ast-global-header-display":"","ast-banner-title-visibility":"","ast-main-header-display":"","ast-hfb-above-header-display":"","ast-hfb-below-header-display":"","ast-hfb-mobile-header-display":"","site-post-title":"","ast-breadcrumbs-content":"","ast-featured-img":"","footer-sml-layout":"","ast-disable-related-posts":"","theme-transparent-header-meta":"default","adv-header-id-meta":"","stick-header-meta":"default","header-above-stick-meta":"","header-main-stick-meta":"","header-below-stick-meta":"","astra-migrate-meta-layouts":"set","ast-page-background-enabled":"default","ast-page-background-meta":{"desktop":{"background-color":"","background-image":"","background-repeat":"repeat","background-position":"center center","background-size":"auto","background-attachment":"scroll","background-type":"","background-media":"","overlay-type":"","overlay-color":"","overlay-opacity":"","overlay-gradient":""},"tablet":{"background-color":"","background-image":"","background-repeat":"repeat","background-position":"center center","background-size":"auto","background-attachment":"scroll","background-type":"","background-media":"","overlay-type":"","overlay-color":"","overlay-opacity":"","overlay-gradient":""},"mobile":{"background-color":"","background-image":"","background-repeat":"repeat","background-position":"center center","background-size":"auto","background-attachment":"scroll","background-type":"","background-media":"","overlay-type":"","overlay-color":"","overlay-opacity":"","overlay-gradient":""}},"ast-content-background-meta":{"desktop":{"background-color":"var(--ast-global-color-5)","background-image":"","background-repeat":"repeat","background-position":"center center","background-size":"auto","background-attachment":"scroll","background-type":"","background-media":"","overlay-type":"","overlay-color":"","overlay-opacity":"","overlay-gradient":""},"tablet":{"background-color":"var(--ast-global-color-5)","background-image":"","background-repeat":"repeat","background-position":"center center","background-size":"auto","background-attachment":"scroll","background-type":"","background-media":"","overlay-type":"","overlay-color":"","overlay-opacity":"","overlay-gradient":""},"mobile":{"background-color":"var(--ast-global-color-5)","background-image":"","background-repeat":"repeat","background-position":"center center","background-size":"auto","background-attachment":"scroll","background-type":"","background-media":"","overlay-type":"","overlay-color":"","overlay-opacity":"","overlay-gradient":""}}},"product_brand":[],"product_cat":[19,202,90],"product_tag":[224,208],"class_list":{"0":"post-8810","1":"product","2":"type-product","3":"status-publish","4":"has-post-thumbnail","6":"product_cat-deco","7":"product_cat-judit-benach","8":"product_cat-mobiles","9":"product_tag-judit-benach","10":"product_tag-solito-mobiles","11":"desktop-align-left","12":"tablet-align-left","13":"mobile-align-left","14":"ast-product-gallery-layout-horizontal","15":"ast-qv-on-image","17":"first","18":"instock","19":"taxable","20":"shipping-taxable","21":"purchasable","22":"product-type-simple"},"_links":{"self":[{"href":"https:\/\/sentou.fr\/en\/wp-json\/wp\/v2\/product\/8810","targetHints":{"allow":["GET"]}}],"collection":[{"href":"https:\/\/sentou.fr\/en\/wp-json\/wp\/v2\/product"}],"about":[{"href":"https:\/\/sentou.fr\/en\/wp-json\/wp\/v2\/types\/product"}],"wp:featuredmedia":[{"embeddable":true,"href":"https:\/\/sentou.fr\/en\/wp-json\/wp\/v2\/media\/8648"}],"wp:attachment":[{"href":"https:\/\/sentou.fr\/en\/wp-json\/wp\/v2\/media?parent=8810"}],"wp:term":[{"taxonomy":"product_brand","embeddable":true,"href":"https:\/\/sentou.fr\/en\/wp-json\/wp\/v2\/product_brand?post=8810"},{"taxonomy":"product_cat","embeddable":true,"href":"https:\/\/sentou.fr\/en\/wp-json\/wp\/v2\/product_cat?post=8810"},{"taxonomy":"product_tag","embeddable":true,"href":"https:\/\/sentou.fr\/en\/wp-json\/wp\/v2\/product_tag?post=8810"}],"curies":[{"name":"wp","href":"https:\/\/api.w.org\/{rel}","templated":true}]}}