{"id":8893,"date":"2023-09-10T17:48:20","date_gmt":"2023-09-10T15:48:20","guid":{"rendered":"https:\/\/sentou.fr\/?post_type=product&#038;p=8893"},"modified":"2025-08-06T09:25:45","modified_gmt":"2025-08-06T07:25:45","slug":"roger-tallon-book","status":"publish","type":"product","link":"https:\/\/sentou.fr\/en\/produit\/livre-roger-tallon\/","title":{"rendered":"Roger TALLON Le design en mouvement book"},"content":{"rendered":"<p>Under the direction of Dominique Forest, chief curator at the Mus\u00e9e des Arts D\u00e9coratifs in Paris, modern and contemporary department, and Fran\u00e7oise Jollant, design historian.<\/p>\n<p class=\"translation-block\"><strong>Authors:\u00a0<\/strong>Laurence Bartoletti, Marianne Brabant, Mathieu Flonneau, Dominique Forest, Raymond Guidot, Fran\u00e7oise Jollant, Aur\u00e9lien Lemonnier, Catherine Millet<\/p>\n<ul>\n<li><strong>Graphic design:<\/strong> H5<\/li>\n<li><strong>Publisher:\u00a0<\/strong>\u00a0Editions Les Arts D\u00e9coratifs<\/li>\n<li><strong>Language:<\/strong> French<\/li>\n<li><strong>Total pages:<\/strong>\u00a0280<\/li>\n<li><strong>Images:<\/strong>\u00a0280<\/li>\n<li><strong>Size:<\/strong>\u00a0<span style=\"font-size: 16px;\">21cm \u00a0x 28cm<\/span><\/li>\n<\/ul>","protected":false},"excerpt":{"rendered":"<p><strong>Roger TALLON Le design en mouvement book<\/strong><\/p>\n<p>A DESIGNER'S ITINERARY<\/p>\n<p>Based on the very rich archive of Roger Tallon kept at the Mus\u00e9e des Arts D\u00e9coratifs, this book presents in detail all his creations and is a reference work on the designer.<\/p>\n<p>Roger Tallon (1929-2011) was the first to apply methods resulting from American practices in the field of design in France.<\/p>\n<p>A pioneer of industrial design, he began by designing machine tools before devoting himself to objects. His projects are always characterised by a global approach that integrates the object into its visual environment.<br \/>\nIn the 1960s he was close to the New Realists (C\u00e9sar, Klein, Arman) and his interests were diverse: cinema, semiology, graphic design, the press (he designed the layout of the magazine Art Press).<\/p>\n<p>His production is considerable: furniture such as the TS chair and the Module 400 spiral staircase published by SENTOU, the 3T table service, the P111 portable television, watches for Lip, transistors, typewriters and projectors, as well as the visual identity of Fluoryl, ski boots for Salomon, petrol cans for Elf and bottles of sun oil for Bergasol...<\/p>\n<p>His important contribution to the renewal of transport is shown through his achievements for the SNCF and the RATP (the Corail train, the TGV and the Eurostar, the RER signage, the M\u00e9t\u00e9or metro, the Montmartre funicular), but also the Mexico City and Caracas metros, tramways and buses, and his projects for motorbikes and modular cars.<\/p>","protected":false},"featured_media":8863,"template":"","meta":{"site-sidebar-layout":"default","site-content-layout":"default","ast-site-content-layout":"default","site-content-style":"default","site-sidebar-style":"default","ast-global-header-display":"","ast-banner-title-visibility":"","ast-main-header-display":"","ast-hfb-above-header-display":"","ast-hfb-below-header-display":"","ast-hfb-mobile-header-display":"","site-post-title":"","ast-breadcrumbs-content":"","ast-featured-img":"","footer-sml-layout":"","ast-disable-related-posts":"","theme-transparent-header-meta":"default","adv-header-id-meta":"","stick-header-meta":"default","header-above-stick-meta":"","header-main-stick-meta":"","header-below-stick-meta":"","astra-migrate-meta-layouts":"set","ast-page-background-enabled":"default","ast-page-background-meta":{"desktop":{"background-color":"","background-image":"","background-repeat":"repeat","background-position":"center center","background-size":"auto","background-attachment":"scroll","background-type":"","background-media":"","overlay-type":"","overlay-color":"","overlay-opacity":"","overlay-gradient":""},"tablet":{"background-color":"","background-image":"","background-repeat":"repeat","background-position":"center center","background-size":"auto","background-attachment":"scroll","background-type":"","background-media":"","overlay-type":"","overlay-color":"","overlay-opacity":"","overlay-gradient":""},"mobile":{"background-color":"","background-image":"","background-repeat":"repeat","background-position":"center center","background-size":"auto","background-attachment":"scroll","background-type":"","background-media":"","overlay-type":"","overlay-color":"","overlay-opacity":"","overlay-gradient":""}},"ast-content-background-meta":{"desktop":{"background-color":"var(--ast-global-color-5)","background-image":"","background-repeat":"repeat","background-position":"center center","background-size":"auto","background-attachment":"scroll","background-type":"","background-media":"","overlay-type":"","overlay-color":"","overlay-opacity":"","overlay-gradient":""},"tablet":{"background-color":"var(--ast-global-color-5)","background-image":"","background-repeat":"repeat","background-position":"center center","background-size":"auto","background-attachment":"scroll","background-type":"","background-media":"","overlay-type":"","overlay-color":"","overlay-opacity":"","overlay-gradient":""},"mobile":{"background-color":"var(--ast-global-color-5)","background-image":"","background-repeat":"repeat","background-position":"center center","background-size":"auto","background-attachment":"scroll","background-type":"","background-media":"","overlay-type":"","overlay-color":"","overlay-opacity":"","overlay-gradient":""}}},"product_brand":[],"product_cat":[74,199,573,200],"product_tag":[221],"class_list":{"0":"post-8893","1":"product","2":"type-product","3":"status-publish","4":"has-post-thumbnail","6":"product_cat-roger-tallon","7":"product_cat-art-de-vivre","8":"product_cat-design","9":"product_cat-livres","10":"product_tag-roger-tallon","11":"desktop-align-left","12":"tablet-align-left","13":"mobile-align-left","14":"ast-product-gallery-layout-horizontal","15":"ast-qv-on-image","17":"first","18":"instock","19":"taxable","20":"shipping-taxable","21":"purchasable","22":"product-type-simple"},"_links":{"self":[{"href":"https:\/\/sentou.fr\/en\/wp-json\/wp\/v2\/product\/8893","targetHints":{"allow":["GET"]}}],"collection":[{"href":"https:\/\/sentou.fr\/en\/wp-json\/wp\/v2\/product"}],"about":[{"href":"https:\/\/sentou.fr\/en\/wp-json\/wp\/v2\/types\/product"}],"wp:featuredmedia":[{"embeddable":true,"href":"https:\/\/sentou.fr\/en\/wp-json\/wp\/v2\/media\/8863"}],"wp:attachment":[{"href":"https:\/\/sentou.fr\/en\/wp-json\/wp\/v2\/media?parent=8893"}],"wp:term":[{"taxonomy":"product_brand","embeddable":true,"href":"https:\/\/sentou.fr\/en\/wp-json\/wp\/v2\/product_brand?post=8893"},{"taxonomy":"product_cat","embeddable":true,"href":"https:\/\/sentou.fr\/en\/wp-json\/wp\/v2\/product_cat?post=8893"},{"taxonomy":"product_tag","embeddable":true,"href":"https:\/\/sentou.fr\/en\/wp-json\/wp\/v2\/product_tag?post=8893"}],"curies":[{"name":"wp","href":"https:\/\/api.w.org\/{rel}","templated":true}]}}