{"id":9500,"date":"2023-06-06T14:02:28","date_gmt":"2023-06-06T12:02:28","guid":{"rendered":"https:\/\/sentou.fr\/?post_type=product&#038;p=9500"},"modified":"2025-01-15T11:00:43","modified_gmt":"2025-01-15T09:00:43","slug":"akari-uf3-xn","status":"publish","type":"product","link":"https:\/\/sentou.fr\/en\/produit\/akari-uf3-xn\/","title":{"rendered":"Akari UF3-XN"},"content":{"rendered":"<ul>\n<li><strong style=\"font-weight: bold; color: #4f4f4f;\">Size:<\/strong><span style=\"color: #4f4f4f;\"> L 25 x H 145 cm<\/span><\/li>\n<li><strong style=\"font-weight: bold; color: #4f4f4f;\">Material:<\/strong><span style=\"color: #4f4f4f;\"> Washi paper, bamboo ribbing and structure, metal frame.<\/span><\/li>\n<li><strong style=\"font-weight: bold; color: #4f4f4f;\">Further information:<\/strong><span style=\"color: #4f4f4f;\"> AKARI UF3-XN is sold with an electrical wire kit and Type C EU plug (French standard) - E 27 socket.<\/span><\/li>\n<\/ul>\n<hr \/>\n<p>AKARI, which means light in Japanese, diffuses a soft and solar light.<\/p>\n<p>Isamu Noguchi liked to say that \"to create a home, all you need is a room, a tatami mat and an AKARI\".<\/p>\n<p>Akari is a Japanese term meaning clarity and light as well as suggesting the notion of lightness.<\/p>\n<p>Each Akari is handcrafted, beginning with the making of washi paper from the inner bark of the mulberry tree. The paper is then glued and shaped on a supple frame of Higo bamboo ribbing, creating a delicate but powerful lighting sculpture.<\/p>\n<p>The soft and warm glow of light casting through the paper transforms \u201cthe harshness of electricity back to the light of our origins \u2013 the sun \u2013 so that its warmth may continue to fill our rooms at night\u201d as explained by Noguchi himself.<\/p>","protected":false},"excerpt":{"rendered":"<p>Cr\u00e9\u00e9e en 1984, la lampe Akari UF3-XN fait partie de la s\u00e9rie UF inspir\u00e9e de la silhouette des OVNI (UFO, en anglais dans le texte). Ce lampadaire (dimensions : <span style=\"color: #4f4f4f;\">L 25 x H 145 cm) <\/span>existe aussi en format lampe \u00e0 poser, il s&rsquo;agit du mod\u00e8le <a href=\"https:\/\/sentou.fr\/en\/product-2\/akari-uf1-xn\/\">Akari UF1-XN<\/a>.<\/p>\n<p>Isamu Noguchi's Akari light sculptures are considered icons of 20th century modern design. Designed by Noguchi from 1952 and handmade for half a century by the original manufacturer in Gifu, Japan, these paper lanterns are the perfect combination of Japanese craftsmanship and modernist forms.<\/p>\n<p>The lamps are made from washi paper glued to a bamboo wire ribbing, supported by a thin metal frame.<\/p>","protected":false},"featured_media":9458,"template":"","meta":{"site-sidebar-layout":"default","site-content-layout":"default","ast-site-content-layout":"default","site-content-style":"default","site-sidebar-style":"default","ast-global-header-display":"","ast-banner-title-visibility":"","ast-main-header-display":"","ast-hfb-above-header-display":"","ast-hfb-below-header-display":"","ast-hfb-mobile-header-display":"","site-post-title":"","ast-breadcrumbs-content":"","ast-featured-img":"","footer-sml-layout":"","ast-disable-related-posts":"","theme-transparent-header-meta":"default","adv-header-id-meta":"","stick-header-meta":"default","header-above-stick-meta":"","header-main-stick-meta":"","header-below-stick-meta":"","astra-migrate-meta-layouts":"set","ast-page-background-enabled":"default","ast-page-background-meta":{"desktop":{"background-color":"","background-image":"","background-repeat":"repeat","background-position":"center center","background-size":"auto","background-attachment":"scroll","background-type":"","background-media":"","overlay-type":"","overlay-color":"","overlay-opacity":"","overlay-gradient":""},"tablet":{"background-color":"","background-image":"","background-repeat":"repeat","background-position":"center center","background-size":"auto","background-attachment":"scroll","background-type":"","background-media":"","overlay-type":"","overlay-color":"","overlay-opacity":"","overlay-gradient":""},"mobile":{"background-color":"","background-image":"","background-repeat":"repeat","background-position":"center center","background-size":"auto","background-attachment":"scroll","background-type":"","background-media":"","overlay-type":"","overlay-color":"","overlay-opacity":"","overlay-gradient":""}},"ast-content-background-meta":{"desktop":{"background-color":"var(--ast-global-color-5)","background-image":"","background-repeat":"repeat","background-position":"center center","background-size":"auto","background-attachment":"scroll","background-type":"","background-media":"","overlay-type":"","overlay-color":"","overlay-opacity":"","overlay-gradient":""},"tablet":{"background-color":"var(--ast-global-color-5)","background-image":"","background-repeat":"repeat","background-position":"center center","background-size":"auto","background-attachment":"scroll","background-type":"","background-media":"","overlay-type":"","overlay-color":"","overlay-opacity":"","overlay-gradient":""},"mobile":{"background-color":"var(--ast-global-color-5)","background-image":"","background-repeat":"repeat","background-position":"center center","background-size":"auto","background-attachment":"scroll","background-type":"","background-media":"","overlay-type":"","overlay-color":"","overlay-opacity":"","overlay-gradient":""}}},"product_brand":[],"product_cat":[17,75,93],"product_tag":[197,220],"class_list":{"0":"post-9500","1":"product","2":"type-product","3":"status-publish","4":"has-post-thumbnail","6":"product_cat-luminaires","7":"product_cat-isamu-noguchi","8":"product_cat-lampadaires","9":"product_tag-akari","10":"product_tag-isamu-noguchi","11":"desktop-align-left","12":"tablet-align-left","13":"mobile-align-left","14":"ast-product-gallery-layout-horizontal","15":"ast-qv-on-image","17":"first","18":"instock","19":"taxable","20":"shipping-taxable","21":"purchasable","22":"product-type-simple"},"_links":{"self":[{"href":"https:\/\/sentou.fr\/en\/wp-json\/wp\/v2\/product\/9500","targetHints":{"allow":["GET"]}}],"collection":[{"href":"https:\/\/sentou.fr\/en\/wp-json\/wp\/v2\/product"}],"about":[{"href":"https:\/\/sentou.fr\/en\/wp-json\/wp\/v2\/types\/product"}],"wp:featuredmedia":[{"embeddable":true,"href":"https:\/\/sentou.fr\/en\/wp-json\/wp\/v2\/media\/9458"}],"wp:attachment":[{"href":"https:\/\/sentou.fr\/en\/wp-json\/wp\/v2\/media?parent=9500"}],"wp:term":[{"taxonomy":"product_brand","embeddable":true,"href":"https:\/\/sentou.fr\/en\/wp-json\/wp\/v2\/product_brand?post=9500"},{"taxonomy":"product_cat","embeddable":true,"href":"https:\/\/sentou.fr\/en\/wp-json\/wp\/v2\/product_cat?post=9500"},{"taxonomy":"product_tag","embeddable":true,"href":"https:\/\/sentou.fr\/en\/wp-json\/wp\/v2\/product_tag?post=9500"}],"curies":[{"name":"wp","href":"https:\/\/api.w.org\/{rel}","templated":true}]}}